{"id":13124,"date":"2025-02-04T12:02:12","date_gmt":"2025-02-04T12:02:12","guid":{"rendered":"https:\/\/www.secretsofsardinia.com\/?page_id=13124"},"modified":"2025-02-04T12:26:27","modified_gmt":"2025-02-04T12:26:27","slug":"rundreisen-auf-sardinien-kleingruppen","status":"publish","type":"page","link":"https:\/\/www.secretsofsardinia.com\/de\/rundreisen-auf-sardinien-kleingruppen\/","title":{"rendered":"Rundreisen auf Sardinien"},"content":{"rendered":"<section class=\"l-section wpb_row height_small\"><div class=\"l-section-h i-cf\"><div class=\"g-cols vc_row via_flex valign_top type_default stacking_default\"><div class=\"vc_col-sm-12 wpb_column vc_column_container\"><div class=\"vc_column-inner\"><div class=\"wpb_wrapper\"><div class=\"wpb_text_column\"><div class=\"wpb_wrapper\"><h2 class=\"p1\"><span style=\"font-size: 16px;\"><b>Kleingruppenreisen Sardinien<\/b><\/span><\/h2>\n<p class=\"p1\">Entdecke die Trauminsel mit unseren Rundreisen auf Sardinien f\u00fcr 4-8 Personen. Genie\u00dfe eine einzigartige Reise, tauche in Kultur, Natur und Geschichte ein. Wir bieten ausgew\u00e4hlte Unterk\u00fcnfte, kulinarische Erlebnisse und pers\u00f6nliche Begegnungen. Erkunde Sardinien in einer kleinen Gruppe, begleitet von Experten.<\/p>\n<p>Buche noch heute eine der Rundreisen auf Sardinien.<\/p>\n<\/div><\/div><\/div><\/div><\/div><\/div><\/div><\/section><section class=\"l-section wpb_row height_small\"><div class=\"l-section-h i-cf\"><div class=\"g-cols vc_row via_flex valign_top type_default stacking_default\"><div class=\"vc_col-sm-12 wpb_column vc_column_container\"><div class=\"vc_column-inner\"><div class=\"wpb_wrapper\"><div class=\"w-grid us_grid type_grid layout_796 cols_2 preload_style_spinner with_css_animation ratio_4x3\" id=\"us_grid_1\" style=\"--columns:2;--gap:1.5rem;--item-ratio:0.75;\" data-filterable=\"true\"><style>@media (max-width:600px){#us_grid_1{--columns:1!important}}.layout_796 .w-grid-item-h{background:var(--color-content-bg);color:var(--color-content-text);border-radius:0.5rem;box-shadow:0 0.1rem 0.2rem rgba(0,0,0,0.1),0 0.33rem 1rem rgba(0,0,0,0.1);transition-duration:0.3s}.layout_796 .usg_product_field_3{transition-duration:0.3s;transform-origin:50% 50%;transform:scale(1) translate(0%,0%)}.layout_796 .w-grid-item-h:focus-within .usg_product_field_3,.layout_796 .w-grid-item-h:hover .usg_product_field_3{transform:scale(1) translate(0%,0%);opacity:1;color:#F8C611!important}.layout_796 .usg_post_title_1{color:#ffffff!important;text-align:center!important;font-weight:700!important;font-size:20px!important;line-height:22px!important;margin-bottom:0!important;padding-bottom:5px!important}.layout_796 .usg_product_field_3{color:#ffffff!important;text-align:center!important;font-weight:800!important;max-width:100px!important;min-width:100px!important;border-radius:5px!important;background:#283583!important;padding:5px 10px 5px 10px!important;border:1px solid #ffffff!important}.layout_796 .usg_vwrapper_1{width:100%!important;margin-top:30px!important;padding-top:10px!important;padding-bottom:10px!important;position:absolute!important;top:0!important;background:rgba(26,26,26,0.20)!important}.layout_796 .usg_post_custom_field_1{color:#ffffff!important;text-align:center!important;font-size:12px!important;line-height:18px!important}.layout_796 .usg_vwrapper_2{position:absolute!important;bottom:20px!important}.layout_796 .usg_vwrapper_3{height:200px!important}@media (min-width:1025px) and (max-width:1280px){.layout_796 .usg_product_field_3{color:#ffffff!important;text-align:center!important;font-weight:800!important}.layout_796 .usg_vwrapper_1{margin-top:30px!important;padding-top:10px!important;padding-bottom:10px!important}}@media (min-width:601px) and (max-width:1024px){.layout_796 .usg_product_field_3{color:#ffffff!important;text-align:center!important;font-weight:800!important}.layout_796 .usg_vwrapper_1{margin-top:30px!important;padding-top:10px!important;padding-bottom:10px!important}}@media (max-width:600px){.layout_796 .usg_product_field_3{color:#ffffff!important;text-align:center!important;font-weight:800!important;font-size:18px!important}.layout_796 .usg_vwrapper_1{margin-top:60px!important;padding-top:10px!important;padding-bottom:10px!important}}<\/style><div class=\"w-grid-list\">\t<article class=\"w-grid-item us_animate_fade size_1x1 post-13549 product type-product status-publish has-post-thumbnail product_cat-rundreisen-auf-sardinien first instock shipping-taxable purchasable product-type-simple\" data-id=\"13549\" style=\"animation-delay:0s\">\r\n\t\t<div class=\"w-grid-item-h\" style=\"background:url(https:\/\/www.secretsofsardinia.com\/wp-content\/uploads\/2026\/02\/rundreise-sardinien-intensiv.jpg) center\/cover no-repeat;\">\r\n\t\t\t\t\t\t<div class=\"w-vwrapper usg_vwrapper_3 align_center valign_middle\" style=\"--vwrapper-gap:0rem\"><div class=\"w-vwrapper usg_vwrapper_1 align_center valign_middle\"><h6 class=\"w-post-elm post_title usg_post_title_1 ombra has_text_color align_center woocommerce-loop-product__title color_link_inherit\"><a href=\"https:\/\/www.secretsofsardinia.com\/de\/tours\/rundreise-sardinien-intensiv\/\">Rundreise Sardinien Intensiv<\/a><\/h6><div class=\"w-post-elm post_custom_field usg_post_custom_field_1 has_text_color type_text sottotitolo color_link_inherit\"><span class=\"w-post-elm-value\">Erlebe Sardinien \u2013 Natur, Geschichte und Abenteuer in einer einzigartigen Reise!<\/span><\/div><\/div><div class=\"w-vwrapper usg_vwrapper_2 align_center valign_bottom\"><p class=\"w-post-elm product_field price usg_product_field_3 has_text_color\"><span class=\"woocommerce-Price-amount amount\"><bdi>980&nbsp;<span class=\"woocommerce-Price-currencySymbol\">&euro;<\/span><\/bdi><\/span><\/p><\/div><\/div>\t\t<\/div>\r\n\t\t\t<\/article>\r\n\t<article class=\"w-grid-item us_animate_fade size_1x1 post-12941 product type-product status-publish has-post-thumbnail product_cat-rundreisen-auf-sardinien  instock shipping-taxable purchasable product-type-simple\" data-id=\"12941\" style=\"animation-delay:0.1s\">\r\n\t\t<div class=\"w-grid-item-h\" style=\"background:url(https:\/\/www.secretsofsardinia.com\/wp-content\/uploads\/2025\/01\/roundtrip-hidden-treasures-sardinia-top.jpg) center\/cover no-repeat;\">\r\n\t\t\t\t\t\t<div class=\"w-vwrapper usg_vwrapper_3 align_center valign_middle\" style=\"--vwrapper-gap:0rem\"><div class=\"w-vwrapper usg_vwrapper_1 align_center valign_middle\"><h6 class=\"w-post-elm post_title usg_post_title_1 ombra has_text_color align_center woocommerce-loop-product__title color_link_inherit\"><a href=\"https:\/\/www.secretsofsardinia.com\/de\/tours\/rundreise-verborgene-schaetze-sardiniens\/\">Rundreise Verborgene Sch\u00e4tze Sardiniens<\/a><\/h6><div class=\"w-post-elm post_custom_field usg_post_custom_field_1 has_text_color type_text sottotitolo color_link_inherit\"><span class=\"w-post-elm-value\">Von der Halbinsel im S\u00fcdwesten bis zur Costa Smeralda<\/span><\/div><\/div><div class=\"w-vwrapper usg_vwrapper_2 align_center valign_bottom\"><p class=\"w-post-elm product_field price usg_product_field_3 has_text_color\"><span class=\"woocommerce-Price-amount amount\"><bdi>980&nbsp;<span class=\"woocommerce-Price-currencySymbol\">&euro;<\/span><\/bdi><\/span><\/p><\/div><\/div>\t\t<\/div>\r\n\t\t\t<\/article>\r\n\t<article class=\"w-grid-item us_animate_fade size_1x1 post-13002 product type-product status-publish has-post-thumbnail product_cat-rundreisen-auf-sardinien last instock shipping-taxable purchasable product-type-simple\" data-id=\"13002\" style=\"animation-delay:0.2s\">\r\n\t\t<div class=\"w-grid-item-h\" style=\"background:url(https:\/\/www.secretsofsardinia.com\/wp-content\/uploads\/2025\/01\/la-pelosa-scaled.jpeg) center\/cover no-repeat;\">\r\n\t\t\t\t\t\t<div class=\"w-vwrapper usg_vwrapper_3 align_center valign_middle\" style=\"--vwrapper-gap:0rem\"><div class=\"w-vwrapper usg_vwrapper_1 align_center valign_middle\"><h6 class=\"w-post-elm post_title usg_post_title_1 ombra has_text_color align_center woocommerce-loop-product__title color_link_inherit\"><a href=\"https:\/\/www.secretsofsardinia.com\/de\/tours\/sardinien-rundreisen-sardiniens-westkueste\/\">Sardiniens Spektakul\u00e4re Westk\u00fcste<\/a><\/h6><div class=\"w-post-elm post_custom_field usg_post_custom_field_1 has_text_color type_text sottotitolo color_link_inherit\"><span class=\"w-post-elm-value\">Von der Halbinsel Sant\u2019Antioco bis zur Asinara<\/span><\/div><\/div><div class=\"w-vwrapper usg_vwrapper_2 align_center valign_bottom\"><p class=\"w-post-elm product_field price usg_product_field_3 has_text_color\"><span class=\"woocommerce-Price-amount amount\"><bdi>980&nbsp;<span class=\"woocommerce-Price-currencySymbol\">&euro;<\/span><\/bdi><\/span><\/p><\/div><\/div>\t\t<\/div>\r\n\t\t\t<\/article>\r\n<\/div>\t<div class=\"w-grid-preloader\">\r\n\t\t<div class=\"g-preloader type_custom\">\r\n\t\t\t<div><img loading=\"lazy\" decoding=\"async\" width=\"45\" height=\"30\" src=\"https:\/\/www.secretsofsardinia.com\/wp-content\/uploads\/2021\/10\/logo-secretsofsardinia-white-copia.png\" class=\"attachment-medium size-medium\" alt=\"\" \/><\/div>\r\n\t\t<\/div>\r\n\t<\/div>\r\n\t\t<div class=\"w-grid-json hidden\" onclick='return {&quot;action&quot;:&quot;us_ajax_grid&quot;,&quot;infinite_scroll&quot;:0,&quot;max_num_pages&quot;:1,&quot;pagination&quot;:&quot;none&quot;,&quot;template_vars&quot;:{&quot;columns&quot;:&quot;2&quot;,&quot;exclude_items&quot;:&quot;none&quot;,&quot;img_size&quot;:&quot;default&quot;,&quot;ignore_items_size&quot;:0,&quot;items_layout&quot;:&quot;796&quot;,&quot;items_offset&quot;:&quot;1&quot;,&quot;load_animation&quot;:&quot;fade&quot;,&quot;overriding_link&quot;:&quot;%7B%22url%22%3A%22%22%7D&quot;,&quot;post_id&quot;:0,&quot;query_args&quot;:{&quot;post_type&quot;:[&quot;product&quot;],&quot;tax_query&quot;:[{&quot;taxonomy&quot;:&quot;product_cat&quot;,&quot;field&quot;:&quot;slug&quot;,&quot;terms&quot;:[&quot;rundreisen-auf-sardinien&quot;]},{&quot;taxonomy&quot;:&quot;product_visibility&quot;,&quot;field&quot;:&quot;slug&quot;,&quot;terms&quot;:[&quot;exclude-from-catalog&quot;],&quot;operator&quot;:&quot;NOT IN&quot;}],&quot;post_status&quot;:[&quot;publish&quot;,&quot;acf-disabled&quot;,&quot;complete&quot;,&quot;paid&quot;,&quot;confirmed&quot;,&quot;unpaid&quot;,&quot;pending-confirmation&quot;,&quot;cancelled&quot;],&quot;meta_query&quot;:[],&quot;posts_per_page&quot;:&quot;10&quot;},&quot;orderby_query_args&quot;:{&quot;orderby&quot;:&quot;RAND(1446131350)&quot;},&quot;type&quot;:&quot;grid&quot;,&quot;us_grid_post_type&quot;:&quot;product&quot;,&quot;us_grid_ajax_index&quot;:1,&quot;us_grid_filter_query_string&quot;:null,&quot;us_grid_index&quot;:1,&quot;page_args&quot;:[],&quot;lang&quot;:&quot;de&quot;}}'><\/div>\r\n\t<\/div><\/div><\/div><\/div><\/div><\/div><\/section>\n","protected":false},"excerpt":{"rendered":"Entdecke mit mir die atemberaubende Sardiniens Spektakul\u00e4re Westk\u00fcste auf einer siebent\u00e4gigen Reise, die speziell daf\u00fcr gestaltet ist, die Geheimnisse und Wunder dieser faszinierenden Region zu enth\u00fcllen. Vom kristallklaren Wasser des Mittelmeers bis hin zu den historischen Wundern, die in den steinernen Zeugnissen alter Zivilisationen verankert sind, verspricht diese Reise ein unvergessliches Erlebnis zu werden. Pack...","protected":false},"author":2,"featured_media":12988,"parent":0,"menu_order":0,"comment_status":"closed","ping_status":"closed","template":"","meta":{"_acf_changed":false,"footnotes":""},"class_list":["post-13124","page","type-page","status-publish","has-post-thumbnail","hentry"],"acf":[],"yoast_head":"<!-- This site is optimized with the Yoast SEO Premium plugin v27.0 (Yoast SEO v27.0) - https:\/\/yoast.com\/product\/yoast-seo-premium-wordpress\/ -->\n<title>Rundreisen auf Sardinien<\/title>\n<meta name=\"description\" content=\"Entdecke das authentische Sardinien mit unseren ma\u00dfgeschneiderten Rundreisen auf Sardinien f\u00fcr Kleingruppen von 4-8 Personen.\" \/>\n<meta name=\"robots\" content=\"index, follow, max-snippet:-1, max-image-preview:large, max-video-preview:-1\" \/>\n<link rel=\"canonical\" href=\"https:\/\/www.secretsofsardinia.com\/de\/rundreisen-auf-sardinien-kleingruppen\/\" \/>\n<meta property=\"og:locale\" content=\"de_DE\" \/>\n<meta property=\"og:type\" content=\"article\" \/>\n<meta property=\"og:title\" content=\"Rundreisen auf Sardinien\" \/>\n<meta property=\"og:url\" content=\"https:\/\/www.secretsofsardinia.com\/de\/rundreisen-auf-sardinien-kleingruppen\/\" \/>\n<meta property=\"og:site_name\" content=\"Secrets of Sardinia\" \/>\n<meta property=\"article:publisher\" content=\"https:\/\/www.facebook.com\/secretsofsardinia\" \/>\n<meta property=\"article:modified_time\" content=\"2025-02-04T12:26:27+00:00\" \/>\n<meta property=\"og:image\" content=\"https:\/\/www.secretsofsardinia.com\/wp-content\/uploads\/2025\/01\/roundtrip-hidden-treasures-sardinia.jpg\" \/>\n\t<meta property=\"og:image:width\" content=\"1600\" \/>\n\t<meta property=\"og:image:height\" content=\"1200\" \/>\n\t<meta property=\"og:image:type\" content=\"image\/jpeg\" \/>\n<meta name=\"twitter:card\" content=\"summary_large_image\" \/>\n<meta name=\"twitter:site\" content=\"@secretssardinia\" \/>\n<meta name=\"twitter:label1\" content=\"Gesch\u00e4tzte Lesezeit\" \/>\n\t<meta name=\"twitter:data1\" content=\"1\u00a0Minute\" \/>\n<script type=\"application\/ld+json\" class=\"yoast-schema-graph\">{\"@context\":\"https:\/\/schema.org\",\"@graph\":[{\"@type\":\"WebPage\",\"@id\":\"https:\/\/www.secretsofsardinia.com\/de\/rundreisen-auf-sardinien-kleingruppen\/\",\"url\":\"https:\/\/www.secretsofsardinia.com\/de\/rundreisen-auf-sardinien-kleingruppen\/\",\"name\":\"Rundreisen auf Sardinien\",\"isPartOf\":{\"@id\":\"https:\/\/www.secretsofsardinia.com\/de\/#website\"},\"primaryImageOfPage\":{\"@id\":\"https:\/\/www.secretsofsardinia.com\/de\/rundreisen-auf-sardinien-kleingruppen\/#primaryimage\"},\"image\":{\"@id\":\"https:\/\/www.secretsofsardinia.com\/de\/rundreisen-auf-sardinien-kleingruppen\/#primaryimage\"},\"thumbnailUrl\":\"https:\/\/www.secretsofsardinia.com\/wp-content\/uploads\/2025\/01\/roundtrip-hidden-treasures-sardinia.jpg\",\"datePublished\":\"2025-02-04T12:02:12+00:00\",\"dateModified\":\"2025-02-04T12:26:27+00:00\",\"description\":\"Entdecke das authentische Sardinien mit unseren ma\u00dfgeschneiderten Rundreisen auf Sardinien f\u00fcr Kleingruppen von 4-8 Personen.\",\"breadcrumb\":{\"@id\":\"https:\/\/www.secretsofsardinia.com\/de\/rundreisen-auf-sardinien-kleingruppen\/#breadcrumb\"},\"inLanguage\":\"de\",\"potentialAction\":[{\"@type\":\"ReadAction\",\"target\":[\"https:\/\/www.secretsofsardinia.com\/de\/rundreisen-auf-sardinien-kleingruppen\/\"]}]},{\"@type\":\"ImageObject\",\"inLanguage\":\"de\",\"@id\":\"https:\/\/www.secretsofsardinia.com\/de\/rundreisen-auf-sardinien-kleingruppen\/#primaryimage\",\"url\":\"https:\/\/www.secretsofsardinia.com\/wp-content\/uploads\/2025\/01\/roundtrip-hidden-treasures-sardinia.jpg\",\"contentUrl\":\"https:\/\/www.secretsofsardinia.com\/wp-content\/uploads\/2025\/01\/roundtrip-hidden-treasures-sardinia.jpg\",\"width\":1600,\"height\":1200,\"caption\":\"Rundreisen auf Sardinien\"},{\"@type\":\"BreadcrumbList\",\"@id\":\"https:\/\/www.secretsofsardinia.com\/de\/rundreisen-auf-sardinien-kleingruppen\/#breadcrumb\",\"itemListElement\":[{\"@type\":\"ListItem\",\"position\":1,\"name\":\"Home\",\"item\":\"https:\/\/www.secretsofsardinia.com\/de\/\"},{\"@type\":\"ListItem\",\"position\":2,\"name\":\"Rundreisen auf Sardinien\"}]},{\"@type\":\"WebSite\",\"@id\":\"https:\/\/www.secretsofsardinia.com\/de\/#website\",\"url\":\"https:\/\/www.secretsofsardinia.com\/de\/\",\"name\":\"Secrets of Sardinia\",\"description\":\"Tours in Sardinia from Cagliari\",\"publisher\":{\"@id\":\"https:\/\/www.secretsofsardinia.com\/de\/#organization\"},\"alternateName\":\"secretsofsardinia\",\"potentialAction\":[{\"@type\":\"SearchAction\",\"target\":{\"@type\":\"EntryPoint\",\"urlTemplate\":\"https:\/\/www.secretsofsardinia.com\/de\/?s={search_term_string}\"},\"query-input\":{\"@type\":\"PropertyValueSpecification\",\"valueRequired\":true,\"valueName\":\"search_term_string\"}}],\"inLanguage\":\"de\"},{\"@type\":\"Organization\",\"@id\":\"https:\/\/www.secretsofsardinia.com\/de\/#organization\",\"name\":\"Secrets of Sardinia\",\"alternateName\":\"secretsofsardinia\",\"url\":\"https:\/\/www.secretsofsardinia.com\/de\/\",\"logo\":{\"@type\":\"ImageObject\",\"inLanguage\":\"de\",\"@id\":\"https:\/\/www.secretsofsardinia.com\/de\/#\/schema\/logo\/image\/\",\"url\":\"https:\/\/www.secretsofsardinia.com\/wp-content\/uploads\/2026\/01\/logo-secretsofsardinia.jpg\",\"contentUrl\":\"https:\/\/www.secretsofsardinia.com\/wp-content\/uploads\/2026\/01\/logo-secretsofsardinia.jpg\",\"width\":696,\"height\":696,\"caption\":\"Secrets of Sardinia\"},\"image\":{\"@id\":\"https:\/\/www.secretsofsardinia.com\/de\/#\/schema\/logo\/image\/\"},\"sameAs\":[\"https:\/\/www.facebook.com\/secretsofsardinia\",\"https:\/\/x.com\/secretssardinia\",\"http:\/\/www.twitter.com\/secretsofsardinia\",\"https:\/\/it.pinterest.com\/sardiniasecrets\",\"https:\/\/www.tiktok.com\/@secretsofsardinia\",\"https:\/\/www.youtube.com\/channel\/UCqnaiBWYpXJbxyw6cE3unMA\"],\"description\":\"We organise Tours, Shore Excursions, Beach Tours and Roundtrips in Sardinia with start from Cagliari\",\"email\":\"info@secretsofsardinia.com\",\"telephone\":\"+393924114852\",\"legalName\":\"Secrets of Sardinia di Dirk Kastner\",\"foundingDate\":\"2011-01-16\",\"vatID\":\"IT-03483330928\",\"numberOfEmployees\":{\"@type\":\"QuantitativeValue\",\"minValue\":\"1\",\"maxValue\":\"10\"}}]}<\/script>\n<!-- \/ Yoast SEO Premium plugin. -->","yoast_head_json":{"title":"Rundreisen auf Sardinien","description":"Entdecke das authentische Sardinien mit unseren ma\u00dfgeschneiderten Rundreisen auf Sardinien f\u00fcr Kleingruppen von 4-8 Personen.","robots":{"index":"index","follow":"follow","max-snippet":"max-snippet:-1","max-image-preview":"max-image-preview:large","max-video-preview":"max-video-preview:-1"},"canonical":"https:\/\/www.secretsofsardinia.com\/de\/rundreisen-auf-sardinien-kleingruppen\/","og_locale":"de_DE","og_type":"article","og_title":"Rundreisen auf Sardinien","og_url":"https:\/\/www.secretsofsardinia.com\/de\/rundreisen-auf-sardinien-kleingruppen\/","og_site_name":"Secrets of Sardinia","article_publisher":"https:\/\/www.facebook.com\/secretsofsardinia","article_modified_time":"2025-02-04T12:26:27+00:00","og_image":[{"width":1600,"height":1200,"url":"https:\/\/www.secretsofsardinia.com\/wp-content\/uploads\/2025\/01\/roundtrip-hidden-treasures-sardinia.jpg","type":"image\/jpeg"}],"twitter_card":"summary_large_image","twitter_site":"@secretssardinia","twitter_misc":{"Gesch\u00e4tzte Lesezeit":"1\u00a0Minute"},"schema":{"@context":"https:\/\/schema.org","@graph":[{"@type":"WebPage","@id":"https:\/\/www.secretsofsardinia.com\/de\/rundreisen-auf-sardinien-kleingruppen\/","url":"https:\/\/www.secretsofsardinia.com\/de\/rundreisen-auf-sardinien-kleingruppen\/","name":"Rundreisen auf Sardinien","isPartOf":{"@id":"https:\/\/www.secretsofsardinia.com\/de\/#website"},"primaryImageOfPage":{"@id":"https:\/\/www.secretsofsardinia.com\/de\/rundreisen-auf-sardinien-kleingruppen\/#primaryimage"},"image":{"@id":"https:\/\/www.secretsofsardinia.com\/de\/rundreisen-auf-sardinien-kleingruppen\/#primaryimage"},"thumbnailUrl":"https:\/\/www.secretsofsardinia.com\/wp-content\/uploads\/2025\/01\/roundtrip-hidden-treasures-sardinia.jpg","datePublished":"2025-02-04T12:02:12+00:00","dateModified":"2025-02-04T12:26:27+00:00","description":"Entdecke das authentische Sardinien mit unseren ma\u00dfgeschneiderten Rundreisen auf Sardinien f\u00fcr Kleingruppen von 4-8 Personen.","breadcrumb":{"@id":"https:\/\/www.secretsofsardinia.com\/de\/rundreisen-auf-sardinien-kleingruppen\/#breadcrumb"},"inLanguage":"de","potentialAction":[{"@type":"ReadAction","target":["https:\/\/www.secretsofsardinia.com\/de\/rundreisen-auf-sardinien-kleingruppen\/"]}]},{"@type":"ImageObject","inLanguage":"de","@id":"https:\/\/www.secretsofsardinia.com\/de\/rundreisen-auf-sardinien-kleingruppen\/#primaryimage","url":"https:\/\/www.secretsofsardinia.com\/wp-content\/uploads\/2025\/01\/roundtrip-hidden-treasures-sardinia.jpg","contentUrl":"https:\/\/www.secretsofsardinia.com\/wp-content\/uploads\/2025\/01\/roundtrip-hidden-treasures-sardinia.jpg","width":1600,"height":1200,"caption":"Rundreisen auf Sardinien"},{"@type":"BreadcrumbList","@id":"https:\/\/www.secretsofsardinia.com\/de\/rundreisen-auf-sardinien-kleingruppen\/#breadcrumb","itemListElement":[{"@type":"ListItem","position":1,"name":"Home","item":"https:\/\/www.secretsofsardinia.com\/de\/"},{"@type":"ListItem","position":2,"name":"Rundreisen auf Sardinien"}]},{"@type":"WebSite","@id":"https:\/\/www.secretsofsardinia.com\/de\/#website","url":"https:\/\/www.secretsofsardinia.com\/de\/","name":"Secrets of Sardinia","description":"Tours in Sardinia from Cagliari","publisher":{"@id":"https:\/\/www.secretsofsardinia.com\/de\/#organization"},"alternateName":"secretsofsardinia","potentialAction":[{"@type":"SearchAction","target":{"@type":"EntryPoint","urlTemplate":"https:\/\/www.secretsofsardinia.com\/de\/?s={search_term_string}"},"query-input":{"@type":"PropertyValueSpecification","valueRequired":true,"valueName":"search_term_string"}}],"inLanguage":"de"},{"@type":"Organization","@id":"https:\/\/www.secretsofsardinia.com\/de\/#organization","name":"Secrets of Sardinia","alternateName":"secretsofsardinia","url":"https:\/\/www.secretsofsardinia.com\/de\/","logo":{"@type":"ImageObject","inLanguage":"de","@id":"https:\/\/www.secretsofsardinia.com\/de\/#\/schema\/logo\/image\/","url":"https:\/\/www.secretsofsardinia.com\/wp-content\/uploads\/2026\/01\/logo-secretsofsardinia.jpg","contentUrl":"https:\/\/www.secretsofsardinia.com\/wp-content\/uploads\/2026\/01\/logo-secretsofsardinia.jpg","width":696,"height":696,"caption":"Secrets of Sardinia"},"image":{"@id":"https:\/\/www.secretsofsardinia.com\/de\/#\/schema\/logo\/image\/"},"sameAs":["https:\/\/www.facebook.com\/secretsofsardinia","https:\/\/x.com\/secretssardinia","http:\/\/www.twitter.com\/secretsofsardinia","https:\/\/it.pinterest.com\/sardiniasecrets","https:\/\/www.tiktok.com\/@secretsofsardinia","https:\/\/www.youtube.com\/channel\/UCqnaiBWYpXJbxyw6cE3unMA"],"description":"We organise Tours, Shore Excursions, Beach Tours and Roundtrips in Sardinia with start from Cagliari","email":"info@secretsofsardinia.com","telephone":"+393924114852","legalName":"Secrets of Sardinia di Dirk Kastner","foundingDate":"2011-01-16","vatID":"IT-03483330928","numberOfEmployees":{"@type":"QuantitativeValue","minValue":"1","maxValue":"10"}}]}},"_links":{"self":[{"href":"https:\/\/www.secretsofsardinia.com\/de\/wp-json\/wp\/v2\/pages\/13124","targetHints":{"allow":["GET"]}}],"collection":[{"href":"https:\/\/www.secretsofsardinia.com\/de\/wp-json\/wp\/v2\/pages"}],"about":[{"href":"https:\/\/www.secretsofsardinia.com\/de\/wp-json\/wp\/v2\/types\/page"}],"author":[{"embeddable":true,"href":"https:\/\/www.secretsofsardinia.com\/de\/wp-json\/wp\/v2\/users\/2"}],"replies":[{"embeddable":true,"href":"https:\/\/www.secretsofsardinia.com\/de\/wp-json\/wp\/v2\/comments?post=13124"}],"version-history":[{"count":0,"href":"https:\/\/www.secretsofsardinia.com\/de\/wp-json\/wp\/v2\/pages\/13124\/revisions"}],"wp:featuredmedia":[{"embeddable":true,"href":"https:\/\/www.secretsofsardinia.com\/de\/wp-json\/wp\/v2\/media\/12988"}],"wp:attachment":[{"href":"https:\/\/www.secretsofsardinia.com\/de\/wp-json\/wp\/v2\/media?parent=13124"}],"curies":[{"name":"wp","href":"https:\/\/api.w.org\/{rel}","templated":true}]}}