{"id":13618,"date":"2026-03-02T17:21:10","date_gmt":"2026-03-02T17:21:10","guid":{"rendered":"https:\/\/www.secretsofsardinia.com\/?page_id=13618"},"modified":"2026-03-04T18:07:39","modified_gmt":"2026-03-04T18:07:39","slug":"info-point-cagliari","status":"publish","type":"page","link":"https:\/\/www.secretsofsardinia.com\/de\/info-point-cagliari\/","title":{"rendered":"Info Point Cagliari"},"content":{"rendered":"<section class=\"l-section wpb_row height_small\"><div class=\"l-section-h i-cf\"><div class=\"g-cols vc_row via_flex valign_top type_default stacking_default\"><div class=\"vc_col-sm-12 wpb_column vc_column_container\"><div class=\"vc_column-inner\"><div class=\"wpb_wrapper\"><div class=\"w-separator size_medium\"><\/div><div class=\"w-grid us_post_list type_grid layout_12720 cols_4 pagination_load_on_scroll preload_style_spinner ratio_4x3\" id=\"us_post_list_nf18\" style=\"--columns:4;--gap:1.5rem;--item-ratio:0.75;\"><style>@media (max-width:1024px){#us_post_list_nf18{--columns:2!important}}@media (max-width:600px){#us_post_list_nf18{--columns:1!important}}.layout_12720 .w-grid-item-h{background:var(--color-content-bg);color:var(--color-content-text);border-radius:0.5rem;box-shadow:0 0.1rem 0.2rem rgba(0,0,0,0.1),0 0.33rem 1rem rgba(0,0,0,0.1);transition-duration:0.3s}.layout_12720 .usg_product_field_3{}.layout_12720 .w-grid-item-h:focus-within .usg_product_field_3,.layout_12720 .w-grid-item-h:hover .usg_product_field_3{color:#F8C611!important}.layout_12720 .usg_post_title_1{color:#ffffff!important;text-align:center!important;font-weight:700!important;font-size:20px!important;line-height:22px!important;margin-bottom:0!important;padding-bottom:5px!important}.layout_12720 .usg_product_field_3{color:#ffffff!important;text-align:center!important;font-weight:800!important;max-width:100px!important;min-width:100px!important;border-radius:5px!important;background:#283583!important;padding:5px 10px 5px 10px!important;border:1px solid #ffffff!important}.layout_12720 .usg_vwrapper_1{width:100%!important;margin-top:30px!important;padding-top:10px!important;padding-bottom:10px!important;position:absolute!important;top:0!important;background:rgba(26,26,26,0.20)!important}.layout_12720 .usg_post_custom_field_1{color:#ffffff!important;text-align:center!important;font-size:12px!important;line-height:18px!important}.layout_12720 .usg_vwrapper_2{position:absolute!important;bottom:20px!important}.layout_12720 .usg_vwrapper_3{height:200px!important}@media (min-width:1025px) and (max-width:1280px){.layout_12720 .usg_product_field_3{color:#ffffff!important;text-align:center!important;font-weight:800!important}.layout_12720 .usg_vwrapper_1{margin-top:30px!important;padding-top:10px!important;padding-bottom:10px!important}}@media (min-width:601px) and (max-width:1024px){.layout_12720 .usg_product_field_3{color:#ffffff!important;text-align:center!important;font-weight:800!important}.layout_12720 .usg_vwrapper_1{margin-top:30px!important;padding-top:10px!important;padding-bottom:10px!important}}@media (max-width:600px){.layout_12720 .usg_product_field_3{color:#ffffff!important;text-align:center!important;font-weight:800!important;font-size:18px!important}.layout_12720 .usg_vwrapper_1{margin-top:60px!important;padding-top:10px!important;padding-bottom:10px!important}}<\/style><div class=\"w-grid-list\">\t<article class=\"w-grid-item size_1x1 post-13283 post type-post status-publish format-standard has-post-thumbnail hentry category-aktivitaeten-ab-cagliari tag-cala-fighera tag-cala-sinzias tag-chia tag-mari-pintau tag-marina-rei tag-porto-giunco tag-porto-pino tag-punta-molentis tag-tuerredda tag-villasimius\" data-id=\"13283\">\r\n\t\t<div class=\"w-grid-item-h\" style=\"background:url(https:\/\/www.secretsofsardinia.com\/wp-content\/uploads\/2026\/03\/hidden-gems-1024x666.jpg) center\/cover no-repeat;\">\r\n\t\t\t\t\t\t<div class=\"w-vwrapper usg_vwrapper_3 align_center valign_middle\" style=\"--vwrapper-gap:0rem\"><div class=\"w-vwrapper usg_vwrapper_1 align_center valign_middle\"><h6 class=\"w-post-elm post_title usg_post_title_1 ombra has_text_color align_center entry-title color_link_inherit\"><a href=\"https:\/\/www.secretsofsardinia.com\/de\/versteckte-perlen-von-cagliari\/\">Versteckte Perlen von Cagliari<\/a><\/h6><div class=\"w-post-elm post_custom_field usg_post_custom_field_1 has_text_color type_text sottotitolo color_link_inherit\"><span class=\"w-post-elm-value\"><\/span><\/div><\/div><div class=\"w-vwrapper usg_vwrapper_2 align_center valign_bottom\"><\/div><\/div>\t\t<\/div>\r\n\t\t\t<\/article>\r\n\t<article class=\"w-grid-item size_1x1 post-13300 post type-post status-publish format-standard has-post-thumbnail hentry category-aktivitaeten-ab-cagliari\" data-id=\"13300\">\r\n\t\t<div class=\"w-grid-item-h\" style=\"background:url(https:\/\/www.secretsofsardinia.com\/wp-content\/uploads\/2026\/03\/frutti-di-mare-1024x768.jpg) center\/cover no-repeat;\">\r\n\t\t\t\t\t\t<div class=\"w-vwrapper usg_vwrapper_3 align_center valign_middle\" style=\"--vwrapper-gap:0rem\"><div class=\"w-vwrapper usg_vwrapper_1 align_center valign_middle\"><h6 class=\"w-post-elm post_title usg_post_title_1 ombra has_text_color align_center entry-title color_link_inherit\"><a href=\"https:\/\/www.secretsofsardinia.com\/de\/restaurants-in-cagliari\/\">Restaurants in Cagliari<\/a><\/h6><div class=\"w-post-elm post_custom_field usg_post_custom_field_1 has_text_color type_text sottotitolo color_link_inherit\"><span class=\"w-post-elm-value\"><\/span><\/div><\/div><div class=\"w-vwrapper usg_vwrapper_2 align_center valign_bottom\"><\/div><\/div>\t\t<\/div>\r\n\t\t\t<\/article>\r\n\t<article class=\"w-grid-item size_1x1 post-13309 post type-post status-publish format-standard has-post-thumbnail hentry category-wo-in-cagliari-essen tag-fregola-con-arselle tag-spanferkel\" data-id=\"13309\">\r\n\t\t<div class=\"w-grid-item-h\" style=\"background:url(https:\/\/www.secretsofsardinia.com\/wp-content\/uploads\/2025\/07\/sardinia-dishes-1024x768.jpg) center\/cover no-repeat;\">\r\n\t\t\t\t\t\t<div class=\"w-vwrapper usg_vwrapper_3 align_center valign_middle\" style=\"--vwrapper-gap:0rem\"><div class=\"w-vwrapper usg_vwrapper_1 align_center valign_middle\"><h6 class=\"w-post-elm post_title usg_post_title_1 ombra has_text_color align_center entry-title color_link_inherit\"><a href=\"https:\/\/www.secretsofsardinia.com\/de\/typische-sardische-gerichte\/\">Typische sardische Gerichte<\/a><\/h6><div class=\"w-post-elm post_custom_field usg_post_custom_field_1 has_text_color type_text sottotitolo color_link_inherit\"><span class=\"w-post-elm-value\"><\/span><\/div><\/div><div class=\"w-vwrapper usg_vwrapper_2 align_center valign_bottom\"><\/div><\/div>\t\t<\/div>\r\n\t\t\t<\/article>\r\n\t<article class=\"w-grid-item size_1x1 post-13318 post type-post status-publish format-standard has-post-thumbnail hentry category-wo-in-cagliari-essen tag-sardische-gerichte tag-sardische-weine\" data-id=\"13318\">\r\n\t\t<div class=\"w-grid-item-h\" style=\"background:url(https:\/\/www.secretsofsardinia.com\/wp-content\/uploads\/2025\/07\/wine-1024x655.jpg) center\/cover no-repeat;\">\r\n\t\t\t\t\t\t<div class=\"w-vwrapper usg_vwrapper_3 align_center valign_middle\" style=\"--vwrapper-gap:0rem\"><div class=\"w-vwrapper usg_vwrapper_1 align_center valign_middle\"><h6 class=\"w-post-elm post_title usg_post_title_1 ombra has_text_color align_center entry-title color_link_inherit\"><a href=\"https:\/\/www.secretsofsardinia.com\/de\/die-besten-sardischen-weine\/\">Die besten sardischen Weine<\/a><\/h6><div class=\"w-post-elm post_custom_field usg_post_custom_field_1 has_text_color type_text sottotitolo color_link_inherit\"><span class=\"w-post-elm-value\"><\/span><\/div><\/div><div class=\"w-vwrapper usg_vwrapper_2 align_center valign_bottom\"><\/div><\/div>\t\t<\/div>\r\n\t\t\t<\/article>\r\n\t<article class=\"w-grid-item size_1x1 post-13578 post type-post status-publish format-standard has-post-thumbnail hentry category-aktivitaeten-ab-cagliari category-kreuzfahrtschiff-ratgeber-ankerplatz-cagliari tag-kreuzfahrer tag-routen tag-was-tun-in-cagliari\" data-id=\"13578\">\r\n\t\t<div class=\"w-grid-item-h\" style=\"background:url(https:\/\/www.secretsofsardinia.com\/wp-content\/uploads\/2026\/03\/castello-cagliari-1024x768.jpg) center\/cover no-repeat;\">\r\n\t\t\t\t\t\t<div class=\"w-vwrapper usg_vwrapper_3 align_center valign_middle\" style=\"--vwrapper-gap:0rem\"><div class=\"w-vwrapper usg_vwrapper_1 align_center valign_middle\"><h6 class=\"w-post-elm post_title usg_post_title_1 ombra has_text_color align_center entry-title color_link_inherit\"><a href=\"https:\/\/www.secretsofsardinia.com\/de\/tour-durch-das-castello\/\">Tour durch das Castello<\/a><\/h6><div class=\"w-post-elm post_custom_field usg_post_custom_field_1 has_text_color type_text sottotitolo color_link_inherit\"><span class=\"w-post-elm-value\"><\/span><\/div><\/div><div class=\"w-vwrapper usg_vwrapper_2 align_center valign_bottom\"><\/div><\/div>\t\t<\/div>\r\n\t\t\t<\/article>\r\n\t<article class=\"w-grid-item size_1x1 post-13701 post type-post status-publish format-standard has-post-thumbnail hentry category-aktivitaeten-ab-cagliari tag-routen tag-sardische-gerichte tag-sardische-weine tag-was-tun-in-cagliari\" data-id=\"13701\">\r\n\t\t<div class=\"w-grid-item-h\" style=\"background:url(https:\/\/www.secretsofsardinia.com\/wp-content\/uploads\/2026\/03\/cruiseship-1024x768.jpg) center\/cover no-repeat;\">\r\n\t\t\t\t\t\t<div class=\"w-vwrapper usg_vwrapper_3 align_center valign_middle\" style=\"--vwrapper-gap:0rem\"><div class=\"w-vwrapper usg_vwrapper_1 align_center valign_middle\"><h6 class=\"w-post-elm post_title usg_post_title_1 ombra has_text_color align_center entry-title color_link_inherit\"><a href=\"https:\/\/www.secretsofsardinia.com\/de\/info-kreuzfahrer\/\">Info f\u00fcr Kreuzfahrer<\/a><\/h6><div class=\"w-post-elm post_custom_field usg_post_custom_field_1 has_text_color type_text sottotitolo color_link_inherit\"><span class=\"w-post-elm-value\"><\/span><\/div><\/div><div class=\"w-vwrapper usg_vwrapper_2 align_center valign_bottom\"><\/div><\/div>\t\t<\/div>\r\n\t\t\t<\/article>\r\n\t<article class=\"w-grid-item size_1x1 post-13732 post type-post status-publish format-standard has-post-thumbnail hentry category-aktivitaeten-ab-cagliari tag-was-tun-in-cagliari\" data-id=\"13732\">\r\n\t\t<div class=\"w-grid-item-h\" style=\"background:url(https:\/\/www.secretsofsardinia.com\/wp-content\/uploads\/2026\/03\/sunset-poetto-1024x768.jpg) center\/cover no-repeat;\">\r\n\t\t\t\t\t\t<div class=\"w-vwrapper usg_vwrapper_3 align_center valign_middle\" style=\"--vwrapper-gap:0rem\"><div class=\"w-vwrapper usg_vwrapper_1 align_center valign_middle\"><h6 class=\"w-post-elm post_title usg_post_title_1 ombra has_text_color align_center entry-title color_link_inherit\"><a href=\"https:\/\/www.secretsofsardinia.com\/de\/aussichtspunkte-in-cagliari\/\">Aussichtspunkte in Cagliari<\/a><\/h6><div class=\"w-post-elm post_custom_field usg_post_custom_field_1 has_text_color type_text sottotitolo color_link_inherit\"><span class=\"w-post-elm-value\"><\/span><\/div><\/div><div class=\"w-vwrapper usg_vwrapper_2 align_center valign_bottom\"><\/div><\/div>\t\t<\/div>\r\n\t\t\t<\/article>\r\n\t<article class=\"w-grid-item size_1x1 post-13748 post type-post status-publish format-standard has-post-thumbnail hentry category-aktivitaeten-ab-cagliari tag-kreuzfahrer tag-was-tun-in-cagliari\" data-id=\"13748\">\r\n\t\t<div class=\"w-grid-item-h\" style=\"background:url(https:\/\/www.secretsofsardinia.com\/wp-content\/uploads\/2026\/03\/taxi-Rent-vehicle-1024x800.jpg) center\/cover no-repeat;\">\r\n\t\t\t\t\t\t<div class=\"w-vwrapper usg_vwrapper_3 align_center valign_middle\" style=\"--vwrapper-gap:0rem\"><div class=\"w-vwrapper usg_vwrapper_1 align_center valign_middle\"><h6 class=\"w-post-elm post_title usg_post_title_1 ombra has_text_color align_center entry-title color_link_inherit\"><a href=\"https:\/\/www.secretsofsardinia.com\/de\/taxi-fahrzeugvermietung\/\">Taxi &#038; Fahrzeugvermietung<\/a><\/h6><div class=\"w-post-elm post_custom_field usg_post_custom_field_1 has_text_color type_text sottotitolo color_link_inherit\"><span class=\"w-post-elm-value\"><\/span><\/div><\/div><div class=\"w-vwrapper usg_vwrapper_2 align_center valign_bottom\"><\/div><\/div>\t\t<\/div>\r\n\t\t\t<\/article>\r\n<\/div><div class=\"g-loadmore hidden\"><div class=\"g-preloader type_1\"><div><\/div><\/div><\/div><div class=\"w-grid-list-json hidden\" onclick='return {&quot;max_num_pages&quot;:1,&quot;paginationBase&quot;:&quot;page&quot;,&quot;pagination&quot;:&quot;load_on_scroll&quot;,&quot;paged&quot;:1,&quot;ajaxData&quot;:{&quot;action&quot;:&quot;us_ajax_post_list&quot;,&quot;meta_type&quot;:&quot;post&quot;,&quot;object_id&quot;:0,&quot;template_vars&quot;:{&quot;shortcode_base&quot;:&quot;us_post_list&quot;,&quot;paged&quot;:1,&quot;max_num_pages&quot;:1,&quot;no_results&quot;:false,&quot;us_post_content_design_css&quot;:[],&quot;found_posts&quot;:8,&quot;per_page&quot;:12,&quot;items_count&quot;:8,&quot;orderby_random_seed&quot;:null,&quot;source&quot;:&quot;all&quot;,&quot;custom_field_name&quot;:&quot;&quot;,&quot;ids&quot;:&quot;&quot;,&quot;post_type&quot;:&quot;post&quot;,&quot;attachment_ids&quot;:null,&quot;include_post_thumbnail&quot;:0,&quot;post_author&quot;:&quot;any&quot;,&quot;post_author_ids&quot;:&quot;&quot;,&quot;apply_url_params&quot;:0,&quot;ignore_sticky_posts&quot;:1,&quot;exclude_children&quot;:0,&quot;exclude_current_post&quot;:1,&quot;exclude_prev_posts&quot;:0,&quot;exclude_past_events&quot;:0,&quot;enable_items_offset&quot;:0,&quot;items_offset&quot;:&quot;1&quot;,&quot;tax_query_relation&quot;:&quot;none&quot;,&quot;tax_query&quot;:[{&quot;operator&quot;:&quot;IN&quot;,&quot;taxonomy&quot;:&quot;category&quot;,&quot;terms&quot;:&quot;&quot;,&quot;include_children&quot;:0}],&quot;meta_query_relation&quot;:&quot;none&quot;,&quot;meta_query&quot;:[{&quot;key&quot;:&quot;custom_field_name&quot;,&quot;compare&quot;:&quot;=&quot;,&quot;value&quot;:&quot;&quot;}],&quot;orderby&quot;:&quot;date&quot;,&quot;orderby_custom_field&quot;:&quot;&quot;,&quot;orderby_custom_type&quot;:0,&quot;order_invert&quot;:0,&quot;show_all&quot;:0,&quot;quantity&quot;:&quot;12&quot;,&quot;posts_per_archive_page&quot;:0,&quot;no_items_action&quot;:&quot;message&quot;,&quot;no_items_message&quot;:&quot;Es wurden keine Ergebnisse gefunden.&quot;,&quot;no_items_page_block&quot;:&quot;&quot;,&quot;pagination&quot;:&quot;load_on_scroll&quot;,&quot;pagination_style&quot;:&quot;&quot;,&quot;pagination_btn_text&quot;:&quot;Mehr laden&quot;,&quot;pagination_btn_size&quot;:&quot;&quot;,&quot;pagination_btn_style&quot;:&quot;1&quot;,&quot;pagination_btn_fullwidth&quot;:0,&quot;items_layout&quot;:&quot;12720&quot;,&quot;type&quot;:&quot;grid&quot;,&quot;items_valign&quot;:0,&quot;ignore_items_size&quot;:0,&quot;columns&quot;:&quot;4&quot;,&quot;items_gap&quot;:&quot;1.5rem&quot;,&quot;load_animation&quot;:&quot;none&quot;,&quot;items_preload_style&quot;:&quot;spinner&quot;,&quot;img_size&quot;:&quot;default&quot;,&quot;title_size&quot;:&quot;&quot;,&quot;items_ratio&quot;:&quot;default&quot;,&quot;items_ratio_width&quot;:&quot;21&quot;,&quot;items_ratio_height&quot;:&quot;9&quot;,&quot;overriding_link&quot;:&quot;%7B%22url%22%3A%22%22%7D&quot;,&quot;popup_page_template&quot;:&quot;0&quot;,&quot;popup_width&quot;:&quot;&quot;,&quot;popup_arrows&quot;:1,&quot;breakpoint_1_width&quot;:&quot;1281px&quot;,&quot;breakpoint_1_cols&quot;:&quot;default&quot;,&quot;breakpoint_1_quantity&quot;:&quot;&quot;,&quot;breakpoint_1_gap&quot;:&quot;&quot;,&quot;breakpoint_2_width&quot;:&quot;1025px&quot;,&quot;breakpoint_2_cols&quot;:&quot;2&quot;,&quot;breakpoint_2_quantity&quot;:&quot;&quot;,&quot;breakpoint_2_gap&quot;:&quot;&quot;,&quot;breakpoint_3_width&quot;:&quot;601px&quot;,&quot;breakpoint_3_cols&quot;:&quot;1&quot;,&quot;breakpoint_3_quantity&quot;:&quot;&quot;,&quot;breakpoint_3_gap&quot;:&quot;&quot;,&quot;conditions_operator&quot;:&quot;always&quot;,&quot;conditions&quot;:[],&quot;css&quot;:null,&quot;el_class&quot;:&quot;&quot;,&quot;el_id&quot;:&quot;&quot;,&quot;enable_custom_html_atts&quot;:0,&quot;custom_html_atts&quot;:null,&quot;hide_on_states&quot;:&quot;&quot;,&quot;hide_for_sticky&quot;:0,&quot;hide_for_not_sticky&quot;:0,&quot;hide_below&quot;:&quot;0px&quot;,&quot;hide_above&quot;:&quot;0px&quot;,&quot;classes&quot;:&quot;&quot;},&quot;found_posts&quot;:8,&quot;per_page&quot;:12},&quot;facetedFilter&quot;:[]}'><\/div><\/div><\/div><\/div><\/div><\/div><\/div><\/section>\n","protected":false},"excerpt":{"rendered":"Taxi &amp; Fahrzeugvermietung in Cagliari \u2013 Entspannt ans Ziel Cagliari vereint lebendige Hafenatmosph\u00e4re, historische Altstadt und kilometerlange Str\u00e4nde. Ob du per Flugzeug, F\u00e4hre oder Kreuzfahrtschiff ankommst \u2013 die Frage lautet schnell: Taxi, Mietwagen, Bus oder doch eine gef\u00fchrte Tour? Hier findest du eine kompakte Entscheidungshilfe, inklusive Tipps, wann sich unsere Secrets of Sardinia\u2011Touren besonders lohnen....","protected":false},"author":1,"featured_media":0,"parent":0,"menu_order":0,"comment_status":"closed","ping_status":"closed","template":"","meta":{"_acf_changed":false,"footnotes":""},"class_list":["post-13618","page","type-page","status-publish","hentry"],"acf":[],"yoast_head":"<!-- This site is optimized with the Yoast SEO Premium plugin v27.0 (Yoast SEO v27.0) - https:\/\/yoast.com\/product\/yoast-seo-premium-wordpress\/ -->\n<title>Info Point Cagliari - Secrets of Sardinia<\/title>\n<meta name=\"robots\" content=\"index, follow, max-snippet:-1, max-image-preview:large, max-video-preview:-1\" \/>\n<link rel=\"canonical\" href=\"https:\/\/www.secretsofsardinia.com\/de\/info-point-cagliari\/\" \/>\n<meta property=\"og:locale\" content=\"de_DE\" \/>\n<meta property=\"og:type\" content=\"article\" \/>\n<meta property=\"og:title\" content=\"Info Point Cagliari\" \/>\n<meta property=\"og:url\" content=\"https:\/\/www.secretsofsardinia.com\/de\/info-point-cagliari\/\" \/>\n<meta property=\"og:site_name\" content=\"Secrets of Sardinia\" \/>\n<meta property=\"article:publisher\" content=\"https:\/\/www.facebook.com\/secretsofsardinia\" \/>\n<meta property=\"article:modified_time\" content=\"2026-03-04T18:07:39+00:00\" \/>\n<meta property=\"og:image\" content=\"https:\/\/www.secretsofsardinia.com\/wp-content\/uploads\/2024\/02\/Chia-1.jpg\" \/>\n\t<meta property=\"og:image:width\" content=\"1920\" \/>\n\t<meta property=\"og:image:height\" content=\"1080\" \/>\n\t<meta property=\"og:image:type\" content=\"image\/jpeg\" \/>\n<meta name=\"twitter:card\" content=\"summary_large_image\" \/>\n<meta name=\"twitter:site\" content=\"@secretssardinia\" \/>\n<script type=\"application\/ld+json\" class=\"yoast-schema-graph\">{\"@context\":\"https:\/\/schema.org\",\"@graph\":[{\"@type\":\"WebPage\",\"@id\":\"https:\/\/www.secretsofsardinia.com\/de\/info-point-cagliari\/\",\"url\":\"https:\/\/www.secretsofsardinia.com\/de\/info-point-cagliari\/\",\"name\":\"Info Point Cagliari - Secrets of Sardinia\",\"isPartOf\":{\"@id\":\"https:\/\/www.secretsofsardinia.com\/de\/#website\"},\"datePublished\":\"2026-03-02T17:21:10+00:00\",\"dateModified\":\"2026-03-04T18:07:39+00:00\",\"breadcrumb\":{\"@id\":\"https:\/\/www.secretsofsardinia.com\/de\/info-point-cagliari\/#breadcrumb\"},\"inLanguage\":\"de\",\"potentialAction\":[{\"@type\":\"ReadAction\",\"target\":[\"https:\/\/www.secretsofsardinia.com\/de\/info-point-cagliari\/\"]}]},{\"@type\":\"BreadcrumbList\",\"@id\":\"https:\/\/www.secretsofsardinia.com\/de\/info-point-cagliari\/#breadcrumb\",\"itemListElement\":[{\"@type\":\"ListItem\",\"position\":1,\"name\":\"Home\",\"item\":\"https:\/\/www.secretsofsardinia.com\/de\/\"},{\"@type\":\"ListItem\",\"position\":2,\"name\":\"Info Point Cagliari\"}]},{\"@type\":\"WebSite\",\"@id\":\"https:\/\/www.secretsofsardinia.com\/de\/#website\",\"url\":\"https:\/\/www.secretsofsardinia.com\/de\/\",\"name\":\"Secrets of Sardinia\",\"description\":\"Tours in Sardinia from Cagliari\",\"publisher\":{\"@id\":\"https:\/\/www.secretsofsardinia.com\/de\/#organization\"},\"alternateName\":\"secretsofsardinia\",\"potentialAction\":[{\"@type\":\"SearchAction\",\"target\":{\"@type\":\"EntryPoint\",\"urlTemplate\":\"https:\/\/www.secretsofsardinia.com\/de\/?s={search_term_string}\"},\"query-input\":{\"@type\":\"PropertyValueSpecification\",\"valueRequired\":true,\"valueName\":\"search_term_string\"}}],\"inLanguage\":\"de\"},{\"@type\":\"Organization\",\"@id\":\"https:\/\/www.secretsofsardinia.com\/de\/#organization\",\"name\":\"Secrets of Sardinia\",\"alternateName\":\"secretsofsardinia\",\"url\":\"https:\/\/www.secretsofsardinia.com\/de\/\",\"logo\":{\"@type\":\"ImageObject\",\"inLanguage\":\"de\",\"@id\":\"https:\/\/www.secretsofsardinia.com\/de\/#\/schema\/logo\/image\/\",\"url\":\"https:\/\/www.secretsofsardinia.com\/wp-content\/uploads\/2026\/01\/logo-secretsofsardinia.jpg\",\"contentUrl\":\"https:\/\/www.secretsofsardinia.com\/wp-content\/uploads\/2026\/01\/logo-secretsofsardinia.jpg\",\"width\":696,\"height\":696,\"caption\":\"Secrets of Sardinia\"},\"image\":{\"@id\":\"https:\/\/www.secretsofsardinia.com\/de\/#\/schema\/logo\/image\/\"},\"sameAs\":[\"https:\/\/www.facebook.com\/secretsofsardinia\",\"https:\/\/x.com\/secretssardinia\",\"http:\/\/www.twitter.com\/secretsofsardinia\",\"https:\/\/it.pinterest.com\/sardiniasecrets\",\"https:\/\/www.tiktok.com\/@secretsofsardinia\",\"https:\/\/www.youtube.com\/channel\/UCqnaiBWYpXJbxyw6cE3unMA\"],\"description\":\"We organise Tours, Shore Excursions, Beach Tours and Roundtrips in Sardinia with start from Cagliari\",\"email\":\"info@secretsofsardinia.com\",\"telephone\":\"+393924114852\",\"legalName\":\"Secrets of Sardinia di Dirk Kastner\",\"foundingDate\":\"2011-01-16\",\"vatID\":\"IT-03483330928\",\"numberOfEmployees\":{\"@type\":\"QuantitativeValue\",\"minValue\":\"1\",\"maxValue\":\"10\"}}]}<\/script>\n<!-- \/ Yoast SEO Premium plugin. -->","yoast_head_json":{"title":"Info Point Cagliari - Secrets of Sardinia","robots":{"index":"index","follow":"follow","max-snippet":"max-snippet:-1","max-image-preview":"max-image-preview:large","max-video-preview":"max-video-preview:-1"},"canonical":"https:\/\/www.secretsofsardinia.com\/de\/info-point-cagliari\/","og_locale":"de_DE","og_type":"article","og_title":"Info Point Cagliari","og_url":"https:\/\/www.secretsofsardinia.com\/de\/info-point-cagliari\/","og_site_name":"Secrets of Sardinia","article_publisher":"https:\/\/www.facebook.com\/secretsofsardinia","article_modified_time":"2026-03-04T18:07:39+00:00","og_image":[{"width":1920,"height":1080,"url":"https:\/\/www.secretsofsardinia.com\/wp-content\/uploads\/2024\/02\/Chia-1.jpg","type":"image\/jpeg"}],"twitter_card":"summary_large_image","twitter_site":"@secretssardinia","schema":{"@context":"https:\/\/schema.org","@graph":[{"@type":"WebPage","@id":"https:\/\/www.secretsofsardinia.com\/de\/info-point-cagliari\/","url":"https:\/\/www.secretsofsardinia.com\/de\/info-point-cagliari\/","name":"Info Point Cagliari - Secrets of Sardinia","isPartOf":{"@id":"https:\/\/www.secretsofsardinia.com\/de\/#website"},"datePublished":"2026-03-02T17:21:10+00:00","dateModified":"2026-03-04T18:07:39+00:00","breadcrumb":{"@id":"https:\/\/www.secretsofsardinia.com\/de\/info-point-cagliari\/#breadcrumb"},"inLanguage":"de","potentialAction":[{"@type":"ReadAction","target":["https:\/\/www.secretsofsardinia.com\/de\/info-point-cagliari\/"]}]},{"@type":"BreadcrumbList","@id":"https:\/\/www.secretsofsardinia.com\/de\/info-point-cagliari\/#breadcrumb","itemListElement":[{"@type":"ListItem","position":1,"name":"Home","item":"https:\/\/www.secretsofsardinia.com\/de\/"},{"@type":"ListItem","position":2,"name":"Info Point Cagliari"}]},{"@type":"WebSite","@id":"https:\/\/www.secretsofsardinia.com\/de\/#website","url":"https:\/\/www.secretsofsardinia.com\/de\/","name":"Secrets of Sardinia","description":"Tours in Sardinia from Cagliari","publisher":{"@id":"https:\/\/www.secretsofsardinia.com\/de\/#organization"},"alternateName":"secretsofsardinia","potentialAction":[{"@type":"SearchAction","target":{"@type":"EntryPoint","urlTemplate":"https:\/\/www.secretsofsardinia.com\/de\/?s={search_term_string}"},"query-input":{"@type":"PropertyValueSpecification","valueRequired":true,"valueName":"search_term_string"}}],"inLanguage":"de"},{"@type":"Organization","@id":"https:\/\/www.secretsofsardinia.com\/de\/#organization","name":"Secrets of Sardinia","alternateName":"secretsofsardinia","url":"https:\/\/www.secretsofsardinia.com\/de\/","logo":{"@type":"ImageObject","inLanguage":"de","@id":"https:\/\/www.secretsofsardinia.com\/de\/#\/schema\/logo\/image\/","url":"https:\/\/www.secretsofsardinia.com\/wp-content\/uploads\/2026\/01\/logo-secretsofsardinia.jpg","contentUrl":"https:\/\/www.secretsofsardinia.com\/wp-content\/uploads\/2026\/01\/logo-secretsofsardinia.jpg","width":696,"height":696,"caption":"Secrets of Sardinia"},"image":{"@id":"https:\/\/www.secretsofsardinia.com\/de\/#\/schema\/logo\/image\/"},"sameAs":["https:\/\/www.facebook.com\/secretsofsardinia","https:\/\/x.com\/secretssardinia","http:\/\/www.twitter.com\/secretsofsardinia","https:\/\/it.pinterest.com\/sardiniasecrets","https:\/\/www.tiktok.com\/@secretsofsardinia","https:\/\/www.youtube.com\/channel\/UCqnaiBWYpXJbxyw6cE3unMA"],"description":"We organise Tours, Shore Excursions, Beach Tours and Roundtrips in Sardinia with start from Cagliari","email":"info@secretsofsardinia.com","telephone":"+393924114852","legalName":"Secrets of Sardinia di Dirk Kastner","foundingDate":"2011-01-16","vatID":"IT-03483330928","numberOfEmployees":{"@type":"QuantitativeValue","minValue":"1","maxValue":"10"}}]}},"_links":{"self":[{"href":"https:\/\/www.secretsofsardinia.com\/de\/wp-json\/wp\/v2\/pages\/13618","targetHints":{"allow":["GET"]}}],"collection":[{"href":"https:\/\/www.secretsofsardinia.com\/de\/wp-json\/wp\/v2\/pages"}],"about":[{"href":"https:\/\/www.secretsofsardinia.com\/de\/wp-json\/wp\/v2\/types\/page"}],"author":[{"embeddable":true,"href":"https:\/\/www.secretsofsardinia.com\/de\/wp-json\/wp\/v2\/users\/1"}],"replies":[{"embeddable":true,"href":"https:\/\/www.secretsofsardinia.com\/de\/wp-json\/wp\/v2\/comments?post=13618"}],"version-history":[{"count":2,"href":"https:\/\/www.secretsofsardinia.com\/de\/wp-json\/wp\/v2\/pages\/13618\/revisions"}],"predecessor-version":[{"id":13690,"href":"https:\/\/www.secretsofsardinia.com\/de\/wp-json\/wp\/v2\/pages\/13618\/revisions\/13690"}],"wp:attachment":[{"href":"https:\/\/www.secretsofsardinia.com\/de\/wp-json\/wp\/v2\/media?parent=13618"}],"curies":[{"name":"wp","href":"https:\/\/api.w.org\/{rel}","templated":true}]}}