{"id":12690,"date":"2024-05-21T08:56:34","date_gmt":"2024-05-21T08:56:34","guid":{"rendered":"https:\/\/www.secretsofsardinia.com\/?post_type=product&#038;p=12690"},"modified":"2025-02-01T17:11:30","modified_gmt":"2025-02-01T17:11:30","slug":"cagliari-sommer-aktionsangebot","status":"publish","type":"product","link":"https:\/\/www.secretsofsardinia.com\/de\/tours\/cagliari-sommer-aktionsangebot\/","title":{"rendered":"Cagliari Sommer Aktionsangebot"},"content":{"rendered":"<p class=\"p1\"><span style=\"color: #003366;\">Das Cagliari Sommer Aktionsangebot beinhaltet 4 N\u00e4chte mit Fr\u00fchst\u00fcck im <a href=\"https:\/\/www.bblucecagliari.com\/de\/\">Bed&amp;Breakfast Luce Cagliari<\/a> + 2 Strandausfl\u00fcge f\u00fcr 2 Personen 680\u20ac, also 340\u20ac\/Person)<\/span><\/p>\n<p class=\"p1\">Erlebe 4 \u00dcbernachtungen voller Charme und Gastfreundschaft im bezaubernden B&amp;B Luce Cagliari! Beginne jeden Tag mit einem k\u00f6stlichen Fr\u00fchst\u00fcck und genie\u00dfe anschlie\u00dfend das Ambiente unserer reizvollen Zimmer, ausgestattet mit Dusche und WC. Entspanne auf unserer atemberaubenden Panorama-Terrasse, genie\u00dfe den Blick auf den Golf und das majest\u00e4tische Castello von Cagliari.<\/p>\n<p class=\"p1\">Entdecke mit uns die Sch\u00f6nheit von Sardiniens K\u00fcste auf unseren unvergesslichen Strandausfl\u00fcgen zu 4 der idyllischsten Str\u00e4nde der Insel. Tauche ein in t\u00fcrkisblaues Wasser, sp\u00fcre den feinen Sand unter deinen F\u00fc\u00dfen und lass dich von der Natursch\u00f6nheit Sardiniens verf\u00fchren.<\/p>\n<p class=\"p1\">Buche noch heute dein unvergessliches <span style=\"color: #003366;\">Cagliari Sommer Aktionsangebot.<\/span> <a href=\"mailto:info@secretsofsardinia.com\">Kontaktiere uns<\/a> f\u00fcr weitere Informationen. Wir freuen uns darauf, dich bei uns im B&amp;B Luce Cagliari willkommen zu hei\u00dfen!<\/p>\n<p class=\"p1\">#<span style=\"color: #003366;\">CagliariSommerAktionsangebot <\/span>#GeniesseSardiniensSch\u00f6nheit<\/p>\n<p><span style=\"color: #003366;\"><strong>Unsere Strandtouren:<\/strong><\/span><\/p>\n<p><a href=\"https:\/\/www.secretsofsardinia.com\/de\/tours\/strandausfluege-chia-tuerredda-von-cagliari\/\">Chia &amp; Tuerredda<\/a> (Mo, Mi, Fr)<\/p>\n<p><a href=\"https:\/\/www.secretsofsardinia.com\/de\/tours\/porto-giunco-cala-sinzias\/\">Porto Giunco &amp; Cala Sinzias<\/a> (Di, Do)<\/p>\n<p><a href=\"https:\/\/www.secretsofsardinia.com\/de\/tours\/cagliari-strandausflug-porto-pino-piscini\/\">Porto Pino &amp; Piscinn\u00ec<\/a> (Sa 14 Juni &#8211; 13 September)<\/p>\n<p><a href=\"https:\/\/www.secretsofsardinia.com\/de\/tours\/cagliari-strandausfluege-marina-rei-sant-elmo\/\">Marina Rei &amp; S&#8217;Elmo<\/a> (So)<\/p>\n","protected":false},"excerpt":{"rendered":"<p>Das Cagliari Sommer Aktionsangebot beinhaltet 4 N\u00e4chte mit Fr\u00fchst\u00fcck im Bed&amp;Breakfast Luce Cagliari + 2 Strandausfl\u00fcge f\u00fcr 2 Personen 680\u20ac, also 340\u20ac\/Person) Erlebe 4 \u00dcbernachtungen voller Charme und Gastfreundschaft im bezaubernden B&amp;B Luce Cagliari! Beginne jeden Tag mit einem k\u00f6stlichen Fr\u00fchst\u00fcck und genie\u00dfe anschlie\u00dfend das Ambiente unserer reizvollen Zimmer, ausgestattet mit Dusche und WC. Entspanne&#8230;<\/p>\n","protected":false},"featured_media":12699,"template":"","meta":{"_acf_changed":false},"product_brand":[],"product_cat":[92],"product_tag":[],"class_list":{"0":"post-12690","1":"product","2":"type-product","3":"status-publish","4":"has-post-thumbnail","6":"product_cat-topangebote","8":"first","9":"instock","10":"shipping-taxable","11":"purchasable","12":"product-type-simple"},"acf":[],"yoast_head":"<!-- This site is optimized with the Yoast SEO Premium plugin v27.0 (Yoast SEO v27.0) - https:\/\/yoast.com\/product\/yoast-seo-premium-wordpress\/ -->\n<title>Cagliari Sommer Aktionsangebot<\/title>\n<meta name=\"description\" content=\"Das Cagliari Sommer Aktionsangebot beinhaltet 4 N\u00e4chte mit Fr\u00fchst\u00fcck + 2 Strandausfl\u00fcge zu den Top Str\u00e4nden f\u00fcr 2 Personen 680\u20ac=340\u20ac\/Person.\" \/>\n<meta name=\"robots\" content=\"index, follow, max-snippet:-1, max-image-preview:large, max-video-preview:-1\" \/>\n<link rel=\"canonical\" href=\"https:\/\/www.secretsofsardinia.com\/de\/tours\/cagliari-sommer-aktionsangebot\/\" \/>\n<meta property=\"og:locale\" content=\"de_DE\" \/>\n<meta property=\"og:type\" content=\"article\" \/>\n<meta property=\"og:title\" content=\"Excursions and Tours from Cagliari\" \/>\n<meta property=\"og:description\" content=\"Entkommen Sie dem Alltag und genie\u00dfen Sie Sommer 2025 mit unserem Aktionsangebot: 4 \u00dcbernachtungen inkl. Fr\u00fchst\u00fcck und 2 Strandausfl\u00fcgen f\u00fcr nur 680\u20ac! Entspannung und Abenteuer warten auf Sie. #Sommerurlaub #Reiseangebot #Strandzeit #Erholungpur #Sonnenschein #Abenteuer #Qualitytime #Auszeit #Urlaubstr\u00e4ume #Angebot #Sommer2025\" \/>\n<meta property=\"og:url\" content=\"https:\/\/www.secretsofsardinia.com\/de\/tours\/cagliari-sommer-aktionsangebot\/\" \/>\n<meta property=\"og:site_name\" content=\"Secrets of Sardinia\" \/>\n<meta property=\"article:publisher\" content=\"https:\/\/www.facebook.com\/secretsofsardinia\" \/>\n<meta property=\"article:modified_time\" content=\"2025-02-01T17:11:30+00:00\" \/>\n<meta property=\"og:image\" content=\"https:\/\/www.secretsofsardinia.com\/wp-content\/uploads\/2024\/05\/baden-sant-elmo.jpg\" \/>\n\t<meta property=\"og:image:width\" content=\"1920\" \/>\n\t<meta property=\"og:image:height\" content=\"1079\" \/>\n\t<meta property=\"og:image:type\" content=\"image\/jpeg\" \/>\n<meta name=\"twitter:card\" content=\"summary_large_image\" \/>\n<meta name=\"twitter:description\" content=\"Entkommen Sie dem Alltag und genie\u00dfen Sie Sommer 2025 mit unserem Aktionsangebot: 4 \u00dcbernachtungen inkl. Fr\u00fchst\u00fcck und 2 Strandausfl\u00fcgen f\u00fcr nur 680\u20ac! Entspannung und Abenteuer warten auf Sie. #Sommerurlaub #Reiseangebot #Strandzeit #Erholungpur #Sonnenschein #Abenteuer #Qualitytime #Auszeit #Urlaubstr\u00e4ume #Angebot #Sommer2025\" \/>\n<meta name=\"twitter:site\" content=\"@secretssardinia\" \/>\n<meta name=\"twitter:label1\" content=\"Gesch\u00e4tzte Lesezeit\" \/>\n\t<meta name=\"twitter:data1\" content=\"1\u00a0Minute\" \/>\n<script type=\"application\/ld+json\" class=\"yoast-schema-graph\">{\"@context\":\"https:\/\/schema.org\",\"@graph\":[{\"@type\":\"WebPage\",\"@id\":\"https:\/\/www.secretsofsardinia.com\/de\/tours\/cagliari-sommer-aktionsangebot\/\",\"url\":\"https:\/\/www.secretsofsardinia.com\/de\/tours\/cagliari-sommer-aktionsangebot\/\",\"name\":\"Cagliari Sommer Aktionsangebot\",\"isPartOf\":{\"@id\":\"https:\/\/www.secretsofsardinia.com\/de\/#website\"},\"primaryImageOfPage\":{\"@id\":\"https:\/\/www.secretsofsardinia.com\/de\/tours\/cagliari-sommer-aktionsangebot\/#primaryimage\"},\"image\":{\"@id\":\"https:\/\/www.secretsofsardinia.com\/de\/tours\/cagliari-sommer-aktionsangebot\/#primaryimage\"},\"thumbnailUrl\":\"https:\/\/www.secretsofsardinia.com\/wp-content\/uploads\/2024\/05\/baden-sant-elmo.jpg\",\"datePublished\":\"2024-05-21T08:56:34+00:00\",\"dateModified\":\"2025-02-01T17:11:30+00:00\",\"description\":\"Das Cagliari Sommer Aktionsangebot beinhaltet 4 N\u00e4chte mit Fr\u00fchst\u00fcck + 2 Strandausfl\u00fcge zu den Top Str\u00e4nden f\u00fcr 2 Personen 680\u20ac=340\u20ac\/Person.\",\"breadcrumb\":{\"@id\":\"https:\/\/www.secretsofsardinia.com\/de\/tours\/cagliari-sommer-aktionsangebot\/#breadcrumb\"},\"inLanguage\":\"de\",\"potentialAction\":[{\"@type\":\"ReadAction\",\"target\":[\"https:\/\/www.secretsofsardinia.com\/de\/tours\/cagliari-sommer-aktionsangebot\/\"]}]},{\"@type\":\"ImageObject\",\"inLanguage\":\"de\",\"@id\":\"https:\/\/www.secretsofsardinia.com\/de\/tours\/cagliari-sommer-aktionsangebot\/#primaryimage\",\"url\":\"https:\/\/www.secretsofsardinia.com\/wp-content\/uploads\/2024\/05\/baden-sant-elmo.jpg\",\"contentUrl\":\"https:\/\/www.secretsofsardinia.com\/wp-content\/uploads\/2024\/05\/baden-sant-elmo.jpg\",\"width\":1920,\"height\":1079,\"caption\":\"Cagliari Sommer 2025 Aktionsangebot #CagliariAktionsangebot #B&B+Strandtouren\"},{\"@type\":\"BreadcrumbList\",\"@id\":\"https:\/\/www.secretsofsardinia.com\/de\/tours\/cagliari-sommer-aktionsangebot\/#breadcrumb\",\"itemListElement\":[{\"@type\":\"ListItem\",\"position\":1,\"name\":\"Home\",\"item\":\"https:\/\/www.secretsofsardinia.com\/de\/\"},{\"@type\":\"ListItem\",\"position\":2,\"name\":\"Shop\",\"item\":\"https:\/\/www.secretsofsardinia.com\/de\/negozio\/\"},{\"@type\":\"ListItem\",\"position\":3,\"name\":\"Cagliari Sommer Aktionsangebot\"}]},{\"@type\":\"WebSite\",\"@id\":\"https:\/\/www.secretsofsardinia.com\/de\/#website\",\"url\":\"https:\/\/www.secretsofsardinia.com\/de\/\",\"name\":\"Secrets of Sardinia\",\"description\":\"Tours in Sardinia from Cagliari\",\"publisher\":{\"@id\":\"https:\/\/www.secretsofsardinia.com\/de\/#organization\"},\"alternateName\":\"secretsofsardinia\",\"potentialAction\":[{\"@type\":\"SearchAction\",\"target\":{\"@type\":\"EntryPoint\",\"urlTemplate\":\"https:\/\/www.secretsofsardinia.com\/de\/?s={search_term_string}\"},\"query-input\":{\"@type\":\"PropertyValueSpecification\",\"valueRequired\":true,\"valueName\":\"search_term_string\"}}],\"inLanguage\":\"de\"},{\"@type\":\"Organization\",\"@id\":\"https:\/\/www.secretsofsardinia.com\/de\/#organization\",\"name\":\"Secrets of Sardinia\",\"alternateName\":\"secretsofsardinia\",\"url\":\"https:\/\/www.secretsofsardinia.com\/de\/\",\"logo\":{\"@type\":\"ImageObject\",\"inLanguage\":\"de\",\"@id\":\"https:\/\/www.secretsofsardinia.com\/de\/#\/schema\/logo\/image\/\",\"url\":\"https:\/\/www.secretsofsardinia.com\/wp-content\/uploads\/2026\/01\/logo-secretsofsardinia.jpg\",\"contentUrl\":\"https:\/\/www.secretsofsardinia.com\/wp-content\/uploads\/2026\/01\/logo-secretsofsardinia.jpg\",\"width\":696,\"height\":696,\"caption\":\"Secrets of Sardinia\"},\"image\":{\"@id\":\"https:\/\/www.secretsofsardinia.com\/de\/#\/schema\/logo\/image\/\"},\"sameAs\":[\"https:\/\/www.facebook.com\/secretsofsardinia\",\"https:\/\/x.com\/secretssardinia\",\"http:\/\/www.twitter.com\/secretsofsardinia\",\"https:\/\/it.pinterest.com\/sardiniasecrets\",\"https:\/\/www.tiktok.com\/@secretsofsardinia\",\"https:\/\/www.youtube.com\/channel\/UCqnaiBWYpXJbxyw6cE3unMA\"],\"description\":\"We organise Tours, Shore Excursions, Beach Tours and Roundtrips in Sardinia with start from Cagliari\",\"email\":\"info@secretsofsardinia.com\",\"telephone\":\"+393924114852\",\"legalName\":\"Secrets of Sardinia di Dirk Kastner\",\"foundingDate\":\"2011-01-16\",\"vatID\":\"IT-03483330928\",\"numberOfEmployees\":{\"@type\":\"QuantitativeValue\",\"minValue\":\"1\",\"maxValue\":\"10\"}}]}<\/script>\n<!-- \/ Yoast SEO Premium plugin. -->","yoast_head_json":{"title":"Cagliari Sommer Aktionsangebot","description":"Das Cagliari Sommer Aktionsangebot beinhaltet 4 N\u00e4chte mit Fr\u00fchst\u00fcck + 2 Strandausfl\u00fcge zu den Top Str\u00e4nden f\u00fcr 2 Personen 680\u20ac=340\u20ac\/Person.","robots":{"index":"index","follow":"follow","max-snippet":"max-snippet:-1","max-image-preview":"max-image-preview:large","max-video-preview":"max-video-preview:-1"},"canonical":"https:\/\/www.secretsofsardinia.com\/de\/tours\/cagliari-sommer-aktionsangebot\/","og_locale":"de_DE","og_type":"article","og_title":"Excursions and Tours from Cagliari","og_description":"Entkommen Sie dem Alltag und genie\u00dfen Sie Sommer 2025 mit unserem Aktionsangebot: 4 \u00dcbernachtungen inkl. Fr\u00fchst\u00fcck und 2 Strandausfl\u00fcgen f\u00fcr nur 680\u20ac! Entspannung und Abenteuer warten auf Sie. #Sommerurlaub #Reiseangebot #Strandzeit #Erholungpur #Sonnenschein #Abenteuer #Qualitytime #Auszeit #Urlaubstr\u00e4ume #Angebot #Sommer2025","og_url":"https:\/\/www.secretsofsardinia.com\/de\/tours\/cagliari-sommer-aktionsangebot\/","og_site_name":"Secrets of Sardinia","article_publisher":"https:\/\/www.facebook.com\/secretsofsardinia","article_modified_time":"2025-02-01T17:11:30+00:00","og_image":[{"width":1920,"height":1079,"url":"https:\/\/www.secretsofsardinia.com\/wp-content\/uploads\/2024\/05\/baden-sant-elmo.jpg","type":"image\/jpeg"}],"twitter_card":"summary_large_image","twitter_description":"Entkommen Sie dem Alltag und genie\u00dfen Sie Sommer 2025 mit unserem Aktionsangebot: 4 \u00dcbernachtungen inkl. Fr\u00fchst\u00fcck und 2 Strandausfl\u00fcgen f\u00fcr nur 680\u20ac! Entspannung und Abenteuer warten auf Sie. #Sommerurlaub #Reiseangebot #Strandzeit #Erholungpur #Sonnenschein #Abenteuer #Qualitytime #Auszeit #Urlaubstr\u00e4ume #Angebot #Sommer2025","twitter_site":"@secretssardinia","twitter_misc":{"Gesch\u00e4tzte Lesezeit":"1\u00a0Minute"},"schema":{"@context":"https:\/\/schema.org","@graph":[{"@type":"WebPage","@id":"https:\/\/www.secretsofsardinia.com\/de\/tours\/cagliari-sommer-aktionsangebot\/","url":"https:\/\/www.secretsofsardinia.com\/de\/tours\/cagliari-sommer-aktionsangebot\/","name":"Cagliari Sommer Aktionsangebot","isPartOf":{"@id":"https:\/\/www.secretsofsardinia.com\/de\/#website"},"primaryImageOfPage":{"@id":"https:\/\/www.secretsofsardinia.com\/de\/tours\/cagliari-sommer-aktionsangebot\/#primaryimage"},"image":{"@id":"https:\/\/www.secretsofsardinia.com\/de\/tours\/cagliari-sommer-aktionsangebot\/#primaryimage"},"thumbnailUrl":"https:\/\/www.secretsofsardinia.com\/wp-content\/uploads\/2024\/05\/baden-sant-elmo.jpg","datePublished":"2024-05-21T08:56:34+00:00","dateModified":"2025-02-01T17:11:30+00:00","description":"Das Cagliari Sommer Aktionsangebot beinhaltet 4 N\u00e4chte mit Fr\u00fchst\u00fcck + 2 Strandausfl\u00fcge zu den Top Str\u00e4nden f\u00fcr 2 Personen 680\u20ac=340\u20ac\/Person.","breadcrumb":{"@id":"https:\/\/www.secretsofsardinia.com\/de\/tours\/cagliari-sommer-aktionsangebot\/#breadcrumb"},"inLanguage":"de","potentialAction":[{"@type":"ReadAction","target":["https:\/\/www.secretsofsardinia.com\/de\/tours\/cagliari-sommer-aktionsangebot\/"]}]},{"@type":"ImageObject","inLanguage":"de","@id":"https:\/\/www.secretsofsardinia.com\/de\/tours\/cagliari-sommer-aktionsangebot\/#primaryimage","url":"https:\/\/www.secretsofsardinia.com\/wp-content\/uploads\/2024\/05\/baden-sant-elmo.jpg","contentUrl":"https:\/\/www.secretsofsardinia.com\/wp-content\/uploads\/2024\/05\/baden-sant-elmo.jpg","width":1920,"height":1079,"caption":"Cagliari Sommer 2025 Aktionsangebot #CagliariAktionsangebot #B&B+Strandtouren"},{"@type":"BreadcrumbList","@id":"https:\/\/www.secretsofsardinia.com\/de\/tours\/cagliari-sommer-aktionsangebot\/#breadcrumb","itemListElement":[{"@type":"ListItem","position":1,"name":"Home","item":"https:\/\/www.secretsofsardinia.com\/de\/"},{"@type":"ListItem","position":2,"name":"Shop","item":"https:\/\/www.secretsofsardinia.com\/de\/negozio\/"},{"@type":"ListItem","position":3,"name":"Cagliari Sommer Aktionsangebot"}]},{"@type":"WebSite","@id":"https:\/\/www.secretsofsardinia.com\/de\/#website","url":"https:\/\/www.secretsofsardinia.com\/de\/","name":"Secrets of Sardinia","description":"Tours in Sardinia from Cagliari","publisher":{"@id":"https:\/\/www.secretsofsardinia.com\/de\/#organization"},"alternateName":"secretsofsardinia","potentialAction":[{"@type":"SearchAction","target":{"@type":"EntryPoint","urlTemplate":"https:\/\/www.secretsofsardinia.com\/de\/?s={search_term_string}"},"query-input":{"@type":"PropertyValueSpecification","valueRequired":true,"valueName":"search_term_string"}}],"inLanguage":"de"},{"@type":"Organization","@id":"https:\/\/www.secretsofsardinia.com\/de\/#organization","name":"Secrets of Sardinia","alternateName":"secretsofsardinia","url":"https:\/\/www.secretsofsardinia.com\/de\/","logo":{"@type":"ImageObject","inLanguage":"de","@id":"https:\/\/www.secretsofsardinia.com\/de\/#\/schema\/logo\/image\/","url":"https:\/\/www.secretsofsardinia.com\/wp-content\/uploads\/2026\/01\/logo-secretsofsardinia.jpg","contentUrl":"https:\/\/www.secretsofsardinia.com\/wp-content\/uploads\/2026\/01\/logo-secretsofsardinia.jpg","width":696,"height":696,"caption":"Secrets of Sardinia"},"image":{"@id":"https:\/\/www.secretsofsardinia.com\/de\/#\/schema\/logo\/image\/"},"sameAs":["https:\/\/www.facebook.com\/secretsofsardinia","https:\/\/x.com\/secretssardinia","http:\/\/www.twitter.com\/secretsofsardinia","https:\/\/it.pinterest.com\/sardiniasecrets","https:\/\/www.tiktok.com\/@secretsofsardinia","https:\/\/www.youtube.com\/channel\/UCqnaiBWYpXJbxyw6cE3unMA"],"description":"We organise Tours, Shore Excursions, Beach Tours and Roundtrips in Sardinia with start from Cagliari","email":"info@secretsofsardinia.com","telephone":"+393924114852","legalName":"Secrets of Sardinia di Dirk Kastner","foundingDate":"2011-01-16","vatID":"IT-03483330928","numberOfEmployees":{"@type":"QuantitativeValue","minValue":"1","maxValue":"10"}}]}},"_links":{"self":[{"href":"https:\/\/www.secretsofsardinia.com\/de\/wp-json\/wp\/v2\/product\/12690","targetHints":{"allow":["GET"]}}],"collection":[{"href":"https:\/\/www.secretsofsardinia.com\/de\/wp-json\/wp\/v2\/product"}],"about":[{"href":"https:\/\/www.secretsofsardinia.com\/de\/wp-json\/wp\/v2\/types\/product"}],"wp:featuredmedia":[{"embeddable":true,"href":"https:\/\/www.secretsofsardinia.com\/de\/wp-json\/wp\/v2\/media\/12699"}],"wp:attachment":[{"href":"https:\/\/www.secretsofsardinia.com\/de\/wp-json\/wp\/v2\/media?parent=12690"}],"wp:term":[{"taxonomy":"product_brand","embeddable":true,"href":"https:\/\/www.secretsofsardinia.com\/de\/wp-json\/wp\/v2\/product_brand?post=12690"},{"taxonomy":"product_cat","embeddable":true,"href":"https:\/\/www.secretsofsardinia.com\/de\/wp-json\/wp\/v2\/product_cat?post=12690"},{"taxonomy":"product_tag","embeddable":true,"href":"https:\/\/www.secretsofsardinia.com\/de\/wp-json\/wp\/v2\/product_tag?post=12690"}],"curies":[{"name":"wp","href":"https:\/\/api.w.org\/{rel}","templated":true}]}}