{"id":1287,"date":"2021-11-05T14:03:46","date_gmt":"2021-11-05T14:03:46","guid":{"rendered":"https:\/\/www.secretsofsardinia.com\/product\/angel-ausfluege-von-cagliari\/"},"modified":"2024-03-01T18:47:07","modified_gmt":"2024-03-01T18:47:07","slug":"angel-ausfluege-von-cagliari","status":"publish","type":"product","link":"https:\/\/www.secretsofsardinia.com\/de\/tours\/angel-ausfluege-von-cagliari\/","title":{"rendered":"Angelausfl\u00fcge von Cagliari"},"content":{"rendered":"<p><span style=\"color: #003366;\">Beschreibung<\/span><br \/>\nWir bieten Angelausfl\u00fcge von Cagliari in S\u00fcdsardinien an. F\u00fcr Experten die Spinnfischen und Jigging lieben sowie f\u00fcr Anf\u00e4nger die gerne Angeln lernen m\u00f6chten. Angelausfl\u00fcge auf Sardinien sind zu jeder Jahreszeit ein Erlebnis. Blaubarsch und Barrakuda das ganze Jahr \u00fcber. Wolfsbarsch und Goldbrassen von Dezember bis M\u00e4rz. Goldmakrelen und Bernsteinmakrelen im September und Oktober. Tintenfische und Kraken fangen wir in den kalten Monaten.<\/p>\n<p>Wir haben unseren Firmensitz in Cagliari, das auch \u00fcber die Wintermonate mit den Low-cost Gesellschaften einfach zu erreichen ist. Wir haben gute Kontakte um Sie kosteng\u00fcnstig unter zu bringen.<\/p>\n<p>Wir vermieten auch Angelausr\u00fcstungen mit dem jeweils richtigen K\u00f6derpacket. Die Ausr\u00fcstung kostet 20 Euro Leihgeb\u00fchr pro Tag oder 40 Euro f\u00fcr drei Tage. Verlorengegangene oder defekte K\u00f6der m\u00fcssen ersetzt werden.<\/p>\n<p>Optimal sind kleine Gruppen mit 2-4 Leuten.<\/p>\n<p>Wenn Sie 3 Tage fischen wollen und auf verschiedene Fischarten fangen m\u00f6chten ist das auch kein Problem. Wir stellen Ihnen je nach Jahreszeit die geeigneten Ausfl\u00fcge zusammen.<\/p>\n<p>Worauf warten Sie? Kontaktieren Sie uns und fangen Sie schon bald Ihren pers\u00f6nlichen Rekordfisch.<\/p>\n<p><span style=\"color: #003366;\">Ausfl\u00fcge<br \/>\n<\/span>Rock fishing<br \/>\nSpinnfischen<br \/>\nSpinnfischen vom Strand (Herbst-Winter)<br \/>\nVertical Jigging vom Boot (Oktober-M\u00e4rz)<\/p>\n<p><span style=\"color: #003366;\">Informationen<\/span><br \/>\nDie Ausflugsart, Angeltechnik und die Uhrzeit h\u00e4ngen von der Jahreszeit, den Gezeiten und der Mondphasen ab<br \/>\nEs ist m\u00f6glich, die Ausr\u00fcstung zu mieten<br \/>\nAbholung am Hafen oder gegen Aufpreis in Ihrer Unterkunft<br \/>\nGerne begr\u00fcssen wir dich in unserem <a href=\"https:\/\/www.bblucecagliari.com\/de\/\">B&amp;B Luce Cagliari<\/a><br \/>\nDie Dauer der Ausfl\u00fcge h\u00e4ngt vom Ausflugsziel ab<br \/>\nMindestteilnehmer 2 Personen<br \/>\nAngelkurse f\u00fcr Anf\u00e4nger organisieren wir auch<br \/>\nKleidung je nach Wetter und Jahreszeit<\/p>\n<p><span style=\"color: #003366;\">Preise ab<br \/>\n<\/span>75\u20ac\/Person<br \/>\nWir bieten auch Kurse f\u00fcr Anf\u00e4nger an.<\/p>\n<p><span style=\"color: #003366;\">Weitere Informations und Buchungen<\/span><\/p>\n<p style=\"padding-left: 40px;\">via\u00a0<a href=\"https:\/\/wa.me\/+393924114852\/?text=Trekking%20Tours%20Sardinia\">WhatsApp<\/a>,\u00a0<a href=\"https:\/\/t.me\/joinchat\/I01nmRv0IdOUa58L\">Telegram<\/a> oder <a href=\"mailto:info@secretsofsardinia.com\">e-mail<\/a><\/p>\n","protected":false},"excerpt":{"rendered":"<p>Beschreibung Wir bieten Angelausfl\u00fcge von Cagliari in S\u00fcdsardinien an. F\u00fcr Experten die Spinnfischen und Jigging lieben sowie f\u00fcr Anf\u00e4nger die gerne Angeln lernen m\u00f6chten. Angelausfl\u00fcge auf Sardinien sind zu jeder Jahreszeit ein Erlebnis. Blaubarsch und Barrakuda das ganze Jahr \u00fcber. Wolfsbarsch und Goldbrassen von Dezember bis M\u00e4rz. Goldmakrelen und Bernsteinmakrelen im September und Oktober. Tintenfische&#8230;<\/p>\n","protected":false},"featured_media":922,"template":"","meta":{"_acf_changed":false},"product_brand":[],"product_cat":[97],"product_tag":[],"class_list":{"0":"post-1287","1":"product","2":"type-product","3":"status-publish","4":"has-post-thumbnail","6":"product_cat-privat-touren-von-cagliari-de","8":"first","9":"instock","10":"shipping-taxable","11":"purchasable","12":"product-type-simple"},"acf":[],"yoast_head":"<!-- This site is optimized with the Yoast SEO Premium plugin v27.0 (Yoast SEO v27.0) - https:\/\/yoast.com\/product\/yoast-seo-premium-wordpress\/ -->\n<title>Angelausfl\u00fcge von Cagliari - Secrets of Sardinia<\/title>\n<meta name=\"description\" content=\"Entdecke atemberaubende Angelausfl\u00fcge von Cagliari! Erlebe die Sch\u00f6nheit des Meeres und fange deinen n\u00e4chsten Fang. Mehr Informationen auf unserer Webseite\" \/>\n<meta name=\"robots\" content=\"index, follow, max-snippet:-1, max-image-preview:large, max-video-preview:-1\" \/>\n<link rel=\"canonical\" href=\"https:\/\/www.secretsofsardinia.com\/de\/tours\/angel-ausfluege-von-cagliari\/\" \/>\n<meta property=\"og:locale\" content=\"de_DE\" \/>\n<meta property=\"og:type\" content=\"article\" \/>\n<meta property=\"og:title\" content=\"Excursions and Tours from Cagliari\" \/>\n<meta property=\"og:description\" content=\"Entdecke die faszinierende Welt des Angelns bei Angelausfl\u00fcgen von Cagliari! Erlebe atemberaubende Meereslandschaften und fangfrischen Fisch. Buche jetzt deine Tour! \ud83c\udfa3\ud83c\udf0a #Angeln #Fangfrisch #Cagliari #Sardinien #Meer #Abenteuer #Erholung #Natur #Fischfang #Bootstour #Urlaub #Entdecken #Sonne #Abenteuerlust #Angeltour\" \/>\n<meta property=\"og:url\" content=\"https:\/\/www.secretsofsardinia.com\/de\/tours\/angel-ausfluege-von-cagliari\/\" \/>\n<meta property=\"og:site_name\" content=\"Secrets of Sardinia\" \/>\n<meta property=\"article:publisher\" content=\"https:\/\/www.facebook.com\/secretsofsardinia\" \/>\n<meta property=\"article:modified_time\" content=\"2024-03-01T18:47:07+00:00\" \/>\n<meta property=\"og:image\" content=\"https:\/\/www.secretsofsardinia.com\/wp-content\/uploads\/2021\/11\/IMG_4618-1024x768.jpeg\" \/>\n<meta name=\"twitter:card\" content=\"summary_large_image\" \/>\n<meta name=\"twitter:description\" content=\"Entdecke die faszinierende Welt des Angelns bei Angelausfl\u00fcgen von Cagliari! Erlebe atemberaubende Meereslandschaften und fangfrischen Fisch. Buche jetzt deine Tour! \ud83c\udfa3\ud83c\udf0a #Angeln #Fangfrisch #Cagliari #Sardinien #Meer #Abenteuer #Erholung #Natur #Fischfang #Bootstour #Urlaub #Entdecken #Sonne #Abenteuerlust #Angeltour\" \/>\n<meta name=\"twitter:site\" content=\"@secretssardinia\" \/>\n<meta name=\"twitter:label1\" content=\"Gesch\u00e4tzte Lesezeit\" \/>\n\t<meta name=\"twitter:data1\" content=\"2\u00a0Minuten\" \/>\n<script type=\"application\/ld+json\" class=\"yoast-schema-graph\">{\"@context\":\"https:\/\/schema.org\",\"@graph\":[{\"@type\":\"WebPage\",\"@id\":\"https:\/\/www.secretsofsardinia.com\/de\/tours\/angel-ausfluege-von-cagliari\/\",\"url\":\"https:\/\/www.secretsofsardinia.com\/de\/tours\/angel-ausfluege-von-cagliari\/\",\"name\":\"Angelausfl\u00fcge von Cagliari - Secrets of Sardinia\",\"isPartOf\":{\"@id\":\"https:\/\/www.secretsofsardinia.com\/de\/#website\"},\"primaryImageOfPage\":{\"@id\":\"https:\/\/www.secretsofsardinia.com\/de\/tours\/angel-ausfluege-von-cagliari\/#primaryimage\"},\"image\":{\"@id\":\"https:\/\/www.secretsofsardinia.com\/de\/tours\/angel-ausfluege-von-cagliari\/#primaryimage\"},\"thumbnailUrl\":\"https:\/\/www.secretsofsardinia.com\/wp-content\/uploads\/2021\/11\/IMG_4618-scaled.jpeg\",\"datePublished\":\"2021-11-05T14:03:46+00:00\",\"dateModified\":\"2024-03-01T18:47:07+00:00\",\"description\":\"Entdecke atemberaubende Angelausfl\u00fcge von Cagliari! Erlebe die Sch\u00f6nheit des Meeres und fange deinen n\u00e4chsten Fang. Mehr Informationen auf unserer Webseite\",\"breadcrumb\":{\"@id\":\"https:\/\/www.secretsofsardinia.com\/de\/tours\/angel-ausfluege-von-cagliari\/#breadcrumb\"},\"inLanguage\":\"de\",\"potentialAction\":[{\"@type\":\"ReadAction\",\"target\":[\"https:\/\/www.secretsofsardinia.com\/de\/tours\/angel-ausfluege-von-cagliari\/\"]}]},{\"@type\":\"ImageObject\",\"inLanguage\":\"de\",\"@id\":\"https:\/\/www.secretsofsardinia.com\/de\/tours\/angel-ausfluege-von-cagliari\/#primaryimage\",\"url\":\"https:\/\/www.secretsofsardinia.com\/wp-content\/uploads\/2021\/11\/IMG_4618-scaled.jpeg\",\"contentUrl\":\"https:\/\/www.secretsofsardinia.com\/wp-content\/uploads\/2021\/11\/IMG_4618-scaled.jpeg\",\"width\":2560,\"height\":1920,\"caption\":\"Lucas mit einem dicken Barrakuda\"},{\"@type\":\"BreadcrumbList\",\"@id\":\"https:\/\/www.secretsofsardinia.com\/de\/tours\/angel-ausfluege-von-cagliari\/#breadcrumb\",\"itemListElement\":[{\"@type\":\"ListItem\",\"position\":1,\"name\":\"Home\",\"item\":\"https:\/\/www.secretsofsardinia.com\/de\/\"},{\"@type\":\"ListItem\",\"position\":2,\"name\":\"Shop\",\"item\":\"https:\/\/www.secretsofsardinia.com\/de\/negozio\/\"},{\"@type\":\"ListItem\",\"position\":3,\"name\":\"Angelausfl\u00fcge von Cagliari\"}]},{\"@type\":\"WebSite\",\"@id\":\"https:\/\/www.secretsofsardinia.com\/de\/#website\",\"url\":\"https:\/\/www.secretsofsardinia.com\/de\/\",\"name\":\"Secrets of Sardinia\",\"description\":\"Tours in Sardinia from Cagliari\",\"publisher\":{\"@id\":\"https:\/\/www.secretsofsardinia.com\/de\/#organization\"},\"alternateName\":\"secretsofsardinia\",\"potentialAction\":[{\"@type\":\"SearchAction\",\"target\":{\"@type\":\"EntryPoint\",\"urlTemplate\":\"https:\/\/www.secretsofsardinia.com\/de\/?s={search_term_string}\"},\"query-input\":{\"@type\":\"PropertyValueSpecification\",\"valueRequired\":true,\"valueName\":\"search_term_string\"}}],\"inLanguage\":\"de\"},{\"@type\":\"Organization\",\"@id\":\"https:\/\/www.secretsofsardinia.com\/de\/#organization\",\"name\":\"Secrets of Sardinia\",\"alternateName\":\"secretsofsardinia\",\"url\":\"https:\/\/www.secretsofsardinia.com\/de\/\",\"logo\":{\"@type\":\"ImageObject\",\"inLanguage\":\"de\",\"@id\":\"https:\/\/www.secretsofsardinia.com\/de\/#\/schema\/logo\/image\/\",\"url\":\"https:\/\/www.secretsofsardinia.com\/wp-content\/uploads\/2026\/01\/logo-secretsofsardinia.jpg\",\"contentUrl\":\"https:\/\/www.secretsofsardinia.com\/wp-content\/uploads\/2026\/01\/logo-secretsofsardinia.jpg\",\"width\":696,\"height\":696,\"caption\":\"Secrets of Sardinia\"},\"image\":{\"@id\":\"https:\/\/www.secretsofsardinia.com\/de\/#\/schema\/logo\/image\/\"},\"sameAs\":[\"https:\/\/www.facebook.com\/secretsofsardinia\",\"https:\/\/x.com\/secretssardinia\",\"http:\/\/www.twitter.com\/secretsofsardinia\",\"https:\/\/it.pinterest.com\/sardiniasecrets\",\"https:\/\/www.tiktok.com\/@secretsofsardinia\",\"https:\/\/www.youtube.com\/channel\/UCqnaiBWYpXJbxyw6cE3unMA\"],\"description\":\"We organise Tours, Shore Excursions, Beach Tours and Roundtrips in Sardinia with start from Cagliari\",\"email\":\"info@secretsofsardinia.com\",\"telephone\":\"+393924114852\",\"legalName\":\"Secrets of Sardinia di Dirk Kastner\",\"foundingDate\":\"2011-01-16\",\"vatID\":\"IT-03483330928\",\"numberOfEmployees\":{\"@type\":\"QuantitativeValue\",\"minValue\":\"1\",\"maxValue\":\"10\"}}]}<\/script>\n<!-- \/ Yoast SEO Premium plugin. -->","yoast_head_json":{"title":"Angelausfl\u00fcge von Cagliari - Secrets of Sardinia","description":"Entdecke atemberaubende Angelausfl\u00fcge von Cagliari! Erlebe die Sch\u00f6nheit des Meeres und fange deinen n\u00e4chsten Fang. Mehr Informationen auf unserer Webseite","robots":{"index":"index","follow":"follow","max-snippet":"max-snippet:-1","max-image-preview":"max-image-preview:large","max-video-preview":"max-video-preview:-1"},"canonical":"https:\/\/www.secretsofsardinia.com\/de\/tours\/angel-ausfluege-von-cagliari\/","og_locale":"de_DE","og_type":"article","og_title":"Excursions and Tours from Cagliari","og_description":"Entdecke die faszinierende Welt des Angelns bei Angelausfl\u00fcgen von Cagliari! Erlebe atemberaubende Meereslandschaften und fangfrischen Fisch. Buche jetzt deine Tour! \ud83c\udfa3\ud83c\udf0a #Angeln #Fangfrisch #Cagliari #Sardinien #Meer #Abenteuer #Erholung #Natur #Fischfang #Bootstour #Urlaub #Entdecken #Sonne #Abenteuerlust #Angeltour","og_url":"https:\/\/www.secretsofsardinia.com\/de\/tours\/angel-ausfluege-von-cagliari\/","og_site_name":"Secrets of Sardinia","article_publisher":"https:\/\/www.facebook.com\/secretsofsardinia","article_modified_time":"2024-03-01T18:47:07+00:00","og_image":[{"url":"https:\/\/www.secretsofsardinia.com\/wp-content\/uploads\/2021\/11\/IMG_4618-1024x768.jpeg","type":"","width":"","height":""}],"twitter_card":"summary_large_image","twitter_description":"Entdecke die faszinierende Welt des Angelns bei Angelausfl\u00fcgen von Cagliari! Erlebe atemberaubende Meereslandschaften und fangfrischen Fisch. Buche jetzt deine Tour! \ud83c\udfa3\ud83c\udf0a #Angeln #Fangfrisch #Cagliari #Sardinien #Meer #Abenteuer #Erholung #Natur #Fischfang #Bootstour #Urlaub #Entdecken #Sonne #Abenteuerlust #Angeltour","twitter_site":"@secretssardinia","twitter_misc":{"Gesch\u00e4tzte Lesezeit":"2\u00a0Minuten"},"schema":{"@context":"https:\/\/schema.org","@graph":[{"@type":"WebPage","@id":"https:\/\/www.secretsofsardinia.com\/de\/tours\/angel-ausfluege-von-cagliari\/","url":"https:\/\/www.secretsofsardinia.com\/de\/tours\/angel-ausfluege-von-cagliari\/","name":"Angelausfl\u00fcge von Cagliari - Secrets of Sardinia","isPartOf":{"@id":"https:\/\/www.secretsofsardinia.com\/de\/#website"},"primaryImageOfPage":{"@id":"https:\/\/www.secretsofsardinia.com\/de\/tours\/angel-ausfluege-von-cagliari\/#primaryimage"},"image":{"@id":"https:\/\/www.secretsofsardinia.com\/de\/tours\/angel-ausfluege-von-cagliari\/#primaryimage"},"thumbnailUrl":"https:\/\/www.secretsofsardinia.com\/wp-content\/uploads\/2021\/11\/IMG_4618-scaled.jpeg","datePublished":"2021-11-05T14:03:46+00:00","dateModified":"2024-03-01T18:47:07+00:00","description":"Entdecke atemberaubende Angelausfl\u00fcge von Cagliari! Erlebe die Sch\u00f6nheit des Meeres und fange deinen n\u00e4chsten Fang. Mehr Informationen auf unserer Webseite","breadcrumb":{"@id":"https:\/\/www.secretsofsardinia.com\/de\/tours\/angel-ausfluege-von-cagliari\/#breadcrumb"},"inLanguage":"de","potentialAction":[{"@type":"ReadAction","target":["https:\/\/www.secretsofsardinia.com\/de\/tours\/angel-ausfluege-von-cagliari\/"]}]},{"@type":"ImageObject","inLanguage":"de","@id":"https:\/\/www.secretsofsardinia.com\/de\/tours\/angel-ausfluege-von-cagliari\/#primaryimage","url":"https:\/\/www.secretsofsardinia.com\/wp-content\/uploads\/2021\/11\/IMG_4618-scaled.jpeg","contentUrl":"https:\/\/www.secretsofsardinia.com\/wp-content\/uploads\/2021\/11\/IMG_4618-scaled.jpeg","width":2560,"height":1920,"caption":"Lucas mit einem dicken Barrakuda"},{"@type":"BreadcrumbList","@id":"https:\/\/www.secretsofsardinia.com\/de\/tours\/angel-ausfluege-von-cagliari\/#breadcrumb","itemListElement":[{"@type":"ListItem","position":1,"name":"Home","item":"https:\/\/www.secretsofsardinia.com\/de\/"},{"@type":"ListItem","position":2,"name":"Shop","item":"https:\/\/www.secretsofsardinia.com\/de\/negozio\/"},{"@type":"ListItem","position":3,"name":"Angelausfl\u00fcge von Cagliari"}]},{"@type":"WebSite","@id":"https:\/\/www.secretsofsardinia.com\/de\/#website","url":"https:\/\/www.secretsofsardinia.com\/de\/","name":"Secrets of Sardinia","description":"Tours in Sardinia from Cagliari","publisher":{"@id":"https:\/\/www.secretsofsardinia.com\/de\/#organization"},"alternateName":"secretsofsardinia","potentialAction":[{"@type":"SearchAction","target":{"@type":"EntryPoint","urlTemplate":"https:\/\/www.secretsofsardinia.com\/de\/?s={search_term_string}"},"query-input":{"@type":"PropertyValueSpecification","valueRequired":true,"valueName":"search_term_string"}}],"inLanguage":"de"},{"@type":"Organization","@id":"https:\/\/www.secretsofsardinia.com\/de\/#organization","name":"Secrets of Sardinia","alternateName":"secretsofsardinia","url":"https:\/\/www.secretsofsardinia.com\/de\/","logo":{"@type":"ImageObject","inLanguage":"de","@id":"https:\/\/www.secretsofsardinia.com\/de\/#\/schema\/logo\/image\/","url":"https:\/\/www.secretsofsardinia.com\/wp-content\/uploads\/2026\/01\/logo-secretsofsardinia.jpg","contentUrl":"https:\/\/www.secretsofsardinia.com\/wp-content\/uploads\/2026\/01\/logo-secretsofsardinia.jpg","width":696,"height":696,"caption":"Secrets of Sardinia"},"image":{"@id":"https:\/\/www.secretsofsardinia.com\/de\/#\/schema\/logo\/image\/"},"sameAs":["https:\/\/www.facebook.com\/secretsofsardinia","https:\/\/x.com\/secretssardinia","http:\/\/www.twitter.com\/secretsofsardinia","https:\/\/it.pinterest.com\/sardiniasecrets","https:\/\/www.tiktok.com\/@secretsofsardinia","https:\/\/www.youtube.com\/channel\/UCqnaiBWYpXJbxyw6cE3unMA"],"description":"We organise Tours, Shore Excursions, Beach Tours and Roundtrips in Sardinia with start from Cagliari","email":"info@secretsofsardinia.com","telephone":"+393924114852","legalName":"Secrets of Sardinia di Dirk Kastner","foundingDate":"2011-01-16","vatID":"IT-03483330928","numberOfEmployees":{"@type":"QuantitativeValue","minValue":"1","maxValue":"10"}}]}},"_links":{"self":[{"href":"https:\/\/www.secretsofsardinia.com\/de\/wp-json\/wp\/v2\/product\/1287","targetHints":{"allow":["GET"]}}],"collection":[{"href":"https:\/\/www.secretsofsardinia.com\/de\/wp-json\/wp\/v2\/product"}],"about":[{"href":"https:\/\/www.secretsofsardinia.com\/de\/wp-json\/wp\/v2\/types\/product"}],"wp:featuredmedia":[{"embeddable":true,"href":"https:\/\/www.secretsofsardinia.com\/de\/wp-json\/wp\/v2\/media\/922"}],"wp:attachment":[{"href":"https:\/\/www.secretsofsardinia.com\/de\/wp-json\/wp\/v2\/media?parent=1287"}],"wp:term":[{"taxonomy":"product_brand","embeddable":true,"href":"https:\/\/www.secretsofsardinia.com\/de\/wp-json\/wp\/v2\/product_brand?post=1287"},{"taxonomy":"product_cat","embeddable":true,"href":"https:\/\/www.secretsofsardinia.com\/de\/wp-json\/wp\/v2\/product_cat?post=1287"},{"taxonomy":"product_tag","embeddable":true,"href":"https:\/\/www.secretsofsardinia.com\/de\/wp-json\/wp\/v2\/product_tag?post=1287"}],"curies":[{"name":"wp","href":"https:\/\/api.w.org\/{rel}","templated":true}]}}