{"id":1292,"date":"2021-11-05T13:37:00","date_gmt":"2021-11-05T13:37:00","guid":{"rendered":"https:\/\/www.secretsofsardinia.com\/product\/insel-san-pietro\/"},"modified":"2024-04-30T09:52:38","modified_gmt":"2024-04-30T09:52:38","slug":"insel-san-pietro","status":"publish","type":"product","link":"https:\/\/www.secretsofsardinia.com\/de\/tours\/insel-san-pietro\/","title":{"rendered":"Ausflug nach Carloforte"},"content":{"rendered":"<p><span style=\"color: #003366;\">Beschreibung<\/span><br \/>\nAuf unserem Ausflug nach Carloforte geht&#8217;s, durch die T\u00e4ler des Inglesiente, vorbei an der Burg \u201eAcqua Fredda\u201c, machen wir uns auf zu einer Audienz bei der \u201eK\u00f6nigin\u201c. Weiter geht es nach Porto Scuso und von dort mit der F\u00e4hre auf die Insel San Pietro mit dem zuckers\u00fc\u00dfen St\u00e4dtchen Carloforte.<br \/>\nShopping in den vertr\u00e4umten Gassen. Entdecke in den charmanten L\u00e4den so manches sch\u00f6ne Mitbringsel. Die Insel ist bekannt f\u00fcr Korallenschmuck, Keramik und Dekorationen sowie f\u00fcr besondere kulinarische Souvenirs wie Thunfisch, Speck, Herz, Kaviar und eingelegte Filets.<br \/>\nDu hast auch genug Zeit um Thunfish Spezialit\u00e4ten zu kosten.<br \/>\nMit der F\u00e4hre geht es dann weiter nach Calasetta zur Insel Sant&#8217;Antioco, wo wir die Lagunen besuchen und ihre Bewohner kennenlernen: die Flamingos.<\/p>\n<p><span style=\"color: #003366;\">Ausflugsziele<\/span><br \/>\nT\u00e4ler des Inglesiente<br \/>\nHalt bei der K\u00f6nigin<br \/>\nF\u00e4hrschiff von Porto Scuso<br \/>\nBesuch in Carloforte<br \/>\nShopping<br \/>\nBequeme Kleidung u. feste Schuhe<br \/>\nHalt bei den Flamingos<\/p>\n<p><span style=\"color: #003366;\">Informationen<\/span><br \/>\nMindestteilnehmerzahl 6 Personen oder Private Tour buchen<br \/>\nPick up: 9:00-9:30 Uhr<br \/>\nPick-up: <a href=\"https:\/\/goo.gl\/maps\/kUM8jhtRSYjHDY8V9\">Piazza Yenne<\/a> (oder Unterkunft 5\u20ac extra)<br \/>\nPick up Kreuzfahrg\u00e4ste am Hafen (Abholzeit via e-mail)<br \/>\nDauer 8 Stunden<br \/>\nSouvenir Empfehlung: Tunfisch Spezialit\u00e4ten<br \/>\nMin: 6 Persone<\/p>\n<p><span style=\"color: #003366;\">Preise<\/span><br \/>\n90\u20ac\/Person<br \/>\nDas F\u00e4hrticket hin und zur\u00fcck 10\u20ac\/Person ist extra zu bezahlen<\/p>\n<p><span style=\"color: #003366;\">Buchen<\/span><br \/>\nvia\u00a0<a href=\"https:\/\/wa.me\/+393924114852\/?text=Trekking%20Tours%20Sardinia\">WhatsApp<\/a>,\u00a0<a href=\"https:\/\/t.me\/joinchat\/I01nmRv0IdOUa58L\">Telegram<\/a>\u00a0oder\u00a0<a href=\"mailto:info@secretsofsardinia.com\">e-mail<\/a><\/p>\n","protected":false},"excerpt":{"rendered":"<p>Beschreibung Auf unserem Ausflug nach Carloforte geht&#8217;s, durch die T\u00e4ler des Inglesiente, vorbei an der Burg \u201eAcqua Fredda\u201c, machen wir uns auf zu einer Audienz bei der \u201eK\u00f6nigin\u201c. Weiter geht es nach Porto Scuso und von dort mit der F\u00e4hre auf die Insel San Pietro mit dem zuckers\u00fc\u00dfen St\u00e4dtchen Carloforte. Shopping in den vertr\u00e4umten Gassen&#8230;.<\/p>\n","protected":false},"featured_media":939,"template":"","meta":{"_acf_changed":false},"product_brand":[],"product_cat":[97],"product_tag":[],"class_list":{"0":"post-1292","1":"product","2":"type-product","3":"status-publish","4":"has-post-thumbnail","6":"product_cat-privat-touren-von-cagliari-de","8":"first","9":"instock","10":"shipping-taxable","11":"purchasable","12":"product-type-simple"},"acf":[],"yoast_head":"<!-- This site is optimized with the Yoast SEO Premium plugin v27.0 (Yoast SEO v27.0) - https:\/\/yoast.com\/product\/yoast-seo-premium-wordpress\/ -->\n<title>Ausflug nach Carloforte - Secrets of Sardinia<\/title>\n<meta name=\"description\" content=\"Auf unserem Ausflug nach Carloforte fahren wir entlang der sch\u00f6nen K\u00fcstenteile des S\u00fcdwestens zum Hafen Calasetta oder Porto Vesme und besuchen die Insel ..\" \/>\n<meta name=\"robots\" content=\"index, follow, max-snippet:-1, max-image-preview:large, max-video-preview:-1\" \/>\n<link rel=\"canonical\" href=\"https:\/\/www.secretsofsardinia.com\/de\/tours\/insel-san-pietro\/\" \/>\n<meta property=\"og:locale\" content=\"de_DE\" \/>\n<meta property=\"og:type\" content=\"article\" \/>\n<meta property=\"og:title\" content=\"Excursions and Tours from Cagliari\" \/>\n<meta property=\"og:description\" content=\"&quot;Erlebe einen unvergesslichen Ausflug nach Carloforte mit traumhaften Str\u00e4nden, k\u00f6stlichem Essen und bezaubernder Atmosph\u00e4re! \ud83c\udfdd\ufe0f\u2728 #Carloforte #Sardinien #Entspannung #Urlaubstraum #Meerweh #Kulinarik #Entdecken #SonneGenie\u00dfen #Inselzauber #Abenteuerlust #AuszeitAmMeer #ParadiesEntdecken #MeerLiebe #Strandliebe #ZauberhafteOrte #Reiseinspiration #ErlebnisseAmMeer&quot;\" \/>\n<meta property=\"og:url\" content=\"https:\/\/www.secretsofsardinia.com\/de\/tours\/insel-san-pietro\/\" \/>\n<meta property=\"og:site_name\" content=\"Secrets of Sardinia\" \/>\n<meta property=\"article:publisher\" content=\"https:\/\/www.facebook.com\/secretsofsardinia\" \/>\n<meta property=\"article:modified_time\" content=\"2024-04-30T09:52:38+00:00\" \/>\n<meta property=\"og:image\" content=\"https:\/\/www.secretsofsardinia.com\/wp-content\/uploads\/2021\/11\/ferryboat-1.jpg\" \/>\n\t<meta property=\"og:image:width\" content=\"2500\" \/>\n\t<meta property=\"og:image:height\" content=\"1044\" \/>\n\t<meta property=\"og:image:type\" content=\"image\/jpeg\" \/>\n<meta name=\"twitter:card\" content=\"summary_large_image\" \/>\n<meta name=\"twitter:description\" content=\"&quot;Erlebe einen unvergesslichen Ausflug nach Carloforte mit traumhaften Str\u00e4nden, k\u00f6stlichem Essen und bezaubernder Atmosph\u00e4re! \ud83c\udfdd\ufe0f\u2728 #Carloforte #Sardinien #Entspannung #Urlaubstraum #Meerweh #Kulinarik #Entdecken #SonneGenie\u00dfen #Inselzauber #Abenteuerlust #AuszeitAmMeer #ParadiesEntdecken #MeerLiebe #Strandliebe #ZauberhafteOrte #Reiseinspiration #ErlebnisseAmMeer&quot;\" \/>\n<meta name=\"twitter:site\" content=\"@secretssardinia\" \/>\n<meta name=\"twitter:label1\" content=\"Gesch\u00e4tzte Lesezeit\" \/>\n\t<meta name=\"twitter:data1\" content=\"2\u00a0Minuten\" \/>\n<script type=\"application\/ld+json\" class=\"yoast-schema-graph\">{\"@context\":\"https:\/\/schema.org\",\"@graph\":[{\"@type\":\"WebPage\",\"@id\":\"https:\/\/www.secretsofsardinia.com\/de\/tours\/insel-san-pietro\/\",\"url\":\"https:\/\/www.secretsofsardinia.com\/de\/tours\/insel-san-pietro\/\",\"name\":\"Ausflug nach Carloforte - Secrets of Sardinia\",\"isPartOf\":{\"@id\":\"https:\/\/www.secretsofsardinia.com\/de\/#website\"},\"primaryImageOfPage\":{\"@id\":\"https:\/\/www.secretsofsardinia.com\/de\/tours\/insel-san-pietro\/#primaryimage\"},\"image\":{\"@id\":\"https:\/\/www.secretsofsardinia.com\/de\/tours\/insel-san-pietro\/#primaryimage\"},\"thumbnailUrl\":\"https:\/\/www.secretsofsardinia.com\/wp-content\/uploads\/2021\/11\/ferryboat-1.jpg\",\"datePublished\":\"2021-11-05T13:37:00+00:00\",\"dateModified\":\"2024-04-30T09:52:38+00:00\",\"description\":\"Auf unserem Ausflug nach Carloforte fahren wir entlang der sch\u00f6nen K\u00fcstenteile des S\u00fcdwestens zum Hafen Calasetta oder Porto Vesme und besuchen die Insel ..\",\"breadcrumb\":{\"@id\":\"https:\/\/www.secretsofsardinia.com\/de\/tours\/insel-san-pietro\/#breadcrumb\"},\"inLanguage\":\"de\",\"potentialAction\":[{\"@type\":\"ReadAction\",\"target\":[\"https:\/\/www.secretsofsardinia.com\/de\/tours\/insel-san-pietro\/\"]}]},{\"@type\":\"ImageObject\",\"inLanguage\":\"de\",\"@id\":\"https:\/\/www.secretsofsardinia.com\/de\/tours\/insel-san-pietro\/#primaryimage\",\"url\":\"https:\/\/www.secretsofsardinia.com\/wp-content\/uploads\/2021\/11\/ferryboat-1.jpg\",\"contentUrl\":\"https:\/\/www.secretsofsardinia.com\/wp-content\/uploads\/2021\/11\/ferryboat-1.jpg\",\"width\":2500,\"height\":1044,\"caption\":\"Carloforte F\u00e4hrschiff\"},{\"@type\":\"BreadcrumbList\",\"@id\":\"https:\/\/www.secretsofsardinia.com\/de\/tours\/insel-san-pietro\/#breadcrumb\",\"itemListElement\":[{\"@type\":\"ListItem\",\"position\":1,\"name\":\"Home\",\"item\":\"https:\/\/www.secretsofsardinia.com\/de\/\"},{\"@type\":\"ListItem\",\"position\":2,\"name\":\"Shop\",\"item\":\"https:\/\/www.secretsofsardinia.com\/de\/negozio\/\"},{\"@type\":\"ListItem\",\"position\":3,\"name\":\"Ausflug nach Carloforte\"}]},{\"@type\":\"WebSite\",\"@id\":\"https:\/\/www.secretsofsardinia.com\/de\/#website\",\"url\":\"https:\/\/www.secretsofsardinia.com\/de\/\",\"name\":\"Secrets of Sardinia\",\"description\":\"Tours in Sardinia from Cagliari\",\"publisher\":{\"@id\":\"https:\/\/www.secretsofsardinia.com\/de\/#organization\"},\"alternateName\":\"secretsofsardinia\",\"potentialAction\":[{\"@type\":\"SearchAction\",\"target\":{\"@type\":\"EntryPoint\",\"urlTemplate\":\"https:\/\/www.secretsofsardinia.com\/de\/?s={search_term_string}\"},\"query-input\":{\"@type\":\"PropertyValueSpecification\",\"valueRequired\":true,\"valueName\":\"search_term_string\"}}],\"inLanguage\":\"de\"},{\"@type\":\"Organization\",\"@id\":\"https:\/\/www.secretsofsardinia.com\/de\/#organization\",\"name\":\"Secrets of Sardinia\",\"alternateName\":\"secretsofsardinia\",\"url\":\"https:\/\/www.secretsofsardinia.com\/de\/\",\"logo\":{\"@type\":\"ImageObject\",\"inLanguage\":\"de\",\"@id\":\"https:\/\/www.secretsofsardinia.com\/de\/#\/schema\/logo\/image\/\",\"url\":\"https:\/\/www.secretsofsardinia.com\/wp-content\/uploads\/2026\/01\/logo-secretsofsardinia.jpg\",\"contentUrl\":\"https:\/\/www.secretsofsardinia.com\/wp-content\/uploads\/2026\/01\/logo-secretsofsardinia.jpg\",\"width\":696,\"height\":696,\"caption\":\"Secrets of Sardinia\"},\"image\":{\"@id\":\"https:\/\/www.secretsofsardinia.com\/de\/#\/schema\/logo\/image\/\"},\"sameAs\":[\"https:\/\/www.facebook.com\/secretsofsardinia\",\"https:\/\/x.com\/secretssardinia\",\"http:\/\/www.twitter.com\/secretsofsardinia\",\"https:\/\/it.pinterest.com\/sardiniasecrets\",\"https:\/\/www.tiktok.com\/@secretsofsardinia\",\"https:\/\/www.youtube.com\/channel\/UCqnaiBWYpXJbxyw6cE3unMA\"],\"description\":\"We organise Tours, Shore Excursions, Beach Tours and Roundtrips in Sardinia with start from Cagliari\",\"email\":\"info@secretsofsardinia.com\",\"telephone\":\"+393924114852\",\"legalName\":\"Secrets of Sardinia di Dirk Kastner\",\"foundingDate\":\"2011-01-16\",\"vatID\":\"IT-03483330928\",\"numberOfEmployees\":{\"@type\":\"QuantitativeValue\",\"minValue\":\"1\",\"maxValue\":\"10\"}}]}<\/script>\n<!-- \/ Yoast SEO Premium plugin. -->","yoast_head_json":{"title":"Ausflug nach Carloforte - Secrets of Sardinia","description":"Auf unserem Ausflug nach Carloforte fahren wir entlang der sch\u00f6nen K\u00fcstenteile des S\u00fcdwestens zum Hafen Calasetta oder Porto Vesme und besuchen die Insel ..","robots":{"index":"index","follow":"follow","max-snippet":"max-snippet:-1","max-image-preview":"max-image-preview:large","max-video-preview":"max-video-preview:-1"},"canonical":"https:\/\/www.secretsofsardinia.com\/de\/tours\/insel-san-pietro\/","og_locale":"de_DE","og_type":"article","og_title":"Excursions and Tours from Cagliari","og_description":"\"Erlebe einen unvergesslichen Ausflug nach Carloforte mit traumhaften Str\u00e4nden, k\u00f6stlichem Essen und bezaubernder Atmosph\u00e4re! \ud83c\udfdd\ufe0f\u2728 #Carloforte #Sardinien #Entspannung #Urlaubstraum #Meerweh #Kulinarik #Entdecken #SonneGenie\u00dfen #Inselzauber #Abenteuerlust #AuszeitAmMeer #ParadiesEntdecken #MeerLiebe #Strandliebe #ZauberhafteOrte #Reiseinspiration #ErlebnisseAmMeer\"","og_url":"https:\/\/www.secretsofsardinia.com\/de\/tours\/insel-san-pietro\/","og_site_name":"Secrets of Sardinia","article_publisher":"https:\/\/www.facebook.com\/secretsofsardinia","article_modified_time":"2024-04-30T09:52:38+00:00","og_image":[{"width":2500,"height":1044,"url":"https:\/\/www.secretsofsardinia.com\/wp-content\/uploads\/2021\/11\/ferryboat-1.jpg","type":"image\/jpeg"}],"twitter_card":"summary_large_image","twitter_description":"\"Erlebe einen unvergesslichen Ausflug nach Carloforte mit traumhaften Str\u00e4nden, k\u00f6stlichem Essen und bezaubernder Atmosph\u00e4re! \ud83c\udfdd\ufe0f\u2728 #Carloforte #Sardinien #Entspannung #Urlaubstraum #Meerweh #Kulinarik #Entdecken #SonneGenie\u00dfen #Inselzauber #Abenteuerlust #AuszeitAmMeer #ParadiesEntdecken #MeerLiebe #Strandliebe #ZauberhafteOrte #Reiseinspiration #ErlebnisseAmMeer\"","twitter_site":"@secretssardinia","twitter_misc":{"Gesch\u00e4tzte Lesezeit":"2\u00a0Minuten"},"schema":{"@context":"https:\/\/schema.org","@graph":[{"@type":"WebPage","@id":"https:\/\/www.secretsofsardinia.com\/de\/tours\/insel-san-pietro\/","url":"https:\/\/www.secretsofsardinia.com\/de\/tours\/insel-san-pietro\/","name":"Ausflug nach Carloforte - Secrets of Sardinia","isPartOf":{"@id":"https:\/\/www.secretsofsardinia.com\/de\/#website"},"primaryImageOfPage":{"@id":"https:\/\/www.secretsofsardinia.com\/de\/tours\/insel-san-pietro\/#primaryimage"},"image":{"@id":"https:\/\/www.secretsofsardinia.com\/de\/tours\/insel-san-pietro\/#primaryimage"},"thumbnailUrl":"https:\/\/www.secretsofsardinia.com\/wp-content\/uploads\/2021\/11\/ferryboat-1.jpg","datePublished":"2021-11-05T13:37:00+00:00","dateModified":"2024-04-30T09:52:38+00:00","description":"Auf unserem Ausflug nach Carloforte fahren wir entlang der sch\u00f6nen K\u00fcstenteile des S\u00fcdwestens zum Hafen Calasetta oder Porto Vesme und besuchen die Insel ..","breadcrumb":{"@id":"https:\/\/www.secretsofsardinia.com\/de\/tours\/insel-san-pietro\/#breadcrumb"},"inLanguage":"de","potentialAction":[{"@type":"ReadAction","target":["https:\/\/www.secretsofsardinia.com\/de\/tours\/insel-san-pietro\/"]}]},{"@type":"ImageObject","inLanguage":"de","@id":"https:\/\/www.secretsofsardinia.com\/de\/tours\/insel-san-pietro\/#primaryimage","url":"https:\/\/www.secretsofsardinia.com\/wp-content\/uploads\/2021\/11\/ferryboat-1.jpg","contentUrl":"https:\/\/www.secretsofsardinia.com\/wp-content\/uploads\/2021\/11\/ferryboat-1.jpg","width":2500,"height":1044,"caption":"Carloforte F\u00e4hrschiff"},{"@type":"BreadcrumbList","@id":"https:\/\/www.secretsofsardinia.com\/de\/tours\/insel-san-pietro\/#breadcrumb","itemListElement":[{"@type":"ListItem","position":1,"name":"Home","item":"https:\/\/www.secretsofsardinia.com\/de\/"},{"@type":"ListItem","position":2,"name":"Shop","item":"https:\/\/www.secretsofsardinia.com\/de\/negozio\/"},{"@type":"ListItem","position":3,"name":"Ausflug nach Carloforte"}]},{"@type":"WebSite","@id":"https:\/\/www.secretsofsardinia.com\/de\/#website","url":"https:\/\/www.secretsofsardinia.com\/de\/","name":"Secrets of Sardinia","description":"Tours in Sardinia from Cagliari","publisher":{"@id":"https:\/\/www.secretsofsardinia.com\/de\/#organization"},"alternateName":"secretsofsardinia","potentialAction":[{"@type":"SearchAction","target":{"@type":"EntryPoint","urlTemplate":"https:\/\/www.secretsofsardinia.com\/de\/?s={search_term_string}"},"query-input":{"@type":"PropertyValueSpecification","valueRequired":true,"valueName":"search_term_string"}}],"inLanguage":"de"},{"@type":"Organization","@id":"https:\/\/www.secretsofsardinia.com\/de\/#organization","name":"Secrets of Sardinia","alternateName":"secretsofsardinia","url":"https:\/\/www.secretsofsardinia.com\/de\/","logo":{"@type":"ImageObject","inLanguage":"de","@id":"https:\/\/www.secretsofsardinia.com\/de\/#\/schema\/logo\/image\/","url":"https:\/\/www.secretsofsardinia.com\/wp-content\/uploads\/2026\/01\/logo-secretsofsardinia.jpg","contentUrl":"https:\/\/www.secretsofsardinia.com\/wp-content\/uploads\/2026\/01\/logo-secretsofsardinia.jpg","width":696,"height":696,"caption":"Secrets of Sardinia"},"image":{"@id":"https:\/\/www.secretsofsardinia.com\/de\/#\/schema\/logo\/image\/"},"sameAs":["https:\/\/www.facebook.com\/secretsofsardinia","https:\/\/x.com\/secretssardinia","http:\/\/www.twitter.com\/secretsofsardinia","https:\/\/it.pinterest.com\/sardiniasecrets","https:\/\/www.tiktok.com\/@secretsofsardinia","https:\/\/www.youtube.com\/channel\/UCqnaiBWYpXJbxyw6cE3unMA"],"description":"We organise Tours, Shore Excursions, Beach Tours and Roundtrips in Sardinia with start from Cagliari","email":"info@secretsofsardinia.com","telephone":"+393924114852","legalName":"Secrets of Sardinia di Dirk Kastner","foundingDate":"2011-01-16","vatID":"IT-03483330928","numberOfEmployees":{"@type":"QuantitativeValue","minValue":"1","maxValue":"10"}}]}},"_links":{"self":[{"href":"https:\/\/www.secretsofsardinia.com\/de\/wp-json\/wp\/v2\/product\/1292","targetHints":{"allow":["GET"]}}],"collection":[{"href":"https:\/\/www.secretsofsardinia.com\/de\/wp-json\/wp\/v2\/product"}],"about":[{"href":"https:\/\/www.secretsofsardinia.com\/de\/wp-json\/wp\/v2\/types\/product"}],"wp:featuredmedia":[{"embeddable":true,"href":"https:\/\/www.secretsofsardinia.com\/de\/wp-json\/wp\/v2\/media\/939"}],"wp:attachment":[{"href":"https:\/\/www.secretsofsardinia.com\/de\/wp-json\/wp\/v2\/media?parent=1292"}],"wp:term":[{"taxonomy":"product_brand","embeddable":true,"href":"https:\/\/www.secretsofsardinia.com\/de\/wp-json\/wp\/v2\/product_brand?post=1292"},{"taxonomy":"product_cat","embeddable":true,"href":"https:\/\/www.secretsofsardinia.com\/de\/wp-json\/wp\/v2\/product_cat?post=1292"},{"taxonomy":"product_tag","embeddable":true,"href":"https:\/\/www.secretsofsardinia.com\/de\/wp-json\/wp\/v2\/product_tag?post=1292"}],"curies":[{"name":"wp","href":"https:\/\/api.w.org\/{rel}","templated":true}]}}