{"id":1296,"date":"2021-11-05T13:28:26","date_gmt":"2021-11-05T13:28:26","guid":{"rendered":"https:\/\/www.secretsofsardinia.com\/product\/panorama-tour-costa-verde\/"},"modified":"2023-03-13T14:51:34","modified_gmt":"2023-03-13T14:51:34","slug":"panorama-tour-costa-verde","status":"publish","type":"product","link":"https:\/\/www.secretsofsardinia.com\/de\/tours\/panorama-tour-costa-verde\/","title":{"rendered":"Panorama Tour Costa Verde"},"content":{"rendered":"<p><span style=\"color: #003366;\">Beschreibung<\/span><br \/>\nDie Costa Verde, die gr\u00fcne K\u00fcste im S\u00fcdwesten Sardiniens, ist wild und kaum besiedelt. M\u00e4chtige Sandd\u00fcnen, zerkl\u00fcftete Felsen und uralte W\u00e4lder mit B\u00e4umen, die \u00fcber die Jahrhunderte von Wind und Wetter geformt wurden, bilden eine der abwechslungsreichsten Landschaften, die Sie auf Sardinien finden k\u00f6nnen.<\/p>\n<p>Unendlich scheinende Sandstr\u00e4nde trennen das Meer von den D\u00fcnen, die von Hirschen, Damwild, Wildschweinen, Hasen und Wildkatzen bev\u00f6lkert werden.<\/p>\n<p>Mitten im Nirgendwo begegnen Ihnen Schafe und Ziegen mitten auf der Stra\u00dfe, in m\u00e4chtigen Steineichen- und Korkeichenw\u00e4ldern verstecken sich alte Tempelanlagen und verlassene Bergbaugebiete.<\/p>\n<p>Das ist die wilde Seite Sardiniens, die dich mit ihrer Sch\u00f6nheit in ihren Bann ziehen wird.<\/p>\n<p><span style=\"color: #003366;\">Ausflugsziele<\/span><br \/>\nSandd\u00fcnen Piscinas oder Scivu (je nach Strassenzustand<br \/>\nIngurtosu<br \/>\nPortixeddu<br \/>\nCapo Pecora oder Cala Domestica<br \/>\nZuckerhut<br \/>\nPanoramaweg von Nebida<\/p>\n<p><span style=\"color: #003366;\">Informationen<\/span><br \/>\nPick up: 9:00-9:30 Uhr<br \/>\nPick-up: <a href=\"https:\/\/goo.gl\/maps\/kUM8jhtRSYjHDY8V9\">Piazza Yenne<\/a> (oder Unterkunft 5\u20ac extra)<br \/>\nPick up Kreuzfahrg\u00e4ste am Hafen (Abholzeit via e-mail)<br \/>\nDauer 7-8 Stunden<br \/>\nBequeme Kleidung u. feste Schuhe<br \/>\nBadesachen u. Handtuch<br \/>\nMin. 6 Personen<\/p>\n<p><span style=\"color: #003366;\">Preise<\/span><br \/>\n90\u20ac\/Person<\/p>\n<p>Keine Tickets notwendig<\/p>\n<p><span style=\"color: #003366;\">Buchen<\/span><br \/>\nvia\u00a0<a href=\"https:\/\/wa.me\/+393924114852\/?text=Trekking%20Tours%20Sardinia\">WhatsApp<\/a>,\u00a0<a href=\"https:\/\/t.me\/joinchat\/I01nmRv0IdOUa58L\">Telegram<\/a>\u00a0oder\u00a0<a href=\"mailto:info@secretsofsardinia.com\">e-mail<\/a><\/p>\n<p><span style=\"color: #003366;\">Sonderangebot f\u00fcr Gruppen<br \/>\n<\/span>Stellst du eine Gruppe von 8 Personen zusammen ist dein Ausflug gratis (Eintritte, Verpflegung nicht). Du kannst leicht interessierte Personen \u00fcber das Cruise Critic Forum oder \u00fcber die Social Network finden.<\/p>\n","protected":false},"excerpt":{"rendered":"<p><span style=\"color: #003366;\"><strong><img loading=\"lazy\" decoding=\"async\" class=\"alignnone size-full wp-image-1003\" src=\"https:\/\/www.secretsofsardinia.com\/wp-content\/uploads\/2021\/10\/anker.png\" alt=\"\" width=\"20\" height=\"20\" \/><br \/>\nAuch perfekt f\u00fcr Kreuzfahrg\u00e4ste\u00a0<\/strong><\/span><\/p>\n<p><span style=\"color: #003366;\">Warum machst du diese Tour?<\/span><br \/>\nWeil sie billiger ist als ein teueres Auto zu mieten und teueren Sprit zu tanken<br \/>\nDu sparst viel Zeit<br \/>\nDu entspannst dich und genie\u00dft Landschaft und Highlights<br \/>\nWildpferde ohne uns zu sehen wird schwierig<br \/>\nDu hast eine gute \u00d6kobilanz weil 1 Auto f\u00e4hrt anstatt 4<\/p>\n","protected":false},"featured_media":955,"template":"","meta":{"_acf_changed":false},"product_brand":[],"product_cat":[97],"product_tag":[],"class_list":{"0":"post-1296","1":"product","2":"type-product","3":"status-publish","4":"has-post-thumbnail","6":"product_cat-privat-touren-von-cagliari-de","8":"first","9":"instock","10":"shipping-taxable","11":"purchasable","12":"product-type-simple"},"acf":[],"yoast_head":"<!-- This site is optimized with the Yoast SEO Premium plugin v27.0 (Yoast SEO v27.0) - https:\/\/yoast.com\/product\/yoast-seo-premium-wordpress\/ -->\n<title>Spektakul\u00e4re Landschaften Sardiniens | Entlang der Costa Verde<\/title>\n<meta name=\"description\" content=\"Die Westk\u00fcste Sardiniens ist von unvergleichlicher Sch\u00f6nheit. Riesige Sandd\u00fcnen, traumhafte, kilometerlange Str\u00e4nde und unvergessliche Panoramen erwarten...\" \/>\n<meta name=\"robots\" content=\"index, follow, max-snippet:-1, max-image-preview:large, max-video-preview:-1\" \/>\n<link rel=\"canonical\" href=\"https:\/\/www.secretsofsardinia.com\/de\/tours\/panorama-tour-costa-verde\/\" \/>\n<meta property=\"og:locale\" content=\"de_DE\" \/>\n<meta property=\"og:type\" content=\"article\" \/>\n<meta property=\"og:title\" content=\"Excursions and Tours from Cagliari\" \/>\n<meta property=\"og:description\" content=\"We do shore excursions, beach tours and roundtrips in Sardinia. All for your best Sardinia experience\" \/>\n<meta property=\"og:url\" content=\"https:\/\/www.secretsofsardinia.com\/de\/tours\/panorama-tour-costa-verde\/\" \/>\n<meta property=\"og:site_name\" content=\"Secrets of Sardinia\" \/>\n<meta property=\"article:publisher\" content=\"https:\/\/www.facebook.com\/secretsofsardinia\" \/>\n<meta property=\"article:modified_time\" content=\"2023-03-13T14:51:34+00:00\" \/>\n<meta property=\"og:image\" content=\"https:\/\/www.secretsofsardinia.com\/wp-content\/uploads\/2021\/11\/piscinas-costa-verde-scaled.jpg\" \/>\n\t<meta property=\"og:image:width\" content=\"960\" \/>\n\t<meta property=\"og:image:height\" content=\"307\" \/>\n\t<meta property=\"og:image:type\" content=\"image\/jpeg\" \/>\n<meta name=\"twitter:card\" content=\"summary_large_image\" \/>\n<meta name=\"twitter:site\" content=\"@secretssardinia\" \/>\n<meta name=\"twitter:label1\" content=\"Gesch\u00e4tzte Lesezeit\" \/>\n\t<meta name=\"twitter:data1\" content=\"1\u00a0Minute\" \/>\n<script type=\"application\/ld+json\" class=\"yoast-schema-graph\">{\"@context\":\"https:\/\/schema.org\",\"@graph\":[{\"@type\":\"WebPage\",\"@id\":\"https:\/\/www.secretsofsardinia.com\/de\/tours\/panorama-tour-costa-verde\/\",\"url\":\"https:\/\/www.secretsofsardinia.com\/de\/tours\/panorama-tour-costa-verde\/\",\"name\":\"Spektakul\u00e4re Landschaften Sardiniens | Entlang der Costa Verde\",\"isPartOf\":{\"@id\":\"https:\/\/www.secretsofsardinia.com\/de\/#website\"},\"primaryImageOfPage\":{\"@id\":\"https:\/\/www.secretsofsardinia.com\/de\/tours\/panorama-tour-costa-verde\/#primaryimage\"},\"image\":{\"@id\":\"https:\/\/www.secretsofsardinia.com\/de\/tours\/panorama-tour-costa-verde\/#primaryimage\"},\"thumbnailUrl\":\"https:\/\/www.secretsofsardinia.com\/wp-content\/uploads\/2021\/11\/piscinas-costa-verde-scaled.jpg\",\"datePublished\":\"2021-11-05T13:28:26+00:00\",\"dateModified\":\"2023-03-13T14:51:34+00:00\",\"description\":\"Die Westk\u00fcste Sardiniens ist von unvergleichlicher Sch\u00f6nheit. Riesige Sandd\u00fcnen, traumhafte, kilometerlange Str\u00e4nde und unvergessliche Panoramen erwarten...\",\"breadcrumb\":{\"@id\":\"https:\/\/www.secretsofsardinia.com\/de\/tours\/panorama-tour-costa-verde\/#breadcrumb\"},\"inLanguage\":\"de\",\"potentialAction\":[{\"@type\":\"ReadAction\",\"target\":[\"https:\/\/www.secretsofsardinia.com\/de\/tours\/panorama-tour-costa-verde\/\"]}]},{\"@type\":\"ImageObject\",\"inLanguage\":\"de\",\"@id\":\"https:\/\/www.secretsofsardinia.com\/de\/tours\/panorama-tour-costa-verde\/#primaryimage\",\"url\":\"https:\/\/www.secretsofsardinia.com\/wp-content\/uploads\/2021\/11\/piscinas-costa-verde-scaled.jpg\",\"contentUrl\":\"https:\/\/www.secretsofsardinia.com\/wp-content\/uploads\/2021\/11\/piscinas-costa-verde-scaled.jpg\",\"width\":960,\"height\":307,\"caption\":\"Piscinas Costa Verde\"},{\"@type\":\"BreadcrumbList\",\"@id\":\"https:\/\/www.secretsofsardinia.com\/de\/tours\/panorama-tour-costa-verde\/#breadcrumb\",\"itemListElement\":[{\"@type\":\"ListItem\",\"position\":1,\"name\":\"Home\",\"item\":\"https:\/\/www.secretsofsardinia.com\/de\/\"},{\"@type\":\"ListItem\",\"position\":2,\"name\":\"Shop\",\"item\":\"https:\/\/www.secretsofsardinia.com\/de\/negozio\/\"},{\"@type\":\"ListItem\",\"position\":3,\"name\":\"Panorama Tour Costa Verde\"}]},{\"@type\":\"WebSite\",\"@id\":\"https:\/\/www.secretsofsardinia.com\/de\/#website\",\"url\":\"https:\/\/www.secretsofsardinia.com\/de\/\",\"name\":\"Secrets of Sardinia\",\"description\":\"Tours in Sardinia from Cagliari\",\"publisher\":{\"@id\":\"https:\/\/www.secretsofsardinia.com\/de\/#organization\"},\"alternateName\":\"secretsofsardinia\",\"potentialAction\":[{\"@type\":\"SearchAction\",\"target\":{\"@type\":\"EntryPoint\",\"urlTemplate\":\"https:\/\/www.secretsofsardinia.com\/de\/?s={search_term_string}\"},\"query-input\":{\"@type\":\"PropertyValueSpecification\",\"valueRequired\":true,\"valueName\":\"search_term_string\"}}],\"inLanguage\":\"de\"},{\"@type\":\"Organization\",\"@id\":\"https:\/\/www.secretsofsardinia.com\/de\/#organization\",\"name\":\"Secrets of Sardinia\",\"alternateName\":\"secretsofsardinia\",\"url\":\"https:\/\/www.secretsofsardinia.com\/de\/\",\"logo\":{\"@type\":\"ImageObject\",\"inLanguage\":\"de\",\"@id\":\"https:\/\/www.secretsofsardinia.com\/de\/#\/schema\/logo\/image\/\",\"url\":\"https:\/\/www.secretsofsardinia.com\/wp-content\/uploads\/2026\/01\/logo-secretsofsardinia.jpg\",\"contentUrl\":\"https:\/\/www.secretsofsardinia.com\/wp-content\/uploads\/2026\/01\/logo-secretsofsardinia.jpg\",\"width\":696,\"height\":696,\"caption\":\"Secrets of Sardinia\"},\"image\":{\"@id\":\"https:\/\/www.secretsofsardinia.com\/de\/#\/schema\/logo\/image\/\"},\"sameAs\":[\"https:\/\/www.facebook.com\/secretsofsardinia\",\"https:\/\/x.com\/secretssardinia\",\"http:\/\/www.twitter.com\/secretsofsardinia\",\"https:\/\/it.pinterest.com\/sardiniasecrets\",\"https:\/\/www.tiktok.com\/@secretsofsardinia\",\"https:\/\/www.youtube.com\/channel\/UCqnaiBWYpXJbxyw6cE3unMA\"],\"description\":\"We organise Tours, Shore Excursions, Beach Tours and Roundtrips in Sardinia with start from Cagliari\",\"email\":\"info@secretsofsardinia.com\",\"telephone\":\"+393924114852\",\"legalName\":\"Secrets of Sardinia di Dirk Kastner\",\"foundingDate\":\"2011-01-16\",\"vatID\":\"IT-03483330928\",\"numberOfEmployees\":{\"@type\":\"QuantitativeValue\",\"minValue\":\"1\",\"maxValue\":\"10\"}}]}<\/script>\n<!-- \/ Yoast SEO Premium plugin. -->","yoast_head_json":{"title":"Spektakul\u00e4re Landschaften Sardiniens | Entlang der Costa Verde","description":"Die Westk\u00fcste Sardiniens ist von unvergleichlicher Sch\u00f6nheit. Riesige Sandd\u00fcnen, traumhafte, kilometerlange Str\u00e4nde und unvergessliche Panoramen erwarten...","robots":{"index":"index","follow":"follow","max-snippet":"max-snippet:-1","max-image-preview":"max-image-preview:large","max-video-preview":"max-video-preview:-1"},"canonical":"https:\/\/www.secretsofsardinia.com\/de\/tours\/panorama-tour-costa-verde\/","og_locale":"de_DE","og_type":"article","og_title":"Excursions and Tours from Cagliari","og_description":"We do shore excursions, beach tours and roundtrips in Sardinia. All for your best Sardinia experience","og_url":"https:\/\/www.secretsofsardinia.com\/de\/tours\/panorama-tour-costa-verde\/","og_site_name":"Secrets of Sardinia","article_publisher":"https:\/\/www.facebook.com\/secretsofsardinia","article_modified_time":"2023-03-13T14:51:34+00:00","og_image":[{"width":960,"height":307,"url":"https:\/\/www.secretsofsardinia.com\/wp-content\/uploads\/2021\/11\/piscinas-costa-verde-scaled.jpg","type":"image\/jpeg"}],"twitter_card":"summary_large_image","twitter_site":"@secretssardinia","twitter_misc":{"Gesch\u00e4tzte Lesezeit":"1\u00a0Minute"},"schema":{"@context":"https:\/\/schema.org","@graph":[{"@type":"WebPage","@id":"https:\/\/www.secretsofsardinia.com\/de\/tours\/panorama-tour-costa-verde\/","url":"https:\/\/www.secretsofsardinia.com\/de\/tours\/panorama-tour-costa-verde\/","name":"Spektakul\u00e4re Landschaften Sardiniens | Entlang der Costa Verde","isPartOf":{"@id":"https:\/\/www.secretsofsardinia.com\/de\/#website"},"primaryImageOfPage":{"@id":"https:\/\/www.secretsofsardinia.com\/de\/tours\/panorama-tour-costa-verde\/#primaryimage"},"image":{"@id":"https:\/\/www.secretsofsardinia.com\/de\/tours\/panorama-tour-costa-verde\/#primaryimage"},"thumbnailUrl":"https:\/\/www.secretsofsardinia.com\/wp-content\/uploads\/2021\/11\/piscinas-costa-verde-scaled.jpg","datePublished":"2021-11-05T13:28:26+00:00","dateModified":"2023-03-13T14:51:34+00:00","description":"Die Westk\u00fcste Sardiniens ist von unvergleichlicher Sch\u00f6nheit. Riesige Sandd\u00fcnen, traumhafte, kilometerlange Str\u00e4nde und unvergessliche Panoramen erwarten...","breadcrumb":{"@id":"https:\/\/www.secretsofsardinia.com\/de\/tours\/panorama-tour-costa-verde\/#breadcrumb"},"inLanguage":"de","potentialAction":[{"@type":"ReadAction","target":["https:\/\/www.secretsofsardinia.com\/de\/tours\/panorama-tour-costa-verde\/"]}]},{"@type":"ImageObject","inLanguage":"de","@id":"https:\/\/www.secretsofsardinia.com\/de\/tours\/panorama-tour-costa-verde\/#primaryimage","url":"https:\/\/www.secretsofsardinia.com\/wp-content\/uploads\/2021\/11\/piscinas-costa-verde-scaled.jpg","contentUrl":"https:\/\/www.secretsofsardinia.com\/wp-content\/uploads\/2021\/11\/piscinas-costa-verde-scaled.jpg","width":960,"height":307,"caption":"Piscinas Costa Verde"},{"@type":"BreadcrumbList","@id":"https:\/\/www.secretsofsardinia.com\/de\/tours\/panorama-tour-costa-verde\/#breadcrumb","itemListElement":[{"@type":"ListItem","position":1,"name":"Home","item":"https:\/\/www.secretsofsardinia.com\/de\/"},{"@type":"ListItem","position":2,"name":"Shop","item":"https:\/\/www.secretsofsardinia.com\/de\/negozio\/"},{"@type":"ListItem","position":3,"name":"Panorama Tour Costa Verde"}]},{"@type":"WebSite","@id":"https:\/\/www.secretsofsardinia.com\/de\/#website","url":"https:\/\/www.secretsofsardinia.com\/de\/","name":"Secrets of Sardinia","description":"Tours in Sardinia from Cagliari","publisher":{"@id":"https:\/\/www.secretsofsardinia.com\/de\/#organization"},"alternateName":"secretsofsardinia","potentialAction":[{"@type":"SearchAction","target":{"@type":"EntryPoint","urlTemplate":"https:\/\/www.secretsofsardinia.com\/de\/?s={search_term_string}"},"query-input":{"@type":"PropertyValueSpecification","valueRequired":true,"valueName":"search_term_string"}}],"inLanguage":"de"},{"@type":"Organization","@id":"https:\/\/www.secretsofsardinia.com\/de\/#organization","name":"Secrets of Sardinia","alternateName":"secretsofsardinia","url":"https:\/\/www.secretsofsardinia.com\/de\/","logo":{"@type":"ImageObject","inLanguage":"de","@id":"https:\/\/www.secretsofsardinia.com\/de\/#\/schema\/logo\/image\/","url":"https:\/\/www.secretsofsardinia.com\/wp-content\/uploads\/2026\/01\/logo-secretsofsardinia.jpg","contentUrl":"https:\/\/www.secretsofsardinia.com\/wp-content\/uploads\/2026\/01\/logo-secretsofsardinia.jpg","width":696,"height":696,"caption":"Secrets of Sardinia"},"image":{"@id":"https:\/\/www.secretsofsardinia.com\/de\/#\/schema\/logo\/image\/"},"sameAs":["https:\/\/www.facebook.com\/secretsofsardinia","https:\/\/x.com\/secretssardinia","http:\/\/www.twitter.com\/secretsofsardinia","https:\/\/it.pinterest.com\/sardiniasecrets","https:\/\/www.tiktok.com\/@secretsofsardinia","https:\/\/www.youtube.com\/channel\/UCqnaiBWYpXJbxyw6cE3unMA"],"description":"We organise Tours, Shore Excursions, Beach Tours and Roundtrips in Sardinia with start from Cagliari","email":"info@secretsofsardinia.com","telephone":"+393924114852","legalName":"Secrets of Sardinia di Dirk Kastner","foundingDate":"2011-01-16","vatID":"IT-03483330928","numberOfEmployees":{"@type":"QuantitativeValue","minValue":"1","maxValue":"10"}}]}},"_links":{"self":[{"href":"https:\/\/www.secretsofsardinia.com\/de\/wp-json\/wp\/v2\/product\/1296","targetHints":{"allow":["GET"]}}],"collection":[{"href":"https:\/\/www.secretsofsardinia.com\/de\/wp-json\/wp\/v2\/product"}],"about":[{"href":"https:\/\/www.secretsofsardinia.com\/de\/wp-json\/wp\/v2\/types\/product"}],"wp:featuredmedia":[{"embeddable":true,"href":"https:\/\/www.secretsofsardinia.com\/de\/wp-json\/wp\/v2\/media\/955"}],"wp:attachment":[{"href":"https:\/\/www.secretsofsardinia.com\/de\/wp-json\/wp\/v2\/media?parent=1296"}],"wp:term":[{"taxonomy":"product_brand","embeddable":true,"href":"https:\/\/www.secretsofsardinia.com\/de\/wp-json\/wp\/v2\/product_brand?post=1296"},{"taxonomy":"product_cat","embeddable":true,"href":"https:\/\/www.secretsofsardinia.com\/de\/wp-json\/wp\/v2\/product_cat?post=1296"},{"taxonomy":"product_tag","embeddable":true,"href":"https:\/\/www.secretsofsardinia.com\/de\/wp-json\/wp\/v2\/product_tag?post=1296"}],"curies":[{"name":"wp","href":"https:\/\/api.w.org\/{rel}","templated":true}]}}