{"id":13549,"date":"2026-02-25T12:46:59","date_gmt":"2026-02-25T12:46:59","guid":{"rendered":"https:\/\/www.secretsofsardinia.com\/?post_type=product&#038;p=13549"},"modified":"2026-02-26T08:41:00","modified_gmt":"2026-02-26T08:41:00","slug":"rundreise-sardinien-intensiv","status":"publish","type":"product","link":"https:\/\/www.secretsofsardinia.com\/de\/tours\/rundreise-sardinien-intensiv\/","title":{"rendered":"Rundreise Sardinien Intensiv"},"content":{"rendered":"<p class=\"p1\">Eine Woche Rundreise Sardinien Intensiv. Tauche ein in die faszinierende Welt Sardiniens: Von uralten Fossilien bis zu geheimnisvollen Nuraghen, von t\u00fcrkisblauen Buchten bis zu hei\u00dfen Thermalquellen. Unsere einw\u00f6chige Rundreise entf\u00fchrt dich durch die spannendsten Landschaften und Kultursch\u00e4tze der Insel.<\/p>\n<p class=\"p1\"><b><span style=\"color: #010e4a;\">Highlights<\/span><br \/>\n<\/b><strong>Reise durch die Erdgeschichte Sardiniens<\/strong><\/p>\n<p class=\"p1\"><strong>Seen und Wasserf\u00e4lle<\/strong><\/p>\n<p class=\"p1\"><strong>K\u00fcstenlandschaften im S\u00fcdosten<\/strong><\/p>\n<p class=\"p1\"><strong>Historische Highlights und viel Natur<\/strong><\/p>\n<p class=\"p1\"><strong>Die Sch\u00e4tze des Nordens<\/strong><\/p>\n<p class=\"p1\"><strong>Sardiniens R\u00e4tsel und Heisse Quellen<\/strong><\/p>\n<p class=\"p1\"><b><span style=\"color: #010e4a;\">Info<\/span><br \/>\n<\/b>Wir organisieren Rundreisen nur f\u00fcr kleine Gruppen, normalerweise 4-8 Personen. Auf Anfrage k\u00f6nnen wir auch mehr abwickeln, aber wir machen das nur mit maximal 8 Personen pro Auto.<br \/>\nWir w\u00e4hlen die Unterk\u00fcnfte sorgf\u00e4ltig aus, weil wir ausgezeichnetes Essen, bequeme Betten, saubere Badezimmer und sch\u00f6ne Unterk\u00fcnfte m\u00f6gen. Die Unterk\u00fcnfte sind gute Bed&amp;Breakfast\u2019s oder Agriturismi.<span class=\"Apple-converted-space\">\u00a0<\/span><\/p>\n<p class=\"p1\">F\u00fcr die Wochenreise sind 2 Unterk\u00fcnfte in taktischen Positionen vorgesehen. Das spart jede Menge Zeit die wir nicht mit ein un auschecken vergeuden sondern mit Highlights.<\/p>\n<p class=\"p1\"><b><span style=\"color: #010e4a;\">Inbegriffen<\/span><br \/>\n<\/b>Inbegriffen sind Flughafentransfer, Unterkunft mit Fr\u00fchst\u00fcck\u00a0 sowie die Tickets f\u00fcr die Sehensw\u00fcrdigkeiten, die wir besuchen werden.<\/p>\n<p class=\"p1\"><b><span style=\"color: #010e4a;\">Nicht inbegriffen<\/span><br \/>\n<\/b>Flug<br \/>\nMittag und Abendessen<br \/>\nGetr\u00e4nke<\/p>\n<p><span style=\"color: #010e4a;\"><strong>2026<\/strong><\/span><br \/>\n28 M\u00e4rz \u2013 4 April<br \/>\n18 April \u2013 25 April<br \/>\n9 Mai \u2013 16 Mai<br \/>\n10-17 Oktober<br \/>\n24 \u2013 31 Oktober<\/p>\n<p><span style=\"color: #010e4a;\"><strong>Details<br \/>\n<\/strong><a href=\"https:\/\/www.secretsofsardinia.com\/wp-content\/uploads\/2026\/02\/rundreise-sued-nord-web-1.pdf\">Rundreise Sardinien Intensiv PDF<\/a><\/span><\/p>\n<p class=\"p1\"><span style=\"color: #010e4a;\"><strong>Preise<\/strong><\/span><\/p>\n<p class=\"p1\">ab\u00a0<span style=\"font-size: 32px; color: #008000;\"><strong>980\u20ac<\/strong><\/span>\/Person<\/p>\n<p class=\"p1\">Fl\u00fcge<br \/>\nG\u00fcnstige Fl\u00fcge findest du \u00fcber:<\/p>\n<p class=\"p1\"><span class=\"s1\"><a href=\"https:\/\/www.ryanair.com\/de\/de\">Ryanair<\/a><\/span>\u00a0|\u00a0<a href=\"https:\/\/www.easyjet.com\/de\/\"><span class=\"s1\">Easyjet<\/span><\/a>\u00a0|\u00a0<a href=\"https:\/\/www.eurowings.com\/de.html\"><span class=\"s1\">Eurowings<\/span><\/a>\u00a0|\u00a0<a href=\"https:\/\/www.volotea.com\/de\/\"><span class=\"s1\">Volotea<\/span><\/a><\/p>\n<p class=\"p1\">Buchungen und Info\u2019s<br \/>\nvia\u00a0<a href=\"https:\/\/wa.me\/+393924114852\/?text=Trekking%20Tours%20Sardinia\"><span class=\"s1\">WhatsApp\u00a0<\/span><\/a>\u00a0oder\u00a0<a href=\"mailto:info@secretsofsardinia.com\"><span class=\"s1\">e-mail<\/span><\/a><\/p>\n","protected":false},"excerpt":{"rendered":"<p>Eine Woche Rundreise Sardinien Intensiv. Tauche ein in die faszinierende Welt Sardiniens: Von uralten Fossilien bis zu geheimnisvollen Nuraghen, von t\u00fcrkisblauen Buchten bis zu hei\u00dfen Thermalquellen. Unsere einw\u00f6chige Rundreise entf\u00fchrt dich durch die spannendsten Landschaften und Kultursch\u00e4tze der Insel. Highlights Reise durch die Erdgeschichte Sardiniens Seen und Wasserf\u00e4lle K\u00fcstenlandschaften im S\u00fcdosten Historische Highlights und viel&#8230;<\/p>\n","protected":false},"featured_media":13552,"template":"","meta":{"_acf_changed":false},"product_brand":[],"product_cat":[100],"product_tag":[],"class_list":{"0":"post-13549","1":"product","2":"type-product","3":"status-publish","4":"has-post-thumbnail","6":"product_cat-rundreisen-auf-sardinien","8":"first","9":"instock","10":"shipping-taxable","11":"purchasable","12":"product-type-simple"},"acf":[],"yoast_head":"<!-- This site is optimized with the Yoast SEO Premium plugin v27.0 (Yoast SEO v27.0) - https:\/\/yoast.com\/product\/yoast-seo-premium-wordpress\/ -->\n<title>Rundreise Sardinien Intensiv - Secrets of Sardinia<\/title>\n<meta name=\"description\" content=\"Entdecke Sardiniens Geheimnisse: Nuraghen, Fossilien, t\u00fcrkisblaue Buchten &amp; Thermalquellen. Eine Woche Rundreise durch die faszinierendsten Landschaften.\" \/>\n<meta name=\"robots\" content=\"index, follow, max-snippet:-1, max-image-preview:large, max-video-preview:-1\" \/>\n<link rel=\"canonical\" href=\"https:\/\/www.secretsofsardinia.com\/de\/tours\/rundreise-sardinien-intensiv\/\" \/>\n<meta property=\"og:locale\" content=\"de_DE\" \/>\n<meta property=\"og:type\" content=\"article\" \/>\n<meta property=\"og:title\" content=\"Excursions and Tours from Cagliari\" \/>\n<meta property=\"og:description\" content=\"We do shore excursions, beach tours and roundtrips in Sardinia. All for your best Sardinia experience\" \/>\n<meta property=\"og:url\" content=\"https:\/\/www.secretsofsardinia.com\/de\/tours\/rundreise-sardinien-intensiv\/\" \/>\n<meta property=\"og:site_name\" content=\"Secrets of Sardinia\" \/>\n<meta property=\"article:publisher\" content=\"https:\/\/www.facebook.com\/secretsofsardinia\" \/>\n<meta property=\"article:modified_time\" content=\"2026-02-26T08:41:00+00:00\" \/>\n<meta property=\"og:image\" content=\"https:\/\/www.secretsofsardinia.com\/wp-content\/uploads\/2026\/02\/rundreise-sardinien-intensiv.jpg\" \/>\n\t<meta property=\"og:image:width\" content=\"1600\" \/>\n\t<meta property=\"og:image:height\" content=\"1200\" \/>\n\t<meta property=\"og:image:type\" content=\"image\/jpeg\" \/>\n<meta name=\"twitter:card\" content=\"summary_large_image\" \/>\n<meta name=\"twitter:site\" content=\"@secretssardinia\" \/>\n<meta name=\"twitter:label1\" content=\"Gesch\u00e4tzte Lesezeit\" \/>\n\t<meta name=\"twitter:data1\" content=\"2\u00a0Minuten\" \/>\n<script type=\"application\/ld+json\" class=\"yoast-schema-graph\">{\"@context\":\"https:\/\/schema.org\",\"@graph\":[{\"@type\":\"WebPage\",\"@id\":\"https:\/\/www.secretsofsardinia.com\/de\/tours\/rundreise-sardinien-intensiv\/\",\"url\":\"https:\/\/www.secretsofsardinia.com\/de\/tours\/rundreise-sardinien-intensiv\/\",\"name\":\"Rundreise Sardinien Intensiv - Secrets of Sardinia\",\"isPartOf\":{\"@id\":\"https:\/\/www.secretsofsardinia.com\/de\/#website\"},\"primaryImageOfPage\":{\"@id\":\"https:\/\/www.secretsofsardinia.com\/de\/tours\/rundreise-sardinien-intensiv\/#primaryimage\"},\"image\":{\"@id\":\"https:\/\/www.secretsofsardinia.com\/de\/tours\/rundreise-sardinien-intensiv\/#primaryimage\"},\"thumbnailUrl\":\"https:\/\/www.secretsofsardinia.com\/wp-content\/uploads\/2026\/02\/rundreise-sardinien-intensiv.jpg\",\"datePublished\":\"2026-02-25T12:46:59+00:00\",\"dateModified\":\"2026-02-26T08:41:00+00:00\",\"description\":\"Entdecke Sardiniens Geheimnisse: Nuraghen, Fossilien, t\u00fcrkisblaue Buchten & Thermalquellen. Eine Woche Rundreise durch die faszinierendsten Landschaften.\",\"breadcrumb\":{\"@id\":\"https:\/\/www.secretsofsardinia.com\/de\/tours\/rundreise-sardinien-intensiv\/#breadcrumb\"},\"inLanguage\":\"de\",\"potentialAction\":[{\"@type\":\"ReadAction\",\"target\":[\"https:\/\/www.secretsofsardinia.com\/de\/tours\/rundreise-sardinien-intensiv\/\"]}]},{\"@type\":\"ImageObject\",\"inLanguage\":\"de\",\"@id\":\"https:\/\/www.secretsofsardinia.com\/de\/tours\/rundreise-sardinien-intensiv\/#primaryimage\",\"url\":\"https:\/\/www.secretsofsardinia.com\/wp-content\/uploads\/2026\/02\/rundreise-sardinien-intensiv.jpg\",\"contentUrl\":\"https:\/\/www.secretsofsardinia.com\/wp-content\/uploads\/2026\/02\/rundreise-sardinien-intensiv.jpg\",\"width\":1600,\"height\":1200,\"caption\":\"Rundreise Sardinien Intensiv\"},{\"@type\":\"BreadcrumbList\",\"@id\":\"https:\/\/www.secretsofsardinia.com\/de\/tours\/rundreise-sardinien-intensiv\/#breadcrumb\",\"itemListElement\":[{\"@type\":\"ListItem\",\"position\":1,\"name\":\"Home\",\"item\":\"https:\/\/www.secretsofsardinia.com\/de\/\"},{\"@type\":\"ListItem\",\"position\":2,\"name\":\"Shop\",\"item\":\"https:\/\/www.secretsofsardinia.com\/de\/negozio\/\"},{\"@type\":\"ListItem\",\"position\":3,\"name\":\"Rundreise Sardinien Intensiv\"}]},{\"@type\":\"WebSite\",\"@id\":\"https:\/\/www.secretsofsardinia.com\/de\/#website\",\"url\":\"https:\/\/www.secretsofsardinia.com\/de\/\",\"name\":\"Secrets of Sardinia\",\"description\":\"Tours in Sardinia from Cagliari\",\"publisher\":{\"@id\":\"https:\/\/www.secretsofsardinia.com\/de\/#organization\"},\"alternateName\":\"secretsofsardinia\",\"potentialAction\":[{\"@type\":\"SearchAction\",\"target\":{\"@type\":\"EntryPoint\",\"urlTemplate\":\"https:\/\/www.secretsofsardinia.com\/de\/?s={search_term_string}\"},\"query-input\":{\"@type\":\"PropertyValueSpecification\",\"valueRequired\":true,\"valueName\":\"search_term_string\"}}],\"inLanguage\":\"de\"},{\"@type\":\"Organization\",\"@id\":\"https:\/\/www.secretsofsardinia.com\/de\/#organization\",\"name\":\"Secrets of Sardinia\",\"alternateName\":\"secretsofsardinia\",\"url\":\"https:\/\/www.secretsofsardinia.com\/de\/\",\"logo\":{\"@type\":\"ImageObject\",\"inLanguage\":\"de\",\"@id\":\"https:\/\/www.secretsofsardinia.com\/de\/#\/schema\/logo\/image\/\",\"url\":\"https:\/\/www.secretsofsardinia.com\/wp-content\/uploads\/2026\/01\/logo-secretsofsardinia.jpg\",\"contentUrl\":\"https:\/\/www.secretsofsardinia.com\/wp-content\/uploads\/2026\/01\/logo-secretsofsardinia.jpg\",\"width\":696,\"height\":696,\"caption\":\"Secrets of Sardinia\"},\"image\":{\"@id\":\"https:\/\/www.secretsofsardinia.com\/de\/#\/schema\/logo\/image\/\"},\"sameAs\":[\"https:\/\/www.facebook.com\/secretsofsardinia\",\"https:\/\/x.com\/secretssardinia\",\"http:\/\/www.twitter.com\/secretsofsardinia\",\"https:\/\/it.pinterest.com\/sardiniasecrets\",\"https:\/\/www.tiktok.com\/@secretsofsardinia\",\"https:\/\/www.youtube.com\/channel\/UCqnaiBWYpXJbxyw6cE3unMA\"],\"description\":\"We organise Tours, Shore Excursions, Beach Tours and Roundtrips in Sardinia with start from Cagliari\",\"email\":\"info@secretsofsardinia.com\",\"telephone\":\"+393924114852\",\"legalName\":\"Secrets of Sardinia di Dirk Kastner\",\"foundingDate\":\"2011-01-16\",\"vatID\":\"IT-03483330928\",\"numberOfEmployees\":{\"@type\":\"QuantitativeValue\",\"minValue\":\"1\",\"maxValue\":\"10\"}}]}<\/script>\n<!-- \/ Yoast SEO Premium plugin. -->","yoast_head_json":{"title":"Rundreise Sardinien Intensiv - Secrets of Sardinia","description":"Entdecke Sardiniens Geheimnisse: Nuraghen, Fossilien, t\u00fcrkisblaue Buchten & Thermalquellen. Eine Woche Rundreise durch die faszinierendsten Landschaften.","robots":{"index":"index","follow":"follow","max-snippet":"max-snippet:-1","max-image-preview":"max-image-preview:large","max-video-preview":"max-video-preview:-1"},"canonical":"https:\/\/www.secretsofsardinia.com\/de\/tours\/rundreise-sardinien-intensiv\/","og_locale":"de_DE","og_type":"article","og_title":"Excursions and Tours from Cagliari","og_description":"We do shore excursions, beach tours and roundtrips in Sardinia. All for your best Sardinia experience","og_url":"https:\/\/www.secretsofsardinia.com\/de\/tours\/rundreise-sardinien-intensiv\/","og_site_name":"Secrets of Sardinia","article_publisher":"https:\/\/www.facebook.com\/secretsofsardinia","article_modified_time":"2026-02-26T08:41:00+00:00","og_image":[{"width":1600,"height":1200,"url":"https:\/\/www.secretsofsardinia.com\/wp-content\/uploads\/2026\/02\/rundreise-sardinien-intensiv.jpg","type":"image\/jpeg"}],"twitter_card":"summary_large_image","twitter_site":"@secretssardinia","twitter_misc":{"Gesch\u00e4tzte Lesezeit":"2\u00a0Minuten"},"schema":{"@context":"https:\/\/schema.org","@graph":[{"@type":"WebPage","@id":"https:\/\/www.secretsofsardinia.com\/de\/tours\/rundreise-sardinien-intensiv\/","url":"https:\/\/www.secretsofsardinia.com\/de\/tours\/rundreise-sardinien-intensiv\/","name":"Rundreise Sardinien Intensiv - Secrets of Sardinia","isPartOf":{"@id":"https:\/\/www.secretsofsardinia.com\/de\/#website"},"primaryImageOfPage":{"@id":"https:\/\/www.secretsofsardinia.com\/de\/tours\/rundreise-sardinien-intensiv\/#primaryimage"},"image":{"@id":"https:\/\/www.secretsofsardinia.com\/de\/tours\/rundreise-sardinien-intensiv\/#primaryimage"},"thumbnailUrl":"https:\/\/www.secretsofsardinia.com\/wp-content\/uploads\/2026\/02\/rundreise-sardinien-intensiv.jpg","datePublished":"2026-02-25T12:46:59+00:00","dateModified":"2026-02-26T08:41:00+00:00","description":"Entdecke Sardiniens Geheimnisse: Nuraghen, Fossilien, t\u00fcrkisblaue Buchten & Thermalquellen. Eine Woche Rundreise durch die faszinierendsten Landschaften.","breadcrumb":{"@id":"https:\/\/www.secretsofsardinia.com\/de\/tours\/rundreise-sardinien-intensiv\/#breadcrumb"},"inLanguage":"de","potentialAction":[{"@type":"ReadAction","target":["https:\/\/www.secretsofsardinia.com\/de\/tours\/rundreise-sardinien-intensiv\/"]}]},{"@type":"ImageObject","inLanguage":"de","@id":"https:\/\/www.secretsofsardinia.com\/de\/tours\/rundreise-sardinien-intensiv\/#primaryimage","url":"https:\/\/www.secretsofsardinia.com\/wp-content\/uploads\/2026\/02\/rundreise-sardinien-intensiv.jpg","contentUrl":"https:\/\/www.secretsofsardinia.com\/wp-content\/uploads\/2026\/02\/rundreise-sardinien-intensiv.jpg","width":1600,"height":1200,"caption":"Rundreise Sardinien Intensiv"},{"@type":"BreadcrumbList","@id":"https:\/\/www.secretsofsardinia.com\/de\/tours\/rundreise-sardinien-intensiv\/#breadcrumb","itemListElement":[{"@type":"ListItem","position":1,"name":"Home","item":"https:\/\/www.secretsofsardinia.com\/de\/"},{"@type":"ListItem","position":2,"name":"Shop","item":"https:\/\/www.secretsofsardinia.com\/de\/negozio\/"},{"@type":"ListItem","position":3,"name":"Rundreise Sardinien Intensiv"}]},{"@type":"WebSite","@id":"https:\/\/www.secretsofsardinia.com\/de\/#website","url":"https:\/\/www.secretsofsardinia.com\/de\/","name":"Secrets of Sardinia","description":"Tours in Sardinia from Cagliari","publisher":{"@id":"https:\/\/www.secretsofsardinia.com\/de\/#organization"},"alternateName":"secretsofsardinia","potentialAction":[{"@type":"SearchAction","target":{"@type":"EntryPoint","urlTemplate":"https:\/\/www.secretsofsardinia.com\/de\/?s={search_term_string}"},"query-input":{"@type":"PropertyValueSpecification","valueRequired":true,"valueName":"search_term_string"}}],"inLanguage":"de"},{"@type":"Organization","@id":"https:\/\/www.secretsofsardinia.com\/de\/#organization","name":"Secrets of Sardinia","alternateName":"secretsofsardinia","url":"https:\/\/www.secretsofsardinia.com\/de\/","logo":{"@type":"ImageObject","inLanguage":"de","@id":"https:\/\/www.secretsofsardinia.com\/de\/#\/schema\/logo\/image\/","url":"https:\/\/www.secretsofsardinia.com\/wp-content\/uploads\/2026\/01\/logo-secretsofsardinia.jpg","contentUrl":"https:\/\/www.secretsofsardinia.com\/wp-content\/uploads\/2026\/01\/logo-secretsofsardinia.jpg","width":696,"height":696,"caption":"Secrets of Sardinia"},"image":{"@id":"https:\/\/www.secretsofsardinia.com\/de\/#\/schema\/logo\/image\/"},"sameAs":["https:\/\/www.facebook.com\/secretsofsardinia","https:\/\/x.com\/secretssardinia","http:\/\/www.twitter.com\/secretsofsardinia","https:\/\/it.pinterest.com\/sardiniasecrets","https:\/\/www.tiktok.com\/@secretsofsardinia","https:\/\/www.youtube.com\/channel\/UCqnaiBWYpXJbxyw6cE3unMA"],"description":"We organise Tours, Shore Excursions, Beach Tours and Roundtrips in Sardinia with start from Cagliari","email":"info@secretsofsardinia.com","telephone":"+393924114852","legalName":"Secrets of Sardinia di Dirk Kastner","foundingDate":"2011-01-16","vatID":"IT-03483330928","numberOfEmployees":{"@type":"QuantitativeValue","minValue":"1","maxValue":"10"}}]}},"_links":{"self":[{"href":"https:\/\/www.secretsofsardinia.com\/de\/wp-json\/wp\/v2\/product\/13549","targetHints":{"allow":["GET"]}}],"collection":[{"href":"https:\/\/www.secretsofsardinia.com\/de\/wp-json\/wp\/v2\/product"}],"about":[{"href":"https:\/\/www.secretsofsardinia.com\/de\/wp-json\/wp\/v2\/types\/product"}],"wp:featuredmedia":[{"embeddable":true,"href":"https:\/\/www.secretsofsardinia.com\/de\/wp-json\/wp\/v2\/media\/13552"}],"wp:attachment":[{"href":"https:\/\/www.secretsofsardinia.com\/de\/wp-json\/wp\/v2\/media?parent=13549"}],"wp:term":[{"taxonomy":"product_brand","embeddable":true,"href":"https:\/\/www.secretsofsardinia.com\/de\/wp-json\/wp\/v2\/product_brand?post=13549"},{"taxonomy":"product_cat","embeddable":true,"href":"https:\/\/www.secretsofsardinia.com\/de\/wp-json\/wp\/v2\/product_cat?post=13549"},{"taxonomy":"product_tag","embeddable":true,"href":"https:\/\/www.secretsofsardinia.com\/de\/wp-json\/wp\/v2\/product_tag?post=13549"}],"curies":[{"name":"wp","href":"https:\/\/api.w.org\/{rel}","templated":true}]}}