{"id":1379,"date":"2021-10-29T12:38:09","date_gmt":"2021-10-29T12:38:09","guid":{"rendered":"https:\/\/www.secretsofsardinia.com\/product\/cala-domestica-und-fontanamare\/"},"modified":"2024-01-22T18:16:32","modified_gmt":"2024-01-22T18:16:32","slug":"cala-domestica-und-fontanamare","status":"publish","type":"product","link":"https:\/\/www.secretsofsardinia.com\/de\/tours\/cala-domestica-und-fontanamare\/","title":{"rendered":"Cala Domestica und Fontanamare"},"content":{"rendered":"<p><span style=\"color: #003366;\">\u00f6nsten Beschreibung<\/span><br \/>\nWir starten von Cagliari in Richtung Iglesias und fahren die Stra\u00dfe der alten Minen runter zum Meer. Der erste Strand an dem wir anhalten, ist Fontana di Mare.<\/p>\n<p>Nach 2 Stunden Aufenthalt setzen wir unsere Reise entlang der Panoramak\u00fcste mit der fantastischen Aussicht auf Pan di Zucchero, die Insel San Pietro, Sant&#8217;Antioco und die alte Mineralienwaschanlage, die Teil der UNESCO ist, fort.<\/p>\n<p>Wir halten im Rundweg von an. Hier kannst du Fotos von den spektakul\u00e4rsten Aussichten, die du je gesehen hast machen. Hier trinken wir auch einen Cappuccino und nutzen die Toilette.<br \/>\nAuf dem Weg nach Cala Domestica halten wir an einem Supermarkt, um uns mit Getr\u00e4nken zu versorgen.<\/p>\n<p>Nach ungef\u00e4hr 15 Minuten Autofahrt erreichen wir den fantastischen Strand von Cala Domestica, wo wir weitere 2 Stunden anhalten, bevor wir nach Cagliari zur\u00fcckkehren.<\/p>\n<p><span style=\"color: #003366;\">Ausflugsziele<\/span><br \/>\nStr\u00e4nde Cala Domestica und Fontanamare<br \/>\nPanoramaweg Nebida<br \/>\nS\u00fcdwestk\u00fcste<\/p>\n<p><span style=\"color: #003366;\">Informationen<\/span><br \/>\nPick up: 9:00-9:30 Uhr<br \/>\nPick-up: <a href=\"https:\/\/goo.gl\/maps\/kUM8jhtRSYjHDY8V9\">Piazza Yenne<\/a> (oder Unterkunft 10\u20ac\/pers. extra in Cagliari)<br \/>\nDauer circa 8 Stunden<br \/>\nBadesachen, Strandtuch mitbringen<br \/>\nAn Board; Sonnenschirm und Strandmatten<\/p>\n<p><span style=\"color: #003366;\">Preise ab<\/span><br \/>\n85\u20ac\/Person<\/p>\n<p>Buchen<br \/>\nkontaktiere uns \u00fcber \u00a0<a href=\"https:\/\/wa.me\/+393924114852\/?text=Beachtour%20Chia%20und%20Tuerredda\">WhatsApp<\/a>\u00a0<a href=\"https:\/\/t.me\/joinchat\/I01nmRv0IdOUa58L\">Telegram<\/a>\u00a0oder via\u00a0<a class=\"nonblock\" href=\"mailto:info@secretsofsardinia.com\">e-mail<\/a><\/p>\n","protected":false},"excerpt":{"rendered":"<p><span style=\"color: #003366;\"><strong><img loading=\"lazy\" decoding=\"async\" class=\"alignnone size-full wp-image-1003\" src=\"https:\/\/www.secretsofsardinia.com\/wp-content\/uploads\/2021\/10\/anker.png\" alt=\"\" width=\"20\" height=\"20\" \/><br \/>\nAuch perfekt f\u00fcr Kreuzfahrg\u00e4ste\u00a0<\/strong><\/span><\/p>\n<p><span style=\"color: #003366;\">Warum machst du diese Tour?<\/span><br \/>\nWeil sie billiger ist als ein teueres Auto zu mieten und teueren Sprit zu tanken<br \/>\nDu brauchst keine teueren Parkpl\u00e4tze zu bezahlen<br \/>\nWir bringen dich direkt an die besten Str\u00e4nde und du genie\u00dft auf der Fahrt, die sch\u00f6nen Landschaften und tolle Leute<br \/>\nDu brauchst keinen Sonnenschirm und Strandmatte zu kaufen, die hinterher in den M\u00fcll fliegt<br \/>\nDu erh\u00e4ltst super Infos \u00fcber Sardinien<br \/>\nDu hast eine gute \u00d6kobilanz weil 1 Auto f\u00e4hrt anstatt 4<\/p>\n","protected":false},"featured_media":1032,"template":"","meta":{"_acf_changed":false},"product_brand":[],"product_cat":[97],"product_tag":[],"class_list":{"0":"post-1379","1":"product","2":"type-product","3":"status-publish","4":"has-post-thumbnail","6":"product_cat-privat-touren-von-cagliari-de","8":"first","9":"instock","10":"shipping-taxable","11":"purchasable","12":"product-type-simple"},"acf":[],"yoast_head":"<!-- This site is optimized with the Yoast SEO Premium plugin v27.0 (Yoast SEO v27.0) - https:\/\/yoast.com\/product\/yoast-seo-premium-wordpress\/ -->\n<title>Cala Domestica und Fontanamare - Secrets of Sardinia<\/title>\n<meta name=\"description\" content=\"Strand Tour zu den sch\u00f6nsten Str\u00e4nden der S\u00fcdwestk\u00fcste von Cagliari. T\u00fcrkis scheinendes Wasser, wei\u00dfer feiner Sand und eine traumhafte K\u00fcste.\" \/>\n<meta name=\"robots\" content=\"index, follow, max-snippet:-1, max-image-preview:large, max-video-preview:-1\" \/>\n<link rel=\"canonical\" href=\"https:\/\/www.secretsofsardinia.com\/de\/tours\/cala-domestica-und-fontanamare\/\" \/>\n<meta property=\"og:locale\" content=\"de_DE\" \/>\n<meta property=\"og:type\" content=\"article\" \/>\n<meta property=\"og:title\" content=\"Excursions and Tours from Cagliari\" \/>\n<meta property=\"og:description\" content=\"We do shore excursions, beach tours and roundtrips in Sardinia. All for your best Sardinia experience\" \/>\n<meta property=\"og:url\" content=\"https:\/\/www.secretsofsardinia.com\/de\/tours\/cala-domestica-und-fontanamare\/\" \/>\n<meta property=\"og:site_name\" content=\"Secrets of Sardinia\" \/>\n<meta property=\"article:publisher\" content=\"https:\/\/www.facebook.com\/secretsofsardinia\" \/>\n<meta property=\"article:modified_time\" content=\"2024-01-22T18:16:32+00:00\" \/>\n<meta property=\"og:image\" content=\"https:\/\/www.secretsofsardinia.com\/wp-content\/uploads\/2021\/10\/fontanamare-scaled.jpg\" \/>\n\t<meta property=\"og:image:width\" content=\"1980\" \/>\n\t<meta property=\"og:image:height\" content=\"950\" \/>\n\t<meta property=\"og:image:type\" content=\"image\/jpeg\" \/>\n<meta name=\"twitter:card\" content=\"summary_large_image\" \/>\n<meta name=\"twitter:site\" content=\"@secretssardinia\" \/>\n<meta name=\"twitter:label1\" content=\"Gesch\u00e4tzte Lesezeit\" \/>\n\t<meta name=\"twitter:data1\" content=\"1\u00a0Minute\" \/>\n<script type=\"application\/ld+json\" class=\"yoast-schema-graph\">{\"@context\":\"https:\/\/schema.org\",\"@graph\":[{\"@type\":\"WebPage\",\"@id\":\"https:\/\/www.secretsofsardinia.com\/de\/tours\/cala-domestica-und-fontanamare\/\",\"url\":\"https:\/\/www.secretsofsardinia.com\/de\/tours\/cala-domestica-und-fontanamare\/\",\"name\":\"Cala Domestica und Fontanamare - Secrets of Sardinia\",\"isPartOf\":{\"@id\":\"https:\/\/www.secretsofsardinia.com\/de\/#website\"},\"primaryImageOfPage\":{\"@id\":\"https:\/\/www.secretsofsardinia.com\/de\/tours\/cala-domestica-und-fontanamare\/#primaryimage\"},\"image\":{\"@id\":\"https:\/\/www.secretsofsardinia.com\/de\/tours\/cala-domestica-und-fontanamare\/#primaryimage\"},\"thumbnailUrl\":\"https:\/\/www.secretsofsardinia.com\/wp-content\/uploads\/2021\/10\/fontanamare-scaled.jpg\",\"datePublished\":\"2021-10-29T12:38:09+00:00\",\"dateModified\":\"2024-01-22T18:16:32+00:00\",\"description\":\"Strand Tour zu den sch\u00f6nsten Str\u00e4nden der S\u00fcdwestk\u00fcste von Cagliari. T\u00fcrkis scheinendes Wasser, wei\u00dfer feiner Sand und eine traumhafte K\u00fcste.\",\"breadcrumb\":{\"@id\":\"https:\/\/www.secretsofsardinia.com\/de\/tours\/cala-domestica-und-fontanamare\/#breadcrumb\"},\"inLanguage\":\"de\",\"potentialAction\":[{\"@type\":\"ReadAction\",\"target\":[\"https:\/\/www.secretsofsardinia.com\/de\/tours\/cala-domestica-und-fontanamare\/\"]}]},{\"@type\":\"ImageObject\",\"inLanguage\":\"de\",\"@id\":\"https:\/\/www.secretsofsardinia.com\/de\/tours\/cala-domestica-und-fontanamare\/#primaryimage\",\"url\":\"https:\/\/www.secretsofsardinia.com\/wp-content\/uploads\/2021\/10\/fontanamare-scaled.jpg\",\"contentUrl\":\"https:\/\/www.secretsofsardinia.com\/wp-content\/uploads\/2021\/10\/fontanamare-scaled.jpg\",\"width\":1980,\"height\":950,\"caption\":\"Fontanamare\"},{\"@type\":\"BreadcrumbList\",\"@id\":\"https:\/\/www.secretsofsardinia.com\/de\/tours\/cala-domestica-und-fontanamare\/#breadcrumb\",\"itemListElement\":[{\"@type\":\"ListItem\",\"position\":1,\"name\":\"Home\",\"item\":\"https:\/\/www.secretsofsardinia.com\/de\/\"},{\"@type\":\"ListItem\",\"position\":2,\"name\":\"Shop\",\"item\":\"https:\/\/www.secretsofsardinia.com\/de\/negozio\/\"},{\"@type\":\"ListItem\",\"position\":3,\"name\":\"Cala Domestica und Fontanamare\"}]},{\"@type\":\"WebSite\",\"@id\":\"https:\/\/www.secretsofsardinia.com\/de\/#website\",\"url\":\"https:\/\/www.secretsofsardinia.com\/de\/\",\"name\":\"Secrets of Sardinia\",\"description\":\"Tours in Sardinia from Cagliari\",\"publisher\":{\"@id\":\"https:\/\/www.secretsofsardinia.com\/de\/#organization\"},\"alternateName\":\"secretsofsardinia\",\"potentialAction\":[{\"@type\":\"SearchAction\",\"target\":{\"@type\":\"EntryPoint\",\"urlTemplate\":\"https:\/\/www.secretsofsardinia.com\/de\/?s={search_term_string}\"},\"query-input\":{\"@type\":\"PropertyValueSpecification\",\"valueRequired\":true,\"valueName\":\"search_term_string\"}}],\"inLanguage\":\"de\"},{\"@type\":\"Organization\",\"@id\":\"https:\/\/www.secretsofsardinia.com\/de\/#organization\",\"name\":\"Secrets of Sardinia\",\"alternateName\":\"secretsofsardinia\",\"url\":\"https:\/\/www.secretsofsardinia.com\/de\/\",\"logo\":{\"@type\":\"ImageObject\",\"inLanguage\":\"de\",\"@id\":\"https:\/\/www.secretsofsardinia.com\/de\/#\/schema\/logo\/image\/\",\"url\":\"https:\/\/www.secretsofsardinia.com\/wp-content\/uploads\/2026\/01\/logo-secretsofsardinia.jpg\",\"contentUrl\":\"https:\/\/www.secretsofsardinia.com\/wp-content\/uploads\/2026\/01\/logo-secretsofsardinia.jpg\",\"width\":696,\"height\":696,\"caption\":\"Secrets of Sardinia\"},\"image\":{\"@id\":\"https:\/\/www.secretsofsardinia.com\/de\/#\/schema\/logo\/image\/\"},\"sameAs\":[\"https:\/\/www.facebook.com\/secretsofsardinia\",\"https:\/\/x.com\/secretssardinia\",\"http:\/\/www.twitter.com\/secretsofsardinia\",\"https:\/\/it.pinterest.com\/sardiniasecrets\",\"https:\/\/www.tiktok.com\/@secretsofsardinia\",\"https:\/\/www.youtube.com\/channel\/UCqnaiBWYpXJbxyw6cE3unMA\"],\"description\":\"We organise Tours, Shore Excursions, Beach Tours and Roundtrips in Sardinia with start from Cagliari\",\"email\":\"info@secretsofsardinia.com\",\"telephone\":\"+393924114852\",\"legalName\":\"Secrets of Sardinia di Dirk Kastner\",\"foundingDate\":\"2011-01-16\",\"vatID\":\"IT-03483330928\",\"numberOfEmployees\":{\"@type\":\"QuantitativeValue\",\"minValue\":\"1\",\"maxValue\":\"10\"}}]}<\/script>\n<!-- \/ Yoast SEO Premium plugin. -->","yoast_head_json":{"title":"Cala Domestica und Fontanamare - Secrets of Sardinia","description":"Strand Tour zu den sch\u00f6nsten Str\u00e4nden der S\u00fcdwestk\u00fcste von Cagliari. T\u00fcrkis scheinendes Wasser, wei\u00dfer feiner Sand und eine traumhafte K\u00fcste.","robots":{"index":"index","follow":"follow","max-snippet":"max-snippet:-1","max-image-preview":"max-image-preview:large","max-video-preview":"max-video-preview:-1"},"canonical":"https:\/\/www.secretsofsardinia.com\/de\/tours\/cala-domestica-und-fontanamare\/","og_locale":"de_DE","og_type":"article","og_title":"Excursions and Tours from Cagliari","og_description":"We do shore excursions, beach tours and roundtrips in Sardinia. All for your best Sardinia experience","og_url":"https:\/\/www.secretsofsardinia.com\/de\/tours\/cala-domestica-und-fontanamare\/","og_site_name":"Secrets of Sardinia","article_publisher":"https:\/\/www.facebook.com\/secretsofsardinia","article_modified_time":"2024-01-22T18:16:32+00:00","og_image":[{"width":1980,"height":950,"url":"https:\/\/www.secretsofsardinia.com\/wp-content\/uploads\/2021\/10\/fontanamare-scaled.jpg","type":"image\/jpeg"}],"twitter_card":"summary_large_image","twitter_site":"@secretssardinia","twitter_misc":{"Gesch\u00e4tzte Lesezeit":"1\u00a0Minute"},"schema":{"@context":"https:\/\/schema.org","@graph":[{"@type":"WebPage","@id":"https:\/\/www.secretsofsardinia.com\/de\/tours\/cala-domestica-und-fontanamare\/","url":"https:\/\/www.secretsofsardinia.com\/de\/tours\/cala-domestica-und-fontanamare\/","name":"Cala Domestica und Fontanamare - Secrets of Sardinia","isPartOf":{"@id":"https:\/\/www.secretsofsardinia.com\/de\/#website"},"primaryImageOfPage":{"@id":"https:\/\/www.secretsofsardinia.com\/de\/tours\/cala-domestica-und-fontanamare\/#primaryimage"},"image":{"@id":"https:\/\/www.secretsofsardinia.com\/de\/tours\/cala-domestica-und-fontanamare\/#primaryimage"},"thumbnailUrl":"https:\/\/www.secretsofsardinia.com\/wp-content\/uploads\/2021\/10\/fontanamare-scaled.jpg","datePublished":"2021-10-29T12:38:09+00:00","dateModified":"2024-01-22T18:16:32+00:00","description":"Strand Tour zu den sch\u00f6nsten Str\u00e4nden der S\u00fcdwestk\u00fcste von Cagliari. T\u00fcrkis scheinendes Wasser, wei\u00dfer feiner Sand und eine traumhafte K\u00fcste.","breadcrumb":{"@id":"https:\/\/www.secretsofsardinia.com\/de\/tours\/cala-domestica-und-fontanamare\/#breadcrumb"},"inLanguage":"de","potentialAction":[{"@type":"ReadAction","target":["https:\/\/www.secretsofsardinia.com\/de\/tours\/cala-domestica-und-fontanamare\/"]}]},{"@type":"ImageObject","inLanguage":"de","@id":"https:\/\/www.secretsofsardinia.com\/de\/tours\/cala-domestica-und-fontanamare\/#primaryimage","url":"https:\/\/www.secretsofsardinia.com\/wp-content\/uploads\/2021\/10\/fontanamare-scaled.jpg","contentUrl":"https:\/\/www.secretsofsardinia.com\/wp-content\/uploads\/2021\/10\/fontanamare-scaled.jpg","width":1980,"height":950,"caption":"Fontanamare"},{"@type":"BreadcrumbList","@id":"https:\/\/www.secretsofsardinia.com\/de\/tours\/cala-domestica-und-fontanamare\/#breadcrumb","itemListElement":[{"@type":"ListItem","position":1,"name":"Home","item":"https:\/\/www.secretsofsardinia.com\/de\/"},{"@type":"ListItem","position":2,"name":"Shop","item":"https:\/\/www.secretsofsardinia.com\/de\/negozio\/"},{"@type":"ListItem","position":3,"name":"Cala Domestica und Fontanamare"}]},{"@type":"WebSite","@id":"https:\/\/www.secretsofsardinia.com\/de\/#website","url":"https:\/\/www.secretsofsardinia.com\/de\/","name":"Secrets of Sardinia","description":"Tours in Sardinia from Cagliari","publisher":{"@id":"https:\/\/www.secretsofsardinia.com\/de\/#organization"},"alternateName":"secretsofsardinia","potentialAction":[{"@type":"SearchAction","target":{"@type":"EntryPoint","urlTemplate":"https:\/\/www.secretsofsardinia.com\/de\/?s={search_term_string}"},"query-input":{"@type":"PropertyValueSpecification","valueRequired":true,"valueName":"search_term_string"}}],"inLanguage":"de"},{"@type":"Organization","@id":"https:\/\/www.secretsofsardinia.com\/de\/#organization","name":"Secrets of Sardinia","alternateName":"secretsofsardinia","url":"https:\/\/www.secretsofsardinia.com\/de\/","logo":{"@type":"ImageObject","inLanguage":"de","@id":"https:\/\/www.secretsofsardinia.com\/de\/#\/schema\/logo\/image\/","url":"https:\/\/www.secretsofsardinia.com\/wp-content\/uploads\/2026\/01\/logo-secretsofsardinia.jpg","contentUrl":"https:\/\/www.secretsofsardinia.com\/wp-content\/uploads\/2026\/01\/logo-secretsofsardinia.jpg","width":696,"height":696,"caption":"Secrets of Sardinia"},"image":{"@id":"https:\/\/www.secretsofsardinia.com\/de\/#\/schema\/logo\/image\/"},"sameAs":["https:\/\/www.facebook.com\/secretsofsardinia","https:\/\/x.com\/secretssardinia","http:\/\/www.twitter.com\/secretsofsardinia","https:\/\/it.pinterest.com\/sardiniasecrets","https:\/\/www.tiktok.com\/@secretsofsardinia","https:\/\/www.youtube.com\/channel\/UCqnaiBWYpXJbxyw6cE3unMA"],"description":"We organise Tours, Shore Excursions, Beach Tours and Roundtrips in Sardinia with start from Cagliari","email":"info@secretsofsardinia.com","telephone":"+393924114852","legalName":"Secrets of Sardinia di Dirk Kastner","foundingDate":"2011-01-16","vatID":"IT-03483330928","numberOfEmployees":{"@type":"QuantitativeValue","minValue":"1","maxValue":"10"}}]}},"_links":{"self":[{"href":"https:\/\/www.secretsofsardinia.com\/de\/wp-json\/wp\/v2\/product\/1379","targetHints":{"allow":["GET"]}}],"collection":[{"href":"https:\/\/www.secretsofsardinia.com\/de\/wp-json\/wp\/v2\/product"}],"about":[{"href":"https:\/\/www.secretsofsardinia.com\/de\/wp-json\/wp\/v2\/types\/product"}],"wp:featuredmedia":[{"embeddable":true,"href":"https:\/\/www.secretsofsardinia.com\/de\/wp-json\/wp\/v2\/media\/1032"}],"wp:attachment":[{"href":"https:\/\/www.secretsofsardinia.com\/de\/wp-json\/wp\/v2\/media?parent=1379"}],"wp:term":[{"taxonomy":"product_brand","embeddable":true,"href":"https:\/\/www.secretsofsardinia.com\/de\/wp-json\/wp\/v2\/product_brand?post=1379"},{"taxonomy":"product_cat","embeddable":true,"href":"https:\/\/www.secretsofsardinia.com\/de\/wp-json\/wp\/v2\/product_cat?post=1379"},{"taxonomy":"product_tag","embeddable":true,"href":"https:\/\/www.secretsofsardinia.com\/de\/wp-json\/wp\/v2\/product_tag?post=1379"}],"curies":[{"name":"wp","href":"https:\/\/api.w.org\/{rel}","templated":true}]}}