{"id":11510,"date":"2024-01-12T19:41:59","date_gmt":"2024-01-12T19:41:59","guid":{"rendered":"https:\/\/www.secretsofsardinia.com\/?post_type=product&#038;p=11510"},"modified":"2026-03-16T15:42:06","modified_gmt":"2026-03-16T15:42:06","slug":"escursione-da-cagliari-natura-fauna-selvatica","status":"publish","type":"product","link":"https:\/\/www.secretsofsardinia.com\/it\/tours\/escursione-da-cagliari-natura-fauna-selvatica\/","title":{"rendered":"Escursione Natura &#038; Fauna Selvatica"},"content":{"rendered":"<section class=\"l-section wpb_row height_small\"><div class=\"l-section-h i-cf\"><div class=\"g-cols vc_row via_flex valign_top type_default stacking_default\"><div class=\"vc_col-sm-12 wpb_column vc_column_container\"><div class=\"vc_column-inner\"><div class=\"wpb_wrapper\"><div class=\"wpb_text_column\"><div class=\"wpb_wrapper\"><p class=\"p1\">Scopri la suggestiva bellezza della Sardegna con il tour Escursione Natura &amp; Fauna Selvatica! Esplora la pittoresca pianura del Campidano, la magica valle di Marmilla e la Giara. Ammira i cavalli selvatici, paesaggi mozzafiato, olivi secolari e foreste di sughero. Immortalando questi momenti unici con la tua macchina fotografica, scoprirai la cultura locale e la ricca fauna della regione. Prenota ora per un&#8217;indimenticabile avventura in Sardegna!<\/p>\n<p><strong><span style=\"color: #003366;\">Highlights<br \/>\n<\/span><\/strong>Un&#8217;indimenticabile visita guidata attraverso la pittoresca pianura del Campidano e la magica valle del Marmilla fino alla Giara.<br \/>\nEsplorazione dell&#8217;antico altopiano vulcanico e osservazione degli spettacolari cavalli selvaggi nel loro ambiente naturale.<br \/>\nPaesaggi mozzafiato, oltre a ulivi secolari e affascinanti foreste di sugheri.<br \/>\nImmergiti in un mondo ricco di profumi straordinari e cattura questi indimenticabili momenti con la tua fotocamera.<br \/>\nGuide esperte che condivideranno la loro vasta conoscenza sulla terra, la gente, lo stile di vita e la fauna.<\/p>\n<p><span style=\"color: #003366;\"><strong>Pick-up e Ora<\/strong><br \/>\n<\/span>Pick-up: <a href=\"https:\/\/maps.app.goo.gl\/8C53bpWktA8bGZqFA\">Largo Carlo Felice, 76, 09124 Cagliari CA<\/a>\u00a0(o alloggio 10\u20ac\/persona extra)<br \/>\nOre: 14:30<\/p>\n<p><strong><span style=\"color: #003366;\">Durata<\/span><\/strong><br \/>\nca. 4-5 ore<\/p>\n<p><strong><span style=\"color: #003366;\">Consigliamo<\/span><\/strong><br \/>\nAbito comodo e scarpe robuste (no infradito)<\/p>\n<p><span style=\"color: #003366;\"><strong>Trasporto<\/strong><\/span><br \/>\nMinibus massimo 8 posti<\/p>\n<p><strong><span style=\"color: #003366;\">Cost<\/span><\/strong><br \/>\n<span style=\"font-size: 24pt;\"><span style=\"color: #008000;\"><strong>75\u20ac<span style=\"font-size: 13.3333px;\">\/Person<br \/>\n<\/span><\/strong><\/span><\/span><span style=\"color: #008000;\"><b>Stornierungen: <\/b><\/span><span style=\"color: #008000;\">100% R\u00fcckerstattung bis 24 Stunden vor dem Zeitpunkt der Tour. F\u00fcr Stornierungen kontaktiere uns bitte \u00fcber <span style=\"color: #0000ff;\"><a style=\"color: #0000ff;\" href=\"https:\/\/wa.me\/+393924114852\/?text=Booking%20Cancel%20Bookings\">WhatsApp<\/a> <\/span>oder <span style=\"color: #0000ff;\"><a style=\"color: #0000ff;\" href=\"mailto:info@secretsofsardinia.com\">E-mail<\/a><\/span><\/span><\/p>\n<p><span style=\"color: #008000;\"><strong>Weitere Topausfl\u00fcge von Cagliari<\/strong><\/span><\/p>\n<p><a href=\"https:\/\/www.secretsofsardinia.com\/it\/tours\/escursione-al-su-nuraxi-da-cagliari\/\">Escursionrie al Nuraghe Su Nuraxi da Caglia<\/a><\/p>\n<p><a href=\"https:\/\/www.secretsofsardinia.com\/it\/tours\/cagliari-tour-spiagge-chia-tuerredda\/\">Chia &amp; Tuerredda<\/a><\/p>\n<p><a href=\"https:\/\/www.secretsofsardinia.com\/it\/tours\/p-giunco-cala-sinzias\/\">Porto Giunco &amp; Cala Sinzias<\/a><\/p>\n<p><a href=\"https:\/\/www.secretsofsardinia.com\/it\/tours\/tour-alle-spiagge-porto-pino-piscinni\/\">Porto Pino e Piscin\u00ec<\/a><\/p>\n<p><a href=\"https:\/\/www.secretsofsardinia.com\/it\/tours\/tour-alle-spiagge-marina-rei-e-s-elmo\/\">Marina Rei e Sant&#8217;Elmo<\/a><\/p>\n<\/div><\/div><\/div><\/div><\/div><\/div><\/div><\/section>\n","protected":false},"excerpt":{"rendered":"Scopri la suggestiva bellezza della Sardegna con il tour Escursione Natura &amp; Fauna Selvatica! Esplora la pittoresca pianura del Campidano, la magica valle di Marmilla e la Giara. Ammira i cavalli selvatici, paesaggi mozzafiato, olivi secolari e foreste di sughero. Immortalando questi momenti unici con la tua macchina fotografica, scoprirai la cultura locale e la...","protected":false},"featured_media":12463,"template":"","meta":{"_acf_changed":false},"product_brand":[],"product_cat":[71],"product_tag":[],"class_list":{"0":"post-11510","1":"product","2":"type-product","3":"status-publish","4":"has-post-thumbnail","6":"product_cat-escursioni-mezza-giornata-cagliari","8":"first","9":"instock","10":"shipping-taxable","11":"purchasable","12":"product-type-simple"},"acf":[],"yoast_head":"<!-- This site is optimized with the Yoast SEO Premium plugin v27.0 (Yoast SEO v27.0) - https:\/\/yoast.com\/product\/yoast-seo-premium-wordpress\/ -->\n<title>Escursione Natura &amp; Fauna Selvatica<\/title>\n<meta name=\"description\" content=\"Lasciati coinvolgere dalla vita dei cavalli selvaggi durante il nostro tour Escursione Natura &amp; Fauna Selvatica. Vivi il vero paradiso terrestre, la Giara\" \/>\n<meta name=\"robots\" content=\"index, follow, max-snippet:-1, max-image-preview:large, max-video-preview:-1\" \/>\n<link rel=\"canonical\" href=\"https:\/\/www.secretsofsardinia.com\/it\/tours\/escursione-da-cagliari-natura-fauna-selvatica\/\" \/>\n<meta property=\"og:locale\" content=\"it_IT\" \/>\n<meta property=\"og:type\" content=\"article\" \/>\n<meta property=\"og:title\" content=\"Excursions and Tours from Cagliari\" \/>\n<meta property=\"og:description\" content=\"We do shore excursions, beach tours and roundtrips in Sardinia. All for your best Sardinia experience\" \/>\n<meta property=\"og:url\" content=\"https:\/\/www.secretsofsardinia.com\/it\/tours\/escursione-da-cagliari-natura-fauna-selvatica\/\" \/>\n<meta property=\"og:site_name\" content=\"Secrets of Sardinia\" \/>\n<meta property=\"article:publisher\" content=\"https:\/\/www.facebook.com\/secretsofsardinia\" \/>\n<meta property=\"article:modified_time\" content=\"2026-03-16T15:42:06+00:00\" \/>\n<meta property=\"og:image\" content=\"https:\/\/www.secretsofsardinia.com\/wp-content\/uploads\/2024\/02\/cavallini-giara-corsa-1.jpg\" \/>\n\t<meta property=\"og:image:width\" content=\"1920\" \/>\n\t<meta property=\"og:image:height\" content=\"1079\" \/>\n\t<meta property=\"og:image:type\" content=\"image\/jpeg\" \/>\n<meta name=\"twitter:card\" content=\"summary_large_image\" \/>\n<meta name=\"twitter:site\" content=\"@secretssardinia\" \/>\n<meta name=\"twitter:label1\" content=\"Tempo di lettura stimato\" \/>\n\t<meta name=\"twitter:data1\" content=\"2 minuti\" \/>\n<script type=\"application\/ld+json\" class=\"yoast-schema-graph\">{\"@context\":\"https:\/\/schema.org\",\"@graph\":[{\"@type\":\"WebPage\",\"@id\":\"https:\/\/www.secretsofsardinia.com\/it\/tours\/escursione-da-cagliari-natura-fauna-selvatica\/\",\"url\":\"https:\/\/www.secretsofsardinia.com\/it\/tours\/escursione-da-cagliari-natura-fauna-selvatica\/\",\"name\":\"Escursione Natura & Fauna Selvatica\",\"isPartOf\":{\"@id\":\"https:\/\/www.secretsofsardinia.com\/it\/#website\"},\"primaryImageOfPage\":{\"@id\":\"https:\/\/www.secretsofsardinia.com\/it\/tours\/escursione-da-cagliari-natura-fauna-selvatica\/#primaryimage\"},\"image\":{\"@id\":\"https:\/\/www.secretsofsardinia.com\/it\/tours\/escursione-da-cagliari-natura-fauna-selvatica\/#primaryimage\"},\"thumbnailUrl\":\"https:\/\/www.secretsofsardinia.com\/wp-content\/uploads\/2024\/02\/running-horses.jpg\",\"datePublished\":\"2024-01-12T19:41:59+00:00\",\"dateModified\":\"2026-03-16T15:42:06+00:00\",\"description\":\"Lasciati coinvolgere dalla vita dei cavalli selvaggi durante il nostro tour Escursione Natura & Fauna Selvatica. Vivi il vero paradiso terrestre, la Giara\",\"breadcrumb\":{\"@id\":\"https:\/\/www.secretsofsardinia.com\/it\/tours\/escursione-da-cagliari-natura-fauna-selvatica\/#breadcrumb\"},\"inLanguage\":\"it-IT\",\"potentialAction\":[{\"@type\":\"ReadAction\",\"target\":[\"https:\/\/www.secretsofsardinia.com\/it\/tours\/escursione-da-cagliari-natura-fauna-selvatica\/\"]}]},{\"@type\":\"ImageObject\",\"inLanguage\":\"it-IT\",\"@id\":\"https:\/\/www.secretsofsardinia.com\/it\/tours\/escursione-da-cagliari-natura-fauna-selvatica\/#primaryimage\",\"url\":\"https:\/\/www.secretsofsardinia.com\/wp-content\/uploads\/2024\/02\/running-horses.jpg\",\"contentUrl\":\"https:\/\/www.secretsofsardinia.com\/wp-content\/uploads\/2024\/02\/running-horses.jpg\",\"width\":1920,\"height\":1079,\"caption\":\"Witness the beauty of untamed nature as wild horses roam freely through a picturesque basalt lake in Sardinia.\"},{\"@type\":\"BreadcrumbList\",\"@id\":\"https:\/\/www.secretsofsardinia.com\/it\/tours\/escursione-da-cagliari-natura-fauna-selvatica\/#breadcrumb\",\"itemListElement\":[{\"@type\":\"ListItem\",\"position\":1,\"name\":\"Home\",\"item\":\"https:\/\/www.secretsofsardinia.com\/it\/\"},{\"@type\":\"ListItem\",\"position\":2,\"name\":\"Shop\",\"item\":\"https:\/\/www.secretsofsardinia.com\/it\/negozio\/\"},{\"@type\":\"ListItem\",\"position\":3,\"name\":\"Escursione Natura &#038; Fauna Selvatica\"}]},{\"@type\":\"WebSite\",\"@id\":\"https:\/\/www.secretsofsardinia.com\/it\/#website\",\"url\":\"https:\/\/www.secretsofsardinia.com\/it\/\",\"name\":\"Secrets of Sardinia\",\"description\":\"Tours in Sardinia from Cagliari\",\"publisher\":{\"@id\":\"https:\/\/www.secretsofsardinia.com\/it\/#organization\"},\"alternateName\":\"secretsofsardinia\",\"potentialAction\":[{\"@type\":\"SearchAction\",\"target\":{\"@type\":\"EntryPoint\",\"urlTemplate\":\"https:\/\/www.secretsofsardinia.com\/it\/?s={search_term_string}\"},\"query-input\":{\"@type\":\"PropertyValueSpecification\",\"valueRequired\":true,\"valueName\":\"search_term_string\"}}],\"inLanguage\":\"it-IT\"},{\"@type\":\"Organization\",\"@id\":\"https:\/\/www.secretsofsardinia.com\/it\/#organization\",\"name\":\"Secrets of Sardinia\",\"alternateName\":\"secretsofsardinia\",\"url\":\"https:\/\/www.secretsofsardinia.com\/it\/\",\"logo\":{\"@type\":\"ImageObject\",\"inLanguage\":\"it-IT\",\"@id\":\"https:\/\/www.secretsofsardinia.com\/it\/#\/schema\/logo\/image\/\",\"url\":\"https:\/\/www.secretsofsardinia.com\/wp-content\/uploads\/2026\/01\/logo-secretsofsardinia.jpg\",\"contentUrl\":\"https:\/\/www.secretsofsardinia.com\/wp-content\/uploads\/2026\/01\/logo-secretsofsardinia.jpg\",\"width\":696,\"height\":696,\"caption\":\"Secrets of Sardinia\"},\"image\":{\"@id\":\"https:\/\/www.secretsofsardinia.com\/it\/#\/schema\/logo\/image\/\"},\"sameAs\":[\"https:\/\/www.facebook.com\/secretsofsardinia\",\"https:\/\/x.com\/secretssardinia\",\"http:\/\/www.twitter.com\/secretsofsardinia\",\"https:\/\/it.pinterest.com\/sardiniasecrets\",\"https:\/\/www.tiktok.com\/@secretsofsardinia\",\"https:\/\/www.youtube.com\/channel\/UCqnaiBWYpXJbxyw6cE3unMA\"],\"description\":\"We organise Tours, Shore Excursions, Beach Tours and Roundtrips in Sardinia with start from Cagliari\",\"email\":\"info@secretsofsardinia.com\",\"telephone\":\"+393924114852\",\"legalName\":\"Secrets of Sardinia di Dirk Kastner\",\"foundingDate\":\"2011-01-16\",\"vatID\":\"IT-03483330928\",\"numberOfEmployees\":{\"@type\":\"QuantitativeValue\",\"minValue\":\"1\",\"maxValue\":\"10\"}}]}<\/script>\n<!-- \/ Yoast SEO Premium plugin. -->","yoast_head_json":{"title":"Escursione Natura & Fauna Selvatica","description":"Lasciati coinvolgere dalla vita dei cavalli selvaggi durante il nostro tour Escursione Natura & Fauna Selvatica. Vivi il vero paradiso terrestre, la Giara","robots":{"index":"index","follow":"follow","max-snippet":"max-snippet:-1","max-image-preview":"max-image-preview:large","max-video-preview":"max-video-preview:-1"},"canonical":"https:\/\/www.secretsofsardinia.com\/it\/tours\/escursione-da-cagliari-natura-fauna-selvatica\/","og_locale":"it_IT","og_type":"article","og_title":"Excursions and Tours from Cagliari","og_description":"We do shore excursions, beach tours and roundtrips in Sardinia. All for your best Sardinia experience","og_url":"https:\/\/www.secretsofsardinia.com\/it\/tours\/escursione-da-cagliari-natura-fauna-selvatica\/","og_site_name":"Secrets of Sardinia","article_publisher":"https:\/\/www.facebook.com\/secretsofsardinia","article_modified_time":"2026-03-16T15:42:06+00:00","og_image":[{"width":1920,"height":1079,"url":"https:\/\/www.secretsofsardinia.com\/wp-content\/uploads\/2024\/02\/cavallini-giara-corsa-1.jpg","type":"image\/jpeg"}],"twitter_card":"summary_large_image","twitter_site":"@secretssardinia","twitter_misc":{"Tempo di lettura stimato":"2 minuti"},"schema":{"@context":"https:\/\/schema.org","@graph":[{"@type":"WebPage","@id":"https:\/\/www.secretsofsardinia.com\/it\/tours\/escursione-da-cagliari-natura-fauna-selvatica\/","url":"https:\/\/www.secretsofsardinia.com\/it\/tours\/escursione-da-cagliari-natura-fauna-selvatica\/","name":"Escursione Natura & Fauna Selvatica","isPartOf":{"@id":"https:\/\/www.secretsofsardinia.com\/it\/#website"},"primaryImageOfPage":{"@id":"https:\/\/www.secretsofsardinia.com\/it\/tours\/escursione-da-cagliari-natura-fauna-selvatica\/#primaryimage"},"image":{"@id":"https:\/\/www.secretsofsardinia.com\/it\/tours\/escursione-da-cagliari-natura-fauna-selvatica\/#primaryimage"},"thumbnailUrl":"https:\/\/www.secretsofsardinia.com\/wp-content\/uploads\/2024\/02\/running-horses.jpg","datePublished":"2024-01-12T19:41:59+00:00","dateModified":"2026-03-16T15:42:06+00:00","description":"Lasciati coinvolgere dalla vita dei cavalli selvaggi durante il nostro tour Escursione Natura & Fauna Selvatica. Vivi il vero paradiso terrestre, la Giara","breadcrumb":{"@id":"https:\/\/www.secretsofsardinia.com\/it\/tours\/escursione-da-cagliari-natura-fauna-selvatica\/#breadcrumb"},"inLanguage":"it-IT","potentialAction":[{"@type":"ReadAction","target":["https:\/\/www.secretsofsardinia.com\/it\/tours\/escursione-da-cagliari-natura-fauna-selvatica\/"]}]},{"@type":"ImageObject","inLanguage":"it-IT","@id":"https:\/\/www.secretsofsardinia.com\/it\/tours\/escursione-da-cagliari-natura-fauna-selvatica\/#primaryimage","url":"https:\/\/www.secretsofsardinia.com\/wp-content\/uploads\/2024\/02\/running-horses.jpg","contentUrl":"https:\/\/www.secretsofsardinia.com\/wp-content\/uploads\/2024\/02\/running-horses.jpg","width":1920,"height":1079,"caption":"Witness the beauty of untamed nature as wild horses roam freely through a picturesque basalt lake in Sardinia."},{"@type":"BreadcrumbList","@id":"https:\/\/www.secretsofsardinia.com\/it\/tours\/escursione-da-cagliari-natura-fauna-selvatica\/#breadcrumb","itemListElement":[{"@type":"ListItem","position":1,"name":"Home","item":"https:\/\/www.secretsofsardinia.com\/it\/"},{"@type":"ListItem","position":2,"name":"Shop","item":"https:\/\/www.secretsofsardinia.com\/it\/negozio\/"},{"@type":"ListItem","position":3,"name":"Escursione Natura &#038; Fauna Selvatica"}]},{"@type":"WebSite","@id":"https:\/\/www.secretsofsardinia.com\/it\/#website","url":"https:\/\/www.secretsofsardinia.com\/it\/","name":"Secrets of Sardinia","description":"Tours in Sardinia from Cagliari","publisher":{"@id":"https:\/\/www.secretsofsardinia.com\/it\/#organization"},"alternateName":"secretsofsardinia","potentialAction":[{"@type":"SearchAction","target":{"@type":"EntryPoint","urlTemplate":"https:\/\/www.secretsofsardinia.com\/it\/?s={search_term_string}"},"query-input":{"@type":"PropertyValueSpecification","valueRequired":true,"valueName":"search_term_string"}}],"inLanguage":"it-IT"},{"@type":"Organization","@id":"https:\/\/www.secretsofsardinia.com\/it\/#organization","name":"Secrets of Sardinia","alternateName":"secretsofsardinia","url":"https:\/\/www.secretsofsardinia.com\/it\/","logo":{"@type":"ImageObject","inLanguage":"it-IT","@id":"https:\/\/www.secretsofsardinia.com\/it\/#\/schema\/logo\/image\/","url":"https:\/\/www.secretsofsardinia.com\/wp-content\/uploads\/2026\/01\/logo-secretsofsardinia.jpg","contentUrl":"https:\/\/www.secretsofsardinia.com\/wp-content\/uploads\/2026\/01\/logo-secretsofsardinia.jpg","width":696,"height":696,"caption":"Secrets of Sardinia"},"image":{"@id":"https:\/\/www.secretsofsardinia.com\/it\/#\/schema\/logo\/image\/"},"sameAs":["https:\/\/www.facebook.com\/secretsofsardinia","https:\/\/x.com\/secretssardinia","http:\/\/www.twitter.com\/secretsofsardinia","https:\/\/it.pinterest.com\/sardiniasecrets","https:\/\/www.tiktok.com\/@secretsofsardinia","https:\/\/www.youtube.com\/channel\/UCqnaiBWYpXJbxyw6cE3unMA"],"description":"We organise Tours, Shore Excursions, Beach Tours and Roundtrips in Sardinia with start from Cagliari","email":"info@secretsofsardinia.com","telephone":"+393924114852","legalName":"Secrets of Sardinia di Dirk Kastner","foundingDate":"2011-01-16","vatID":"IT-03483330928","numberOfEmployees":{"@type":"QuantitativeValue","minValue":"1","maxValue":"10"}}]}},"_links":{"self":[{"href":"https:\/\/www.secretsofsardinia.com\/it\/wp-json\/wp\/v2\/product\/11510","targetHints":{"allow":["GET"]}}],"collection":[{"href":"https:\/\/www.secretsofsardinia.com\/it\/wp-json\/wp\/v2\/product"}],"about":[{"href":"https:\/\/www.secretsofsardinia.com\/it\/wp-json\/wp\/v2\/types\/product"}],"wp:featuredmedia":[{"embeddable":true,"href":"https:\/\/www.secretsofsardinia.com\/it\/wp-json\/wp\/v2\/media\/12463"}],"wp:attachment":[{"href":"https:\/\/www.secretsofsardinia.com\/it\/wp-json\/wp\/v2\/media?parent=11510"}],"wp:term":[{"taxonomy":"product_brand","embeddable":true,"href":"https:\/\/www.secretsofsardinia.com\/it\/wp-json\/wp\/v2\/product_brand?post=11510"},{"taxonomy":"product_cat","embeddable":true,"href":"https:\/\/www.secretsofsardinia.com\/it\/wp-json\/wp\/v2\/product_cat?post=11510"},{"taxonomy":"product_tag","embeddable":true,"href":"https:\/\/www.secretsofsardinia.com\/it\/wp-json\/wp\/v2\/product_tag?post=11510"}],"curies":[{"name":"wp","href":"https:\/\/api.w.org\/{rel}","templated":true}]}}